{"id":1249,"date":"2020-06-13T19:17:44","date_gmt":"2020-06-13T17:17:44","guid":{"rendered":"https:\/\/temislaw.ch\/nachrichten\/"},"modified":"2021-03-05T20:51:47","modified_gmt":"2021-03-05T18:51:47","slug":"nachrichten","status":"publish","type":"page","link":"http:\/\/temislaw.ch\/de\/nachrichten\/","title":{"rendered":"News &#038; Insights"},"content":{"rendered":"<p>[et_pb_section fb_built=&#8220;1&#8243; _builder_version=&#8220;4.4.4&#8243; background_enable_color=&#8220;off&#8220; custom_margin=&#8220;0px||0px||true|false&#8220; custom_padding=&#8220;0px||0px||true|false&#8220;][et_pb_row _builder_version=&#8220;4.4.4&#8243; custom_margin=&#8220;0px||0px||true|false&#8220; custom_padding=&#8220;0px||0px||true|false&#8220;][et_pb_column type=&#8220;4_4&#8243; _builder_version=&#8220;4.4.4&#8243;][et_pb_cta title=&#8220;News &amp; Insights&#8220; _builder_version=&#8220;4.4.4&#8243; header_level=&#8220;h1&#8243; header_font=&#8220;|600|||||||&#8220; header_text_align=&#8220;left&#8220; header_text_color=&#8220;#363f52&#8243; header_font_size=&#8220;40px&#8220; header_line_height=&#8220;1.1em&#8220; body_text_align=&#8220;center&#8220; body_text_color=&#8220;#d3b375&#8243; body_font_size=&#8220;25px&#8220; body_line_height=&#8220;1.5em&#8220; background_enable_color=&#8220;off&#8220; background_enable_image=&#8220;off&#8220; background_position=&#8220;bottom_center&#8220; custom_padding=&#8220;10vh|0px|5vh|0px|false|true&#8220; hover_enabled=&#8220;0&#8243;][\/et_pb_cta][\/et_pb_column][\/et_pb_row][\/et_pb_section][et_pb_section fb_built=&#8220;1&#8243; _builder_version=&#8220;4.3.3&#8243; custom_padding=&#8220;0px||47px||false|&#8220;][et_pb_row column_structure=&#8220;3_4,1_4&#8243; use_custom_gutter=&#8220;on&#8220; gutter_width=&#8220;2&#8243; _builder_version=&#8220;4.4.4&#8243;][et_pb_column type=&#8220;3_4&#8243; _builder_version=&#8220;4.4.4&#8243;][et_pb_blog fullwidth=&#8220;off&#8220; include_categories=&#8220;all&#8220; excerpt_length=&#8220;100&#8243; show_more=&#8220;on&#8220; _builder_version=&#8220;4.4.4&#8243; header_font=&#8220;|700|||||||&#8220; header_font_size=&#8220;20px&#8220; custom_css_title=&#8220;min-height: 70px !important;&#8220; custom_css_read_more=&#8220;background-color: #354359;||padding: 5px 10px;||float: right;&#8220; border_width_all=&#8220;0px&#8220; border_color_all=&#8220;#363f52&#8243;][\/et_pb_blog][\/et_pb_column][et_pb_column type=&#8220;1_4&#8243; _builder_version=&#8220;4.4.4&#8243;][et_pb_sidebar _builder_version=&#8220;4.4.4&#8243; custom_padding=&#8220;|0px||0px|false|true&#8220; border_color_right=&#8220;rgba(0,0,0,0)&#8220;][\/et_pb_sidebar][\/et_pb_column][\/et_pb_row][\/et_pb_section]<\/p>\n","protected":false},"excerpt":{"rendered":"","protected":false},"author":1,"featured_media":0,"parent":0,"menu_order":4,"comment_status":"closed","ping_status":"closed","template":"","meta":{"_et_pb_use_builder":"on","_et_pb_old_content":"","_et_gb_content_width":"","footnotes":""},"class_list":["post-1249","page","type-page","status-publish","hentry"],"yoast_head":"<!-- This site is optimized with the Yoast SEO plugin v27.3 - https:\/\/yoast.com\/product\/yoast-seo-wordpress\/ -->\n<title>News &amp; Insights - Temis Law<\/title>\n<meta name=\"description\" content=\"Informieren Sie sich \u00fcber die neuesten Entwicklungen in der Gesetzgebung zur spanischen Gesetzgebung. Seien Sie auf dem Laufenden \u00fcber die Sektoren, die Sie als Erbschaften betreffen k\u00f6nnen ...\" \/>\n<meta name=\"robots\" content=\"index, follow, max-snippet:-1, max-image-preview:large, max-video-preview:-1\" \/>\n<link rel=\"canonical\" href=\"http:\/\/temislaw.ch\/de\/nachrichten\/\" \/>\n<meta property=\"og:locale\" content=\"de_DE\" \/>\n<meta property=\"og:type\" content=\"article\" \/>\n<meta property=\"og:title\" content=\"News &amp; Insights - Temis Law\" \/>\n<meta property=\"og:description\" content=\"Informieren Sie sich \u00fcber die neuesten Entwicklungen in der Gesetzgebung zur spanischen Gesetzgebung. Seien Sie auf dem Laufenden \u00fcber die Sektoren, die Sie als Erbschaften betreffen k\u00f6nnen ...\" \/>\n<meta property=\"og:url\" content=\"http:\/\/temislaw.ch\/de\/nachrichten\/\" \/>\n<meta property=\"og:site_name\" content=\"Temis Law\" \/>\n<meta property=\"article:modified_time\" content=\"2021-03-05T18:51:47+00:00\" \/>\n<meta name=\"twitter:card\" content=\"summary_large_image\" \/>\n<meta name=\"twitter:label1\" content=\"Gesch\u00e4tzte Lesezeit\" \/>\n\t<meta name=\"twitter:data1\" content=\"1\u00a0Minute\" \/>\n<script type=\"application\/ld+json\" class=\"yoast-schema-graph\">{\"@context\":\"https:\\\/\\\/schema.org\",\"@graph\":[{\"@type\":\"WebPage\",\"@id\":\"http:\\\/\\\/temislaw.ch\\\/de\\\/nachrichten\\\/\",\"url\":\"http:\\\/\\\/temislaw.ch\\\/de\\\/nachrichten\\\/\",\"name\":\"News & Insights - Temis Law\",\"isPartOf\":{\"@id\":\"https:\\\/\\\/temislaw.ch\\\/de\\\/#website\"},\"datePublished\":\"2020-06-13T17:17:44+00:00\",\"dateModified\":\"2021-03-05T18:51:47+00:00\",\"description\":\"Informieren Sie sich \u00fcber die neuesten Entwicklungen in der Gesetzgebung zur spanischen Gesetzgebung. Seien Sie auf dem Laufenden \u00fcber die Sektoren, die Sie als Erbschaften betreffen k\u00f6nnen ...\",\"breadcrumb\":{\"@id\":\"http:\\\/\\\/temislaw.ch\\\/de\\\/nachrichten\\\/#breadcrumb\"},\"inLanguage\":\"de\",\"potentialAction\":[{\"@type\":\"ReadAction\",\"target\":[\"http:\\\/\\\/temislaw.ch\\\/de\\\/nachrichten\\\/\"]}]},{\"@type\":\"BreadcrumbList\",\"@id\":\"http:\\\/\\\/temislaw.ch\\\/de\\\/nachrichten\\\/#breadcrumb\",\"itemListElement\":[{\"@type\":\"ListItem\",\"position\":1,\"name\":\"Home\",\"item\":\"https:\\\/\\\/temislaw.ch\\\/de\\\/\"},{\"@type\":\"ListItem\",\"position\":2,\"name\":\"News &#038; Insights\"}]},{\"@type\":\"WebSite\",\"@id\":\"https:\\\/\\\/temislaw.ch\\\/de\\\/#website\",\"url\":\"https:\\\/\\\/temislaw.ch\\\/de\\\/\",\"name\":\"Temis Law\",\"description\":\"Abogados y asesores fiscales en Z\u00fcrich\",\"publisher\":{\"@id\":\"https:\\\/\\\/temislaw.ch\\\/de\\\/#organization\"},\"potentialAction\":[{\"@type\":\"SearchAction\",\"target\":{\"@type\":\"EntryPoint\",\"urlTemplate\":\"https:\\\/\\\/temislaw.ch\\\/de\\\/?s={search_term_string}\"},\"query-input\":{\"@type\":\"PropertyValueSpecification\",\"valueRequired\":true,\"valueName\":\"search_term_string\"}}],\"inLanguage\":\"de\"},{\"@type\":\"Organization\",\"@id\":\"https:\\\/\\\/temislaw.ch\\\/de\\\/#organization\",\"name\":\"Temis Law\",\"url\":\"https:\\\/\\\/temislaw.ch\\\/de\\\/\",\"logo\":{\"@type\":\"ImageObject\",\"inLanguage\":\"de\",\"@id\":\"https:\\\/\\\/temislaw.ch\\\/de\\\/#\\\/schema\\\/logo\\\/image\\\/\",\"url\":\"http:\\\/\\\/temislaw.ch\\\/wp-content\\\/uploads\\\/TemisLaw_color.png\",\"contentUrl\":\"http:\\\/\\\/temislaw.ch\\\/wp-content\\\/uploads\\\/TemisLaw_color.png\",\"width\":1920,\"height\":450,\"caption\":\"Temis Law\"},\"image\":{\"@id\":\"https:\\\/\\\/temislaw.ch\\\/de\\\/#\\\/schema\\\/logo\\\/image\\\/\"},\"sameAs\":[\"https:\\\/\\\/es.linkedin.com\\\/company\\\/temis-law-international-lawyers\"]}]}<\/script>\n<!-- \/ Yoast SEO plugin. -->","yoast_head_json":{"title":"News & Insights - Temis Law","description":"Informieren Sie sich \u00fcber die neuesten Entwicklungen in der Gesetzgebung zur spanischen Gesetzgebung. Seien Sie auf dem Laufenden \u00fcber die Sektoren, die Sie als Erbschaften betreffen k\u00f6nnen ...","robots":{"index":"index","follow":"follow","max-snippet":"max-snippet:-1","max-image-preview":"max-image-preview:large","max-video-preview":"max-video-preview:-1"},"canonical":"http:\/\/temislaw.ch\/de\/nachrichten\/","og_locale":"de_DE","og_type":"article","og_title":"News & Insights - Temis Law","og_description":"Informieren Sie sich \u00fcber die neuesten Entwicklungen in der Gesetzgebung zur spanischen Gesetzgebung. Seien Sie auf dem Laufenden \u00fcber die Sektoren, die Sie als Erbschaften betreffen k\u00f6nnen ...","og_url":"http:\/\/temislaw.ch\/de\/nachrichten\/","og_site_name":"Temis Law","article_modified_time":"2021-03-05T18:51:47+00:00","twitter_card":"summary_large_image","twitter_misc":{"Gesch\u00e4tzte Lesezeit":"1\u00a0Minute"},"schema":{"@context":"https:\/\/schema.org","@graph":[{"@type":"WebPage","@id":"http:\/\/temislaw.ch\/de\/nachrichten\/","url":"http:\/\/temislaw.ch\/de\/nachrichten\/","name":"News & Insights - Temis Law","isPartOf":{"@id":"https:\/\/temislaw.ch\/de\/#website"},"datePublished":"2020-06-13T17:17:44+00:00","dateModified":"2021-03-05T18:51:47+00:00","description":"Informieren Sie sich \u00fcber die neuesten Entwicklungen in der Gesetzgebung zur spanischen Gesetzgebung. Seien Sie auf dem Laufenden \u00fcber die Sektoren, die Sie als Erbschaften betreffen k\u00f6nnen ...","breadcrumb":{"@id":"http:\/\/temislaw.ch\/de\/nachrichten\/#breadcrumb"},"inLanguage":"de","potentialAction":[{"@type":"ReadAction","target":["http:\/\/temislaw.ch\/de\/nachrichten\/"]}]},{"@type":"BreadcrumbList","@id":"http:\/\/temislaw.ch\/de\/nachrichten\/#breadcrumb","itemListElement":[{"@type":"ListItem","position":1,"name":"Home","item":"https:\/\/temislaw.ch\/de\/"},{"@type":"ListItem","position":2,"name":"News &#038; Insights"}]},{"@type":"WebSite","@id":"https:\/\/temislaw.ch\/de\/#website","url":"https:\/\/temislaw.ch\/de\/","name":"Temis Law","description":"Abogados y asesores fiscales en Z\u00fcrich","publisher":{"@id":"https:\/\/temislaw.ch\/de\/#organization"},"potentialAction":[{"@type":"SearchAction","target":{"@type":"EntryPoint","urlTemplate":"https:\/\/temislaw.ch\/de\/?s={search_term_string}"},"query-input":{"@type":"PropertyValueSpecification","valueRequired":true,"valueName":"search_term_string"}}],"inLanguage":"de"},{"@type":"Organization","@id":"https:\/\/temislaw.ch\/de\/#organization","name":"Temis Law","url":"https:\/\/temislaw.ch\/de\/","logo":{"@type":"ImageObject","inLanguage":"de","@id":"https:\/\/temislaw.ch\/de\/#\/schema\/logo\/image\/","url":"http:\/\/temislaw.ch\/wp-content\/uploads\/TemisLaw_color.png","contentUrl":"http:\/\/temislaw.ch\/wp-content\/uploads\/TemisLaw_color.png","width":1920,"height":450,"caption":"Temis Law"},"image":{"@id":"https:\/\/temislaw.ch\/de\/#\/schema\/logo\/image\/"},"sameAs":["https:\/\/es.linkedin.com\/company\/temis-law-international-lawyers"]}]}},"_links":{"self":[{"href":"http:\/\/temislaw.ch\/de\/wp-json\/wp\/v2\/pages\/1249","targetHints":{"allow":["GET"]}}],"collection":[{"href":"http:\/\/temislaw.ch\/de\/wp-json\/wp\/v2\/pages"}],"about":[{"href":"http:\/\/temislaw.ch\/de\/wp-json\/wp\/v2\/types\/page"}],"author":[{"embeddable":true,"href":"http:\/\/temislaw.ch\/de\/wp-json\/wp\/v2\/users\/1"}],"replies":[{"embeddable":true,"href":"http:\/\/temislaw.ch\/de\/wp-json\/wp\/v2\/comments?post=1249"}],"version-history":[{"count":4,"href":"http:\/\/temislaw.ch\/de\/wp-json\/wp\/v2\/pages\/1249\/revisions"}],"predecessor-version":[{"id":1469,"href":"http:\/\/temislaw.ch\/de\/wp-json\/wp\/v2\/pages\/1249\/revisions\/1469"}],"wp:attachment":[{"href":"http:\/\/temislaw.ch\/de\/wp-json\/wp\/v2\/media?parent=1249"}],"curies":[{"name":"wp","href":"https:\/\/api.w.org\/{rel}","templated":true}]}}