{"id":1257,"date":"2020-06-14T06:46:19","date_gmt":"2020-06-14T04:46:19","guid":{"rendered":"https:\/\/temislaw.ch\/home\/"},"modified":"2021-03-05T21:58:58","modified_gmt":"2021-03-05T19:58:58","slug":"home","status":"publish","type":"page","link":"http:\/\/temislaw.ch\/de\/","title":{"rendered":"Home"},"content":{"rendered":"<p>[et_pb_section fb_built=&#8220;1&#8243; _builder_version=&#8220;4.3.3&#8243; custom_margin=&#8220;0px||0px||true|false&#8220; custom_padding=&#8220;0px||0px||true|false&#8220;][et_pb_row _builder_version=&#8220;4.3.3&#8243; background_enable_image=&#8220;off&#8220; width=&#8220;100%&#8220; max_width=&#8220;2560px&#8220; custom_margin=&#8220;0px||0px||true|false&#8220; custom_padding=&#8220;0px||0px||true|false&#8220;][et_pb_column type=&#8220;4_4&#8243; _builder_version=&#8220;4.3.3&#8243;][et_pb_slider arrows_custom_color=&#8220;#d3b375&#8243; dot_nav_custom_color=&#8220;#d3b375&#8243; _builder_version=&#8220;4.4.4&#8243; header_font=&#8220;|600|||||||&#8220; header_text_color=&#8220;#d3b375&#8243; header_font_size=&#8220;40px&#8220; header_line_height=&#8220;2em&#8220; body_font=&#8220;|600|||||||&#8220; body_text_color=&#8220;#d3b375&#8243; body_font_size=&#8220;20px&#8220; body_line_height=&#8220;1.5em&#8220; custom_padding=&#8220;20vh||20vh||true|false&#8220; auto=&#8220;on&#8220; header_line_height_tablet=&#8220;1em&#8220; header_line_height_phone=&#8220;&#8220; header_line_height_last_edited=&#8220;on|phone&#8220;][et_pb_slide heading=&#8220;Spanische Anw\u00e4lte und Rechtsberater in Z\u00fcrich&#8220; _builder_version=&#8220;4.4.4&#8243; header_level=&#8220;h1&#8243; use_background_color_gradient=&#8220;on&#8220; background_color_gradient_start=&#8220;rgba(54,63,82,0.6)&#8220; background_color_gradient_end=&#8220;rgba(54,63,82,0.6)&#8220; background_color_gradient_overlays_image=&#8220;on&#8220; background_image=&#8220;http:\/\/temislaw.ch\/wp-content\/uploads\/zurich.jpg&#8220; background_enable_image=&#8220;on&#8220; custom_padding=&#8220;20vh||20vh||true|false&#8220; header_line_height_last_edited=&#8220;off|tablet&#8220; sticky_transition=&#8220;on&#8220;]<\/p>\n<p>\u00dcber 15 Jahre Expertise in der Beratung von Einzelpersonen und Unternehmen mit Interessen und Verbindungen zu Spanien.<\/p>\n<p>[\/et_pb_slide][et_pb_slide heading=&#8220;Te ayudamos, est\u00e9s donde est\u00e9s&#8220; _builder_version=&#8220;4.4.4&#8243; use_background_color_gradient=&#8220;on&#8220; background_color_gradient_start=&#8220;rgba(54,63,82,0.5)&#8220; background_color_gradient_end=&#8220;rgba(54,63,82,0.5)&#8220; background_color_gradient_overlays_image=&#8220;on&#8220; background_image=&#8220;http:\/\/temislaw.ch\/wp-content\/uploads\/benjamin-gremler-q_TzfAt4NQ8-unsplash_2560x1440.jpg&#8220; background_enable_image=&#8220;on&#8220; background_position=&#8220;top_center&#8220; custom_padding=&#8220;20vh||20vh||true|false&#8220; sticky_transition=&#8220;on&#8220;]<\/p>\n<p>Wir helfen Ihnen, unabh\u00e4ngig von Ihrem Standort. <br \/>Unser gesamtes Team von erfahrenen und fachkundigen Anw\u00e4lten und Rechtsberatern mit Sitz<br \/> in Z\u00fcrich, Barcelona, Madrid und den Balearen stehen Ihnen zur Verf\u00fcgung.\n<\/p>\n<p>[\/et_pb_slide][\/et_pb_slider][\/et_pb_column][\/et_pb_row][\/et_pb_section][et_pb_section fb_built=&#8220;1&#8243; _builder_version=&#8220;4.3.3&#8243; custom_padding=&#8220;50px|||||&#8220;][et_pb_row _builder_version=&#8220;4.3.3&#8243;][et_pb_column type=&#8220;4_4&#8243; _builder_version=&#8220;4.3.3&#8243;][et_pb_text _builder_version=&#8220;4.4.3&#8243; header_2_font_size=&#8220;30px&#8220; header_2_line_height=&#8220;1.3em&#8220; header_3_font=&#8220;|600|||||||&#8220; header_3_text_color=&#8220;#d3b375&#8243; header_3_font_size=&#8220;20px&#8220;]<\/p>\n<h3 style=\"text-align: center;\">DIENSTLEISTUNGEN<\/h3>\n<p>&nbsp;<\/p>\n<h2 style=\"text-align: center;\">Wir k\u00fcmmern uns um Sie, Ihre Familie und Ihre Gesch\u00e4fte<\/h2>\n<p>[\/et_pb_text][\/et_pb_column][\/et_pb_row][et_pb_row column_structure=&#8220;1_2,1_2&#8243; _builder_version=&#8220;4.3.3&#8243;][et_pb_column type=&#8220;1_2&#8243; _builder_version=&#8220;4.3.3&#8243;][et_pb_blurb title=&#8220;Einzelpersonen mit Wohnsitz in der Schweiz&#8220; url=&#8220;http:\/\/temislaw.ch\/de\/dienstleistungen\/einzelpersonen-mit-wohnsit-in-der-schweiz\/&#8220; image=&#8220;http:\/\/temislaw.ch\/wp-content\/uploads\/real-estate-golden-visa-white.png&#8220; _builder_version=&#8220;4.9.1&#8243; header_font=&#8220;|800|||||||&#8220; header_text_align=&#8220;center&#8220; header_text_color=&#8220;#ffffff&#8220; header_font_size=&#8220;20px&#8220; body_text_color=&#8220;#ffffff&#8220; body_font_size=&#8220;17px&#8220; use_background_color_gradient=&#8220;on&#8220; background_color_gradient_start=&#8220;rgba(54,63,82,0.5)&#8220; background_color_gradient_end=&#8220;rgba(54,63,82,0.5)&#8220; background_color_gradient_overlays_image=&#8220;on&#8220; background_image=&#8220;http:\/\/temislaw.ch\/wp-content\/uploads\/marco-meyer-eAAjKAGEKmI-unsplash_600x400.jpg&#8220; text_orientation=&#8220;center&#8220; height=&#8220;300px&#8220; height_tablet=&#8220;&#8220; height_phone=&#8220;350px&#8220; height_last_edited=&#8220;on|tablet&#8220; custom_css_main_element=&#8220;padding: 30px;&#8220;]<\/p>\n<p>Individualisierte L\u00f6sungen und Beratung f\u00fcr die spanische Gemeinschaft in der Schweiz.<\/p>\n<p>[\/et_pb_blurb][\/et_pb_column][et_pb_column type=&#8220;1_2&#8243; _builder_version=&#8220;4.3.3&#8243;][et_pb_blurb title=&#8220;Schweizer und andere Staatsangeh\u00f6rige mit Beziehungen zu Spanien&#8220; url=&#8220;@ET-DC@eyJkeW5hbWljIjp0cnVlLCJjb250ZW50IjoicG9zdF9saW5rX3VybF9wYWdlIiwic2V0dGluZ3MiOnsicG9zdF9pZCI6IjE5MCJ9fQ==@&#8220; image=&#8220;http:\/\/temislaw.ch\/wp-content\/uploads\/real-estate-golden-visa-white.png&#8220; _builder_version=&#8220;4.9.1&#8243; _dynamic_attributes=&#8220;url&#8220; header_font=&#8220;|800|||||||&#8220; header_text_align=&#8220;center&#8220; header_text_color=&#8220;#ffffff&#8220; header_font_size=&#8220;20px&#8220; body_text_color=&#8220;#ffffff&#8220; body_font_size=&#8220;17px&#8220; use_background_color_gradient=&#8220;on&#8220; background_color_gradient_start=&#8220;rgba(54,63,82,0.5)&#8220; background_color_gradient_end=&#8220;rgba(54,63,82,0.5)&#8220; background_color_gradient_overlays_image=&#8220;on&#8220; background_image=&#8220;http:\/\/temislaw.ch\/wp-content\/uploads\/farid-askerov-fYNt79ya0vs-unsplash_600x450.jpg&#8220; text_orientation=&#8220;center&#8220; height=&#8220;300px&#8220; height_tablet=&#8220;&#8220; height_phone=&#8220;350px&#8220; height_last_edited=&#8220;on|phone&#8220; hover_enabled=&#8220;0&#8243; custom_css_main_element=&#8220;padding: 30px;&#8220; sticky_enabled=&#8220;0&#8243;]<\/p>\n<p>Rechtliche und steuerliche Beratung in Zusammenhang mit Transaktionen von Eigentum und Erben in Spanien<\/p>\n<p>[\/et_pb_blurb][\/et_pb_column][\/et_pb_row][et_pb_row column_structure=&#8220;1_2,1_2&#8243; _builder_version=&#8220;4.3.3&#8243;][et_pb_column type=&#8220;1_2&#8243; _builder_version=&#8220;4.3.3&#8243;][et_pb_blurb title=&#8220;Unternehmen mit wirtschaftlichen Beziehungen Spanien-Schweiz &#8220; url=&#8220;@ET-DC@eyJkeW5hbWljIjp0cnVlLCJjb250ZW50IjoicG9zdF9saW5rX3VybF9wYWdlIiwic2V0dGluZ3MiOnsicG9zdF9pZCI6IjM1MyJ9fQ==@&#8220; image=&#8220;http:\/\/temislaw.ch\/wp-content\/uploads\/real-estate-golden-visa-white.png&#8220; _builder_version=&#8220;4.9.1&#8243; _dynamic_attributes=&#8220;url&#8220; header_font=&#8220;|800|||||||&#8220; header_text_align=&#8220;center&#8220; header_text_color=&#8220;#ffffff&#8220; header_font_size=&#8220;20px&#8220; body_text_color=&#8220;#ffffff&#8220; body_font_size=&#8220;17px&#8220; use_background_color_gradient=&#8220;on&#8220; background_color_gradient_start=&#8220;rgba(54,63,82,0.5)&#8220; background_color_gradient_end=&#8220;rgba(54,63,82,0.5)&#8220; background_color_gradient_overlays_image=&#8220;on&#8220; background_image=&#8220;http:\/\/temislaw.ch\/wp-content\/uploads\/ricardo-gomez-angel-1hhvHXKw3Zk-unsplash_600x450.jpg&#8220; text_orientation=&#8220;center&#8220; height=&#8220;300px&#8220; height_tablet=&#8220;&#8220; height_phone=&#8220;350px&#8220; height_last_edited=&#8220;on|phone&#8220; hover_enabled=&#8220;0&#8243; custom_css_main_element=&#8220;padding: 30px;&#8220; sticky_enabled=&#8220;0&#8243;]<\/p>\n<p>Beratung und Begleitung Ihrer Gesch\u00e4ftsangelegenheiten aus Rechtlicher, Steuerlich, Arbeits- und Verwaltungssicht.<\/p>\n<p>[\/et_pb_blurb][\/et_pb_column][et_pb_column type=&#8220;1_2&#8243; _builder_version=&#8220;4.3.3&#8243;][et_pb_blurb title=&#8220;Verm\u00f6gen und Investitionen&#8220; url=&#8220;@ET-DC@eyJkeW5hbWljIjp0cnVlLCJjb250ZW50IjoicG9zdF9saW5rX3VybF9wYWdlIiwic2V0dGluZ3MiOnsicG9zdF9pZCI6IjM2OCJ9fQ==@&#8220; image=&#8220;http:\/\/temislaw.ch\/wp-content\/uploads\/real-estate-golden-visa-white.png&#8220; _builder_version=&#8220;4.4.4&#8243; _dynamic_attributes=&#8220;url&#8220; header_font=&#8220;|800|||||||&#8220; header_text_align=&#8220;center&#8220; header_text_color=&#8220;#ffffff&#8220; header_font_size=&#8220;20px&#8220; body_text_color=&#8220;#ffffff&#8220; body_font_size=&#8220;17px&#8220; use_background_color_gradient=&#8220;on&#8220; background_color_gradient_start=&#8220;rgba(54,63,82,0.5)&#8220; background_color_gradient_end=&#8220;rgba(54,63,82,0.5)&#8220; background_color_gradient_overlays_image=&#8220;on&#8220; background_image=&#8220;http:\/\/temislaw.ch\/wp-content\/uploads\/michael-longmire-3Mu0iQgLQto-unsplash_600x400.jpg&#8220; text_orientation=&#8220;center&#8220; height=&#8220;300px&#8220; height_tablet=&#8220;&#8220; height_phone=&#8220;350px&#8220; height_last_edited=&#8220;on|phone&#8220; custom_css_main_element=&#8220;padding: 30px;&#8220; background__hover_enabled=&#8220;on|desktop&#8220;]<\/p>\n<p>Steuerliche und rechtliche Beratung f\u00fcr Treuhandb\u00fcros, Family Offices und andere K\u00f6rperschaften in der Verm\u00f6gensverwaltung.<\/p>\n<p>[\/et_pb_blurb][\/et_pb_column][\/et_pb_row][\/et_pb_section][et_pb_section fb_built=&#8220;1&#8243; _builder_version=&#8220;4.3.3&#8243; background_color=&#8220;#d3b375&#8243; custom_margin=&#8220;-16px|||||&#8220; global_module=&#8220;69&#8243; saved_tabs=&#8220;all&#8220;][et_pb_row _builder_version=&#8220;4.3.3&#8243;][et_pb_column type=&#8220;4_4&#8243; _builder_version=&#8220;4.3.3&#8243;][et_pb_text _builder_version=&#8220;4.4.8&#8243; header_font=&#8220;|800|||||||&#8220; header_text_color=&#8220;#363f52&#8243; header_font_size=&#8220;35px&#8220; header_2_font=&#8220;|600|||||||&#8220; header_2_font_size=&#8220;30px&#8220;]<\/p>\n<h2 style=\"text-align: center;\">W\u00fcnschen Sie mehr Informationen?<\/h2>\n<h3 style=\"text-align: center;\">Unser Expertenteam steht Ihnen gerne zur Verf\u00fcgung und beratend zur Seite.<\/h3>\n<p>[\/et_pb_text][et_pb_button button_url=&#8220;@ET-DC@eyJkeW5hbWljIjp0cnVlLCJjb250ZW50IjoicG9zdF9saW5rX3VybF9wYWdlIiwic2V0dGluZ3MiOnsicG9zdF9pZCI6IjExNCJ9fQ==@&#8220; button_text=&#8220;KONTAKT&#8220; button_alignment=&#8220;center&#8220; _builder_version=&#8220;4.4.4&#8243; _dynamic_attributes=&#8220;button_url&#8220;][\/et_pb_button][\/et_pb_column][\/et_pb_row][\/et_pb_section]<\/p>\n","protected":false},"excerpt":{"rendered":"<p>\u00dcber 15 Jahre Expertise in der Beratung von Einzelpersonen und Unternehmen mit Interessen und Verbindungen zu Spanien.Wir helfen Ihnen, unabh\u00e4ngig von Ihrem Standort. Unser gesamtes Team von erfahrenen und fachkundigen Anw\u00e4lten und Rechtsberatern mit Sitz in Z\u00fcrich, Barcelona, Madrid und den Balearen stehen Ihnen zur Verf\u00fcgung. DIENSTLEISTUNGEN &nbsp; Wir k\u00fcmmern uns um Sie, Ihre Familie [&hellip;]<\/p>\n","protected":false},"author":1,"featured_media":0,"parent":0,"menu_order":1,"comment_status":"closed","ping_status":"closed","template":"","meta":{"_et_pb_use_builder":"on","_et_pb_old_content":"","_et_gb_content_width":"","footnotes":""},"class_list":["post-1257","page","type-page","status-publish","hentry"],"yoast_head":"<!-- This site is optimized with the Yoast SEO plugin v27.3 - https:\/\/yoast.com\/product\/yoast-seo-wordpress\/ -->\n<title>Abogados y asesores fiscales en Z\u00fcrich - Temis Law<\/title>\n<meta name=\"description\" content=\"\u00dcber 15 Jahre Expertise in der Beratung von Einzelpersonen und Unternehmen mit Interessen und Verbindungen zu Spanien.\" \/>\n<meta name=\"robots\" content=\"index, follow, max-snippet:-1, max-image-preview:large, max-video-preview:-1\" \/>\n<link rel=\"canonical\" href=\"http:\/\/temislaw.ch\/de\/\" \/>\n<meta property=\"og:locale\" content=\"de_DE\" \/>\n<meta property=\"og:type\" content=\"article\" \/>\n<meta property=\"og:title\" content=\"Abogados y asesores fiscales en Z\u00fcrich - Temis Law\" \/>\n<meta property=\"og:description\" content=\"\u00dcber 15 Jahre Expertise in der Beratung von Einzelpersonen und Unternehmen mit Interessen und Verbindungen zu Spanien.\" \/>\n<meta property=\"og:url\" content=\"http:\/\/temislaw.ch\/de\/\" \/>\n<meta property=\"og:site_name\" content=\"Temis Law\" \/>\n<meta property=\"article:modified_time\" content=\"2021-03-05T19:58:58+00:00\" \/>\n<meta name=\"twitter:card\" content=\"summary_large_image\" \/>\n<meta name=\"twitter:label1\" content=\"Gesch\u00e4tzte Lesezeit\" \/>\n\t<meta name=\"twitter:data1\" content=\"6\u00a0Minuten\" \/>\n<script type=\"application\/ld+json\" class=\"yoast-schema-graph\">{\"@context\":\"https:\\\/\\\/schema.org\",\"@graph\":[{\"@type\":\"WebPage\",\"@id\":\"http:\\\/\\\/temislaw.ch\\\/de\\\/\",\"url\":\"http:\\\/\\\/temislaw.ch\\\/de\\\/\",\"name\":\"Abogados y asesores fiscales en Z\u00fcrich - Temis Law\",\"isPartOf\":{\"@id\":\"https:\\\/\\\/temislaw.ch\\\/de\\\/#website\"},\"datePublished\":\"2020-06-14T04:46:19+00:00\",\"dateModified\":\"2021-03-05T19:58:58+00:00\",\"description\":\"\u00dcber 15 Jahre Expertise in der Beratung von Einzelpersonen und Unternehmen mit Interessen und Verbindungen zu Spanien.\",\"breadcrumb\":{\"@id\":\"http:\\\/\\\/temislaw.ch\\\/de\\\/#breadcrumb\"},\"inLanguage\":\"de\",\"potentialAction\":[{\"@type\":\"ReadAction\",\"target\":[\"http:\\\/\\\/temislaw.ch\\\/de\\\/\"]}]},{\"@type\":\"BreadcrumbList\",\"@id\":\"http:\\\/\\\/temislaw.ch\\\/de\\\/#breadcrumb\",\"itemListElement\":[{\"@type\":\"ListItem\",\"position\":1,\"name\":\"Home\",\"item\":\"https:\\\/\\\/temislaw.ch\\\/de\\\/\"},{\"@type\":\"ListItem\",\"position\":2,\"name\":\"Home\"}]},{\"@type\":\"WebSite\",\"@id\":\"https:\\\/\\\/temislaw.ch\\\/de\\\/#website\",\"url\":\"https:\\\/\\\/temislaw.ch\\\/de\\\/\",\"name\":\"Temis Law\",\"description\":\"Abogados y asesores fiscales en Z\u00fcrich\",\"publisher\":{\"@id\":\"https:\\\/\\\/temislaw.ch\\\/de\\\/#organization\"},\"potentialAction\":[{\"@type\":\"SearchAction\",\"target\":{\"@type\":\"EntryPoint\",\"urlTemplate\":\"https:\\\/\\\/temislaw.ch\\\/de\\\/?s={search_term_string}\"},\"query-input\":{\"@type\":\"PropertyValueSpecification\",\"valueRequired\":true,\"valueName\":\"search_term_string\"}}],\"inLanguage\":\"de\"},{\"@type\":\"Organization\",\"@id\":\"https:\\\/\\\/temislaw.ch\\\/de\\\/#organization\",\"name\":\"Temis Law\",\"url\":\"https:\\\/\\\/temislaw.ch\\\/de\\\/\",\"logo\":{\"@type\":\"ImageObject\",\"inLanguage\":\"de\",\"@id\":\"https:\\\/\\\/temislaw.ch\\\/de\\\/#\\\/schema\\\/logo\\\/image\\\/\",\"url\":\"http:\\\/\\\/temislaw.ch\\\/wp-content\\\/uploads\\\/TemisLaw_color.png\",\"contentUrl\":\"http:\\\/\\\/temislaw.ch\\\/wp-content\\\/uploads\\\/TemisLaw_color.png\",\"width\":1920,\"height\":450,\"caption\":\"Temis Law\"},\"image\":{\"@id\":\"https:\\\/\\\/temislaw.ch\\\/de\\\/#\\\/schema\\\/logo\\\/image\\\/\"},\"sameAs\":[\"https:\\\/\\\/es.linkedin.com\\\/company\\\/temis-law-international-lawyers\"]}]}<\/script>\n<!-- \/ Yoast SEO plugin. -->","yoast_head_json":{"title":"Abogados y asesores fiscales en Z\u00fcrich - Temis Law","description":"\u00dcber 15 Jahre Expertise in der Beratung von Einzelpersonen und Unternehmen mit Interessen und Verbindungen zu Spanien.","robots":{"index":"index","follow":"follow","max-snippet":"max-snippet:-1","max-image-preview":"max-image-preview:large","max-video-preview":"max-video-preview:-1"},"canonical":"http:\/\/temislaw.ch\/de\/","og_locale":"de_DE","og_type":"article","og_title":"Abogados y asesores fiscales en Z\u00fcrich - Temis Law","og_description":"\u00dcber 15 Jahre Expertise in der Beratung von Einzelpersonen und Unternehmen mit Interessen und Verbindungen zu Spanien.","og_url":"http:\/\/temislaw.ch\/de\/","og_site_name":"Temis Law","article_modified_time":"2021-03-05T19:58:58+00:00","twitter_card":"summary_large_image","twitter_misc":{"Gesch\u00e4tzte Lesezeit":"6\u00a0Minuten"},"schema":{"@context":"https:\/\/schema.org","@graph":[{"@type":"WebPage","@id":"http:\/\/temislaw.ch\/de\/","url":"http:\/\/temislaw.ch\/de\/","name":"Abogados y asesores fiscales en Z\u00fcrich - Temis Law","isPartOf":{"@id":"https:\/\/temislaw.ch\/de\/#website"},"datePublished":"2020-06-14T04:46:19+00:00","dateModified":"2021-03-05T19:58:58+00:00","description":"\u00dcber 15 Jahre Expertise in der Beratung von Einzelpersonen und Unternehmen mit Interessen und Verbindungen zu Spanien.","breadcrumb":{"@id":"http:\/\/temislaw.ch\/de\/#breadcrumb"},"inLanguage":"de","potentialAction":[{"@type":"ReadAction","target":["http:\/\/temislaw.ch\/de\/"]}]},{"@type":"BreadcrumbList","@id":"http:\/\/temislaw.ch\/de\/#breadcrumb","itemListElement":[{"@type":"ListItem","position":1,"name":"Home","item":"https:\/\/temislaw.ch\/de\/"},{"@type":"ListItem","position":2,"name":"Home"}]},{"@type":"WebSite","@id":"https:\/\/temislaw.ch\/de\/#website","url":"https:\/\/temislaw.ch\/de\/","name":"Temis Law","description":"Abogados y asesores fiscales en Z\u00fcrich","publisher":{"@id":"https:\/\/temislaw.ch\/de\/#organization"},"potentialAction":[{"@type":"SearchAction","target":{"@type":"EntryPoint","urlTemplate":"https:\/\/temislaw.ch\/de\/?s={search_term_string}"},"query-input":{"@type":"PropertyValueSpecification","valueRequired":true,"valueName":"search_term_string"}}],"inLanguage":"de"},{"@type":"Organization","@id":"https:\/\/temislaw.ch\/de\/#organization","name":"Temis Law","url":"https:\/\/temislaw.ch\/de\/","logo":{"@type":"ImageObject","inLanguage":"de","@id":"https:\/\/temislaw.ch\/de\/#\/schema\/logo\/image\/","url":"http:\/\/temislaw.ch\/wp-content\/uploads\/TemisLaw_color.png","contentUrl":"http:\/\/temislaw.ch\/wp-content\/uploads\/TemisLaw_color.png","width":1920,"height":450,"caption":"Temis Law"},"image":{"@id":"https:\/\/temislaw.ch\/de\/#\/schema\/logo\/image\/"},"sameAs":["https:\/\/es.linkedin.com\/company\/temis-law-international-lawyers"]}]}},"_links":{"self":[{"href":"http:\/\/temislaw.ch\/de\/wp-json\/wp\/v2\/pages\/1257","targetHints":{"allow":["GET"]}}],"collection":[{"href":"http:\/\/temislaw.ch\/de\/wp-json\/wp\/v2\/pages"}],"about":[{"href":"http:\/\/temislaw.ch\/de\/wp-json\/wp\/v2\/types\/page"}],"author":[{"embeddable":true,"href":"http:\/\/temislaw.ch\/de\/wp-json\/wp\/v2\/users\/1"}],"replies":[{"embeddable":true,"href":"http:\/\/temislaw.ch\/de\/wp-json\/wp\/v2\/comments?post=1257"}],"version-history":[{"count":5,"href":"http:\/\/temislaw.ch\/de\/wp-json\/wp\/v2\/pages\/1257\/revisions"}],"predecessor-version":[{"id":1496,"href":"http:\/\/temislaw.ch\/de\/wp-json\/wp\/v2\/pages\/1257\/revisions\/1496"}],"wp:attachment":[{"href":"http:\/\/temislaw.ch\/de\/wp-json\/wp\/v2\/media?parent=1257"}],"curies":[{"name":"wp","href":"https:\/\/api.w.org\/{rel}","templated":true}]}}