{"id":1322,"date":"2020-06-14T09:40:07","date_gmt":"2020-06-14T07:40:07","guid":{"rendered":"https:\/\/temislaw.ch\/dienstleistungen\/vermoegen-und-investitionen\/"},"modified":"2021-03-05T23:45:16","modified_gmt":"2021-03-05T21:45:16","slug":"vermoegen-und-investitionen","status":"publish","type":"page","link":"http:\/\/temislaw.ch\/de\/dienstleistungen\/vermoegen-und-investitionen\/","title":{"rendered":"Verm\u00f6gen und Investitionen"},"content":{"rendered":"<p>[et_pb_section fb_built=&#8220;1&#8243; _builder_version=&#8220;4.3.3&#8243; custom_margin=&#8220;0px||0px||true|false&#8220; custom_padding=&#8220;0px||0px||true|false&#8220;][et_pb_row _builder_version=&#8220;4.3.3&#8243; width=&#8220;100%&#8220; max_width=&#8220;2560px&#8220; custom_margin=&#8220;0px||0px||true|false&#8220; custom_padding=&#8220;0px||0px||true|false&#8220;][et_pb_column type=&#8220;4_4&#8243; _builder_version=&#8220;4.3.3&#8243;][et_pb_cta title=&#8220;@ET-DC@eyJkeW5hbWljIjp0cnVlLCJjb250ZW50IjoicG9zdF90aXRsZSIsInNldHRpbmdzIjp7ImJlZm9yZSI6IiIsImFmdGVyIjoiIn19@&#8220; _builder_version=&#8220;4.4.4&#8243; _dynamic_attributes=&#8220;title&#8220; header_font=&#8220;|600|||||||&#8220; header_text_align=&#8220;center&#8220; header_text_color=&#8220;#d3b375&#8243; header_font_size=&#8220;40px&#8220; body_text_align=&#8220;center&#8220; body_text_color=&#8220;#d3b375&#8243; body_font_size=&#8220;25px&#8220; body_line_height=&#8220;1.5em&#8220; background_color=&#8220;#d3b375&#8243; use_background_color_gradient=&#8220;on&#8220; background_color_gradient_start=&#8220;rgba(54,63,82,0.5)&#8220; background_color_gradient_end=&#8220;rgba(54,63,82,0.5)&#8220; background_color_gradient_overlays_image=&#8220;on&#8220; background_image=&#8220;http:\/\/temislaw.ch\/wp-content\/uploads\/michael-longmire-3Mu0iQgLQto-unsplash_2560x1707.jpg&#8220; custom_padding=&#8220;20vh||20vh||true|false&#8220; hover_enabled=&#8220;0&#8243; header_line_height_tablet=&#8220;1.1em&#8220; header_line_height_phone=&#8220;&#8220; header_line_height_last_edited=&#8220;on|phone&#8220; title_text=&#8220;Patrimonio e inversiones&#8220;][\/et_pb_cta][\/et_pb_column][\/et_pb_row][\/et_pb_section][et_pb_section fb_built=&#8220;1&#8243; _builder_version=&#8220;4.3.3&#8243; custom_padding=&#8220;40px||40px||true|&#8220;][et_pb_row column_structure=&#8220;1_2,1_2&#8243; _builder_version=&#8220;4.3.3&#8243;][et_pb_column type=&#8220;1_2&#8243; _builder_version=&#8220;4.3.3&#8243;][et_pb_blurb use_icon=&#8220;on&#8220; font_icon=&#8220;%%45%%&#8220; icon_color=&#8220;#d3b375&#8243; icon_placement=&#8220;left&#8220; use_icon_font_size=&#8220;on&#8220; icon_font_size=&#8220;30px&#8220; _builder_version=&#8220;4.4.4&#8243; header_line_height=&#8220;40px&#8220;]<\/p>\n<p>Wir beraten Einzelpersonen, Family Offices, Trustees und Anlageberater, im Bereich der internationalen Verm\u00f6gensorganisation wie Steuer und Erbschaft in Bezug auf Verm\u00f6genswerte in Spanien, Andorra, Schweiz, Grossbritannien, Deutschland und Lateinamerika. Wir entwerfen die beste L\u00f6sung f\u00fcr Sie, Ihre Familie oder Ihr Gesch\u00e4ft in allen Themen bez\u00fcglich der Erbfolgeplanung, Testamente, Treuhandverwaltung, Trusts, steuerliche und Verm\u00f6gensverwaltung, einschliesslich die Dienste als Testamentsvollstrecker (executor services). <\/p>\n<p>[\/et_pb_blurb][\/et_pb_column][et_pb_column type=&#8220;1_2&#8243; _builder_version=&#8220;4.4.3&#8243;][et_pb_blurb use_icon=&#8220;on&#8220; font_icon=&#8220;%%45%%&#8220; icon_color=&#8220;#d3b375&#8243; icon_placement=&#8220;left&#8220; use_icon_font_size=&#8220;on&#8220; icon_font_size=&#8220;30px&#8220; _builder_version=&#8220;4.4.3&#8243; header_line_height=&#8220;40px&#8220;]<\/p>\n<p>Wir beraten und befassen uns mit der Gr\u00fcndung von gemeinn\u00fctzigen Organisationen, die sich philanthropische Themen widmen und mit  Familienlegate, mit oder ohne internationale Richtung.<\/p>\n<p>[\/et_pb_blurb][\/et_pb_column][\/et_pb_row][et_pb_row column_structure=&#8220;1_2,1_2&#8243; _builder_version=&#8220;4.3.3&#8243;][et_pb_column type=&#8220;1_2&#8243; _builder_version=&#8220;4.3.3&#8243;][et_pb_blurb use_icon=&#8220;on&#8220; font_icon=&#8220;%%45%%&#8220; icon_color=&#8220;#d3b375&#8243; icon_placement=&#8220;left&#8220; use_icon_font_size=&#8220;on&#8220; icon_font_size=&#8220;30px&#8220; _builder_version=&#8220;4.4.4&#8243; header_line_height=&#8220;40px&#8220;]<\/p>\n<p>Wir organisieren und f\u00fchren Transaktionen zur Einrichtung von SOCIMIs (REIT) in Spanien und Immobilieninvestmentfonds, sowie Anlagestrukturen und deren Verwaltung durch. Zu Ihrem Vorteil k\u00f6nnen unsere Teams und Partner gemeinsam mit den Anlagen- und Verm\u00f6gengsverwalter unserer Kunden zusammenarbeiten.<\/p>\n<p>[\/et_pb_blurb][\/et_pb_column][et_pb_column type=&#8220;1_2&#8243; _builder_version=&#8220;4.4.3&#8243;][et_pb_blurb use_icon=&#8220;on&#8220; font_icon=&#8220;%%45%%&#8220; icon_color=&#8220;#d3b375&#8243; icon_placement=&#8220;left&#8220; use_icon_font_size=&#8220;on&#8220; icon_font_size=&#8220;30px&#8220; _builder_version=&#8220;4.4.4&#8243; header_line_height=&#8220;40px&#8220;]<\/p>\n<p>Wir verhandeln, formalisieren und f\u00fchren Sicherheitseinlagen und pers\u00f6nliche B\u00fcrgschaften f\u00fcr Verm\u00f6genswerte in Spanien, Andorra und die Schweiz aus.\n<\/p>\n<p>[\/et_pb_blurb][\/et_pb_column][\/et_pb_row][\/et_pb_section][et_pb_section fb_built=&#8220;1&#8243; _builder_version=&#8220;4.3.3&#8243; background_color=&#8220;#d3b375&#8243; custom_margin=&#8220;-16px|||||&#8220; global_module=&#8220;69&#8243; saved_tabs=&#8220;all&#8220;][et_pb_row _builder_version=&#8220;4.3.3&#8243;][et_pb_column type=&#8220;4_4&#8243; _builder_version=&#8220;4.3.3&#8243;][et_pb_text _builder_version=&#8220;4.3.3&#8243; header_font=&#8220;|800|||||||&#8220; header_text_color=&#8220;#363f52&#8243; header_font_size=&#8220;35px&#8220; header_2_font=&#8220;|600|||||||&#8220; header_2_font_size=&#8220;30px&#8220;]<\/p>\n<h2 style=\"text-align: center;\">W\u00fcnschen Sie mehr Informationen?<\/h2>\n<h3 style=\"text-align: center;\">Unser Expertenteam steht Ihnen gerne zur Verf\u00fcgung.<\/h3>\n<p>[\/et_pb_text][et_pb_button button_url=&#8220;@ET-DC@eyJkeW5hbWljIjp0cnVlLCJjb250ZW50IjoicG9zdF9saW5rX3VybF9wYWdlIiwic2V0dGluZ3MiOnsicG9zdF9pZCI6IjExNCJ9fQ==@&#8220; button_text=&#8220;KONTAKT&#8220; button_alignment=&#8220;center&#8220; _builder_version=&#8220;4.4.4&#8243; _dynamic_attributes=&#8220;button_url&#8220;][\/et_pb_button][\/et_pb_column][\/et_pb_row][\/et_pb_section][et_pb_section fb_built=&#8220;1&#8243; _builder_version=&#8220;4.3.3&#8243; background_color=&#8220;rgba(54,63,82,0.2)&#8220; global_module=&#8220;268&#8243; saved_tabs=&#8220;all&#8220;][et_pb_row _builder_version=&#8220;4.3.3&#8243;][et_pb_column type=&#8220;4_4&#8243; _builder_version=&#8220;4.3.3&#8243;][et_pb_text _builder_version=&#8220;4.3.3&#8243; header_2_font_size=&#8220;30px&#8220; header_3_font=&#8220;|600|||||||&#8220; header_3_text_color=&#8220;#d3b375&#8243; header_3_font_size=&#8220;20px&#8220;]<\/p>\n<h3 style=\"text-align: center;\">DIENSTLEISTUNGEN<\/h3>\n<h2 style=\"text-align: center;\"><span class=\"tlid-translation translation\" lang=\"es\">Wir k\u00fcmmern uns um Sie, Ihre Familie und Ihre Gesch\u00e4fte<br \/>\n<\/span><\/h2>\n<p>[\/et_pb_text][\/et_pb_column][\/et_pb_row][et_pb_row column_structure=&#8220;1_4,1_4,1_4,1_4&#8243; _builder_version=&#8220;4.3.3&#8243; custom_padding=&#8220;33px||33px||true|&#8220;][et_pb_column type=&#8220;1_4&#8243; _builder_version=&#8220;4.3.3&#8243;][et_pb_blurb title=&#8220;Einzelpersonen mit wohnsit in der Schweiz &#8220; url=&#8220;@ET-DC@eyJkeW5hbWljIjp0cnVlLCJjb250ZW50IjoicG9zdF9saW5rX3VybF9wYWdlIiwic2V0dGluZ3MiOnsicG9zdF9pZCI6IjMyNiJ9fQ==@&#8220; image=&#8220;http:\/\/temislaw.ch\/wp-content\/uploads\/real-estate-golden-visa-blue.png&#8220; _builder_version=&#8220;4.4.4&#8243; _dynamic_attributes=&#8220;url&#8220; header_font=&#8220;|800|||||||&#8220; header_text_align=&#8220;center&#8220; header_font_size=&#8220;22px&#8220; header_line_height=&#8220;1.2em&#8220; min_height=&#8220;330px&#8220; min_height_tablet=&#8220;230px&#8220; min_height_last_edited=&#8220;off|desktop&#8220; custom_margin=&#8220;0px||0px||true|false&#8220; custom_padding=&#8220;||30px||false|false&#8220; link_option_url=&#8220;Mehr Informationen&#8220; custom_css_blurb_title=&#8220;min-height: 110px !important;&#8220;]<\/p>\n<p style=\"text-align: center; \">Individualisierte L\u00f6sungen und Beratung f\u00fcr die spanische Gemeinschaft in der Schweiz.<\/p>\n<p>[\/et_pb_blurb][et_pb_button button_url=&#8220;@ET-DC@eyJkeW5hbWljIjp0cnVlLCJjb250ZW50IjoicG9zdF9saW5rX3VybF9wYWdlIiwic2V0dGluZ3MiOnsicG9zdF9pZCI6IjMyNiJ9fQ==@&#8220; button_text=&#8220;Mehr Informationen&#8220; button_alignment=&#8220;center&#8220; _builder_version=&#8220;4.4.3&#8243; _dynamic_attributes=&#8220;button_url&#8220; custom_button=&#8220;on&#8220; button_text_size=&#8220;16px&#8220; button_font=&#8220;||||||||&#8220; custom_margin=&#8220;0px||0px||true|false&#8220; custom_padding=&#8220;0px||0px||true|false&#8220;][\/et_pb_button][\/et_pb_column][et_pb_column type=&#8220;1_4&#8243; _builder_version=&#8220;4.3.3&#8243;][et_pb_blurb title=&#8220;Schweizer und andere staatsangeh\u00f6rige mit beziehungen zu Spanien&#8220; url=&#8220;@ET-DC@eyJkeW5hbWljIjp0cnVlLCJjb250ZW50IjoicG9zdF9saW5rX3VybF9wYWdlIiwic2V0dGluZ3MiOnsicG9zdF9pZCI6IjE5MCJ9fQ==@&#8220; image=&#8220;http:\/\/temislaw.ch\/wp-content\/uploads\/real-estate-golden-visa-blue.png&#8220; _builder_version=&#8220;4.4.4&#8243; _dynamic_attributes=&#8220;url&#8220; header_font=&#8220;|800|||||||&#8220; header_text_align=&#8220;center&#8220; header_font_size=&#8220;22px&#8220; header_line_height=&#8220;1.2em&#8220; min_height=&#8220;330px&#8220; custom_margin=&#8220;0px||0px||true|false&#8220; custom_padding=&#8220;||30px||false|false&#8220; custom_css_blurb_title=&#8220;min-height: 110px !important;&#8220;]<\/p>\n<p style=\"text-align: center;\">Rechtliche und steuerliche Beratung in Zusammenhang mit Transaktionen von Eigentum und Erben in Spanien.<\/p>\n<p>[\/et_pb_blurb][et_pb_button button_url=&#8220;@ET-DC@eyJkeW5hbWljIjp0cnVlLCJjb250ZW50IjoicG9zdF9saW5rX3VybF9wYWdlIiwic2V0dGluZ3MiOnsicG9zdF9pZCI6IjE5MCJ9fQ==@&#8220; button_text=&#8220;Mehr Informationen&#8220; button_alignment=&#8220;center&#8220; _builder_version=&#8220;4.3.3&#8243; _dynamic_attributes=&#8220;button_url&#8220; custom_button=&#8220;on&#8220; button_text_size=&#8220;16px&#8220; button_font=&#8220;||||||||&#8220; custom_margin=&#8220;0px||0px||true|false&#8220; custom_padding=&#8220;0px||0px||true|false&#8220;][\/et_pb_button][\/et_pb_column][et_pb_column type=&#8220;1_4&#8243; _builder_version=&#8220;4.3.3&#8243;][et_pb_blurb title=&#8220;Unternehmen mit wirtschaftlichen beziehungen Spanien-Schweiz &#8220; url=&#8220;@ET-DC@eyJkeW5hbWljIjp0cnVlLCJjb250ZW50IjoicG9zdF9saW5rX3VybF9wYWdlIiwic2V0dGluZ3MiOnsicG9zdF9pZCI6IjM1MyJ9fQ==@&#8220; image=&#8220;http:\/\/temislaw.ch\/wp-content\/uploads\/real-estate-golden-visa-blue.png&#8220; _builder_version=&#8220;4.4.4&#8243; _dynamic_attributes=&#8220;url&#8220; header_font=&#8220;|800|||||||&#8220; header_text_align=&#8220;center&#8220; header_font_size=&#8220;22px&#8220; header_line_height=&#8220;1.2em&#8220; min_height=&#8220;330px&#8220; custom_margin=&#8220;0px||0px||true|false&#8220; custom_padding=&#8220;||30px||false|false&#8220; custom_css_blurb_title=&#8220;min-height: 110px !important;&#8220; custom_css_blurb_content=&#8220;min-height: 100px !important;&#8220;]<\/p>\n<p style=\"text-align: center;\">Beratung und Begleitung Ihrer Gesch\u00e4ftsangelegenheiten aus Rechtlicher, Steuerlich, Arbeits- und Verwaltungssicht.<\/p>\n<p>[\/et_pb_blurb][et_pb_button button_url=&#8220;@ET-DC@eyJkeW5hbWljIjp0cnVlLCJjb250ZW50IjoicG9zdF9saW5rX3VybF9wYWdlIiwic2V0dGluZ3MiOnsicG9zdF9pZCI6IjM1MyJ9fQ==@&#8220; button_text=&#8220;Mehr Informationen&#8220; button_alignment=&#8220;center&#8220; _builder_version=&#8220;4.3.3&#8243; _dynamic_attributes=&#8220;button_url&#8220; custom_button=&#8220;on&#8220; button_text_size=&#8220;16px&#8220; button_font=&#8220;||||||||&#8220; custom_margin=&#8220;0px||0px||true|false&#8220; custom_padding=&#8220;0px||0px||true|false&#8220;][\/et_pb_button][\/et_pb_column][et_pb_column type=&#8220;1_4&#8243; _builder_version=&#8220;4.3.3&#8243;][et_pb_blurb title=&#8220;Verm\u00f6gen und investitionen &#8220; url=&#8220;@ET-DC@eyJkeW5hbWljIjp0cnVlLCJjb250ZW50IjoicG9zdF9saW5rX3VybF9wYWdlIiwic2V0dGluZ3MiOnsicG9zdF9pZCI6IjM2OCJ9fQ==@&#8220; image=&#8220;http:\/\/temislaw.ch\/wp-content\/uploads\/real-estate-golden-visa-blue.png&#8220; _builder_version=&#8220;4.4.4&#8243; _dynamic_attributes=&#8220;url&#8220; header_font=&#8220;|800|||||||&#8220; header_text_align=&#8220;center&#8220; header_font_size=&#8220;22px&#8220; header_line_height=&#8220;1.2em&#8220; min_height=&#8220;330px&#8220; custom_margin=&#8220;0px||0px||true|false&#8220; custom_padding=&#8220;||30px||false|false&#8220; custom_css_blurb_title=&#8220;min-height: 110px !important;&#8220; custom_css_blurb_content=&#8220;min-height: 100px !important;&#8220;]<\/p>\n<p style=\"text-align: center;\">Steuerliche und rechtliche Beratung f\u00fcr Treuhandb\u00fcros, Family Offices und andere K\u00f6rperschaften in der Verm\u00f6gensverwaltung.<\/p>\n<p>[\/et_pb_blurb][et_pb_button button_url=&#8220;@ET-DC@eyJkeW5hbWljIjp0cnVlLCJjb250ZW50IjoicG9zdF9saW5rX3VybF9wYWdlIiwic2V0dGluZ3MiOnsicG9zdF9pZCI6IjM2OCJ9fQ==@&#8220; button_text=&#8220;Mehr Informationen&#8220; button_alignment=&#8220;center&#8220; _builder_version=&#8220;4.3.3&#8243; _dynamic_attributes=&#8220;button_url&#8220; custom_button=&#8220;on&#8220; button_text_size=&#8220;16px&#8220; button_font=&#8220;||||||||&#8220; custom_margin=&#8220;0px||0px||true|false&#8220; custom_padding=&#8220;0px||0px||true|false&#8220;][\/et_pb_button][\/et_pb_column][\/et_pb_row][\/et_pb_section]<\/p>\n","protected":false},"excerpt":{"rendered":"<p>Wir beraten Einzelpersonen, Family Offices, Trustees und Anlageberater, im Bereich der internationalen Verm\u00f6gensorganisation wie Steuer und Erbschaft in Bezug auf Verm\u00f6genswerte in Spanien, Andorra, Schweiz, Grossbritannien, Deutschland und Lateinamerika. Wir entwerfen die beste L\u00f6sung f\u00fcr Sie, Ihre Familie oder Ihr Gesch\u00e4ft in allen Themen bez\u00fcglich der Erbfolgeplanung, Testamente, Treuhandverwaltung, Trusts, steuerliche und Verm\u00f6gensverwaltung, einschliesslich die [&hellip;]<\/p>\n","protected":false},"author":1,"featured_media":0,"parent":1251,"menu_order":7,"comment_status":"closed","ping_status":"closed","template":"","meta":{"_et_pb_use_builder":"on","_et_pb_old_content":"","_et_gb_content_width":"","footnotes":""},"class_list":["post-1322","page","type-page","status-publish","hentry"],"yoast_head":"<!-- This site is optimized with the Yoast SEO plugin v27.3 - https:\/\/yoast.com\/product\/yoast-seo-wordpress\/ -->\n<title>Verm\u00f6gen und Investitionen - Temis Law<\/title>\n<meta name=\"description\" content=\"Wir beraten Einzelpersonen, Family Offices, Treuh\u00e4nder und Anlageberater im Bereich der internationalen Verm\u00f6gensverwaltung wie Steuern und Erbschaften.\" \/>\n<meta name=\"robots\" content=\"index, follow, max-snippet:-1, max-image-preview:large, max-video-preview:-1\" \/>\n<link rel=\"canonical\" href=\"http:\/\/temislaw.ch\/de\/dienstleistungen\/vermoegen-und-investitionen\/\" \/>\n<meta property=\"og:locale\" content=\"de_DE\" \/>\n<meta property=\"og:type\" content=\"article\" \/>\n<meta property=\"og:title\" content=\"Verm\u00f6gen und Investitionen - Temis Law\" \/>\n<meta property=\"og:description\" content=\"Wir beraten Einzelpersonen, Family Offices, Treuh\u00e4nder und Anlageberater im Bereich der internationalen Verm\u00f6gensverwaltung wie Steuern und Erbschaften.\" \/>\n<meta property=\"og:url\" content=\"http:\/\/temislaw.ch\/de\/dienstleistungen\/vermoegen-und-investitionen\/\" \/>\n<meta property=\"og:site_name\" content=\"Temis Law\" \/>\n<meta property=\"article:modified_time\" content=\"2021-03-05T21:45:16+00:00\" \/>\n<meta name=\"twitter:card\" content=\"summary_large_image\" \/>\n<meta name=\"twitter:label1\" content=\"Gesch\u00e4tzte Lesezeit\" \/>\n\t<meta name=\"twitter:data1\" content=\"7\u00a0Minuten\" \/>\n<script type=\"application\/ld+json\" class=\"yoast-schema-graph\">{\"@context\":\"https:\\\/\\\/schema.org\",\"@graph\":[{\"@type\":\"WebPage\",\"@id\":\"http:\\\/\\\/temislaw.ch\\\/de\\\/dienstleistungen\\\/vermoegen-und-investitionen\\\/\",\"url\":\"http:\\\/\\\/temislaw.ch\\\/de\\\/dienstleistungen\\\/vermoegen-und-investitionen\\\/\",\"name\":\"Verm\u00f6gen und Investitionen - Temis Law\",\"isPartOf\":{\"@id\":\"https:\\\/\\\/temislaw.ch\\\/de\\\/#website\"},\"datePublished\":\"2020-06-14T07:40:07+00:00\",\"dateModified\":\"2021-03-05T21:45:16+00:00\",\"description\":\"Wir beraten Einzelpersonen, Family Offices, Treuh\u00e4nder und Anlageberater im Bereich der internationalen Verm\u00f6gensverwaltung wie Steuern und Erbschaften.\",\"breadcrumb\":{\"@id\":\"http:\\\/\\\/temislaw.ch\\\/de\\\/dienstleistungen\\\/vermoegen-und-investitionen\\\/#breadcrumb\"},\"inLanguage\":\"de\",\"potentialAction\":[{\"@type\":\"ReadAction\",\"target\":[\"http:\\\/\\\/temislaw.ch\\\/de\\\/dienstleistungen\\\/vermoegen-und-investitionen\\\/\"]}]},{\"@type\":\"BreadcrumbList\",\"@id\":\"http:\\\/\\\/temislaw.ch\\\/de\\\/dienstleistungen\\\/vermoegen-und-investitionen\\\/#breadcrumb\",\"itemListElement\":[{\"@type\":\"ListItem\",\"position\":1,\"name\":\"Home\",\"item\":\"https:\\\/\\\/temislaw.ch\\\/de\\\/\"},{\"@type\":\"ListItem\",\"position\":2,\"name\":\"Dienstleistungen\",\"item\":\"https:\\\/\\\/temislaw.ch\\\/de\\\/dienstleistungen\\\/\"},{\"@type\":\"ListItem\",\"position\":3,\"name\":\"Verm\u00f6gen und Investitionen\"}]},{\"@type\":\"WebSite\",\"@id\":\"https:\\\/\\\/temislaw.ch\\\/de\\\/#website\",\"url\":\"https:\\\/\\\/temislaw.ch\\\/de\\\/\",\"name\":\"Temis Law\",\"description\":\"Abogados y asesores fiscales en Z\u00fcrich\",\"publisher\":{\"@id\":\"https:\\\/\\\/temislaw.ch\\\/de\\\/#organization\"},\"potentialAction\":[{\"@type\":\"SearchAction\",\"target\":{\"@type\":\"EntryPoint\",\"urlTemplate\":\"https:\\\/\\\/temislaw.ch\\\/de\\\/?s={search_term_string}\"},\"query-input\":{\"@type\":\"PropertyValueSpecification\",\"valueRequired\":true,\"valueName\":\"search_term_string\"}}],\"inLanguage\":\"de\"},{\"@type\":\"Organization\",\"@id\":\"https:\\\/\\\/temislaw.ch\\\/de\\\/#organization\",\"name\":\"Temis Law\",\"url\":\"https:\\\/\\\/temislaw.ch\\\/de\\\/\",\"logo\":{\"@type\":\"ImageObject\",\"inLanguage\":\"de\",\"@id\":\"https:\\\/\\\/temislaw.ch\\\/de\\\/#\\\/schema\\\/logo\\\/image\\\/\",\"url\":\"http:\\\/\\\/temislaw.ch\\\/wp-content\\\/uploads\\\/TemisLaw_color.png\",\"contentUrl\":\"http:\\\/\\\/temislaw.ch\\\/wp-content\\\/uploads\\\/TemisLaw_color.png\",\"width\":1920,\"height\":450,\"caption\":\"Temis Law\"},\"image\":{\"@id\":\"https:\\\/\\\/temislaw.ch\\\/de\\\/#\\\/schema\\\/logo\\\/image\\\/\"},\"sameAs\":[\"https:\\\/\\\/es.linkedin.com\\\/company\\\/temis-law-international-lawyers\"]}]}<\/script>\n<!-- \/ Yoast SEO plugin. -->","yoast_head_json":{"title":"Verm\u00f6gen und Investitionen - Temis Law","description":"Wir beraten Einzelpersonen, Family Offices, Treuh\u00e4nder und Anlageberater im Bereich der internationalen Verm\u00f6gensverwaltung wie Steuern und Erbschaften.","robots":{"index":"index","follow":"follow","max-snippet":"max-snippet:-1","max-image-preview":"max-image-preview:large","max-video-preview":"max-video-preview:-1"},"canonical":"http:\/\/temislaw.ch\/de\/dienstleistungen\/vermoegen-und-investitionen\/","og_locale":"de_DE","og_type":"article","og_title":"Verm\u00f6gen und Investitionen - Temis Law","og_description":"Wir beraten Einzelpersonen, Family Offices, Treuh\u00e4nder und Anlageberater im Bereich der internationalen Verm\u00f6gensverwaltung wie Steuern und Erbschaften.","og_url":"http:\/\/temislaw.ch\/de\/dienstleistungen\/vermoegen-und-investitionen\/","og_site_name":"Temis Law","article_modified_time":"2021-03-05T21:45:16+00:00","twitter_card":"summary_large_image","twitter_misc":{"Gesch\u00e4tzte Lesezeit":"7\u00a0Minuten"},"schema":{"@context":"https:\/\/schema.org","@graph":[{"@type":"WebPage","@id":"http:\/\/temislaw.ch\/de\/dienstleistungen\/vermoegen-und-investitionen\/","url":"http:\/\/temislaw.ch\/de\/dienstleistungen\/vermoegen-und-investitionen\/","name":"Verm\u00f6gen und Investitionen - Temis Law","isPartOf":{"@id":"https:\/\/temislaw.ch\/de\/#website"},"datePublished":"2020-06-14T07:40:07+00:00","dateModified":"2021-03-05T21:45:16+00:00","description":"Wir beraten Einzelpersonen, Family Offices, Treuh\u00e4nder und Anlageberater im Bereich der internationalen Verm\u00f6gensverwaltung wie Steuern und Erbschaften.","breadcrumb":{"@id":"http:\/\/temislaw.ch\/de\/dienstleistungen\/vermoegen-und-investitionen\/#breadcrumb"},"inLanguage":"de","potentialAction":[{"@type":"ReadAction","target":["http:\/\/temislaw.ch\/de\/dienstleistungen\/vermoegen-und-investitionen\/"]}]},{"@type":"BreadcrumbList","@id":"http:\/\/temislaw.ch\/de\/dienstleistungen\/vermoegen-und-investitionen\/#breadcrumb","itemListElement":[{"@type":"ListItem","position":1,"name":"Home","item":"https:\/\/temislaw.ch\/de\/"},{"@type":"ListItem","position":2,"name":"Dienstleistungen","item":"https:\/\/temislaw.ch\/de\/dienstleistungen\/"},{"@type":"ListItem","position":3,"name":"Verm\u00f6gen und Investitionen"}]},{"@type":"WebSite","@id":"https:\/\/temislaw.ch\/de\/#website","url":"https:\/\/temislaw.ch\/de\/","name":"Temis Law","description":"Abogados y asesores fiscales en Z\u00fcrich","publisher":{"@id":"https:\/\/temislaw.ch\/de\/#organization"},"potentialAction":[{"@type":"SearchAction","target":{"@type":"EntryPoint","urlTemplate":"https:\/\/temislaw.ch\/de\/?s={search_term_string}"},"query-input":{"@type":"PropertyValueSpecification","valueRequired":true,"valueName":"search_term_string"}}],"inLanguage":"de"},{"@type":"Organization","@id":"https:\/\/temislaw.ch\/de\/#organization","name":"Temis Law","url":"https:\/\/temislaw.ch\/de\/","logo":{"@type":"ImageObject","inLanguage":"de","@id":"https:\/\/temislaw.ch\/de\/#\/schema\/logo\/image\/","url":"http:\/\/temislaw.ch\/wp-content\/uploads\/TemisLaw_color.png","contentUrl":"http:\/\/temislaw.ch\/wp-content\/uploads\/TemisLaw_color.png","width":1920,"height":450,"caption":"Temis Law"},"image":{"@id":"https:\/\/temislaw.ch\/de\/#\/schema\/logo\/image\/"},"sameAs":["https:\/\/es.linkedin.com\/company\/temis-law-international-lawyers"]}]}},"_links":{"self":[{"href":"http:\/\/temislaw.ch\/de\/wp-json\/wp\/v2\/pages\/1322","targetHints":{"allow":["GET"]}}],"collection":[{"href":"http:\/\/temislaw.ch\/de\/wp-json\/wp\/v2\/pages"}],"about":[{"href":"http:\/\/temislaw.ch\/de\/wp-json\/wp\/v2\/types\/page"}],"author":[{"embeddable":true,"href":"http:\/\/temislaw.ch\/de\/wp-json\/wp\/v2\/users\/1"}],"replies":[{"embeddable":true,"href":"http:\/\/temislaw.ch\/de\/wp-json\/wp\/v2\/comments?post=1322"}],"version-history":[{"count":4,"href":"http:\/\/temislaw.ch\/de\/wp-json\/wp\/v2\/pages\/1322\/revisions"}],"predecessor-version":[{"id":1510,"href":"http:\/\/temislaw.ch\/de\/wp-json\/wp\/v2\/pages\/1322\/revisions\/1510"}],"up":[{"embeddable":true,"href":"http:\/\/temislaw.ch\/de\/wp-json\/wp\/v2\/pages\/1251"}],"wp:attachment":[{"href":"http:\/\/temislaw.ch\/de\/wp-json\/wp\/v2\/media?parent=1322"}],"curies":[{"name":"wp","href":"https:\/\/api.w.org\/{rel}","templated":true}]}}