{"id":15,"date":"2020-02-22T00:16:12","date_gmt":"2020-02-21T22:16:12","guid":{"rendered":"https:\/\/temisswitzerland.ch\/?page_id=15"},"modified":"2021-03-05T21:57:06","modified_gmt":"2021-03-05T19:57:06","slug":"inicio","status":"publish","type":"page","link":"http:\/\/temislaw.ch\/es\/","title":{"rendered":"Inicio"},"content":{"rendered":"<p>[et_pb_section fb_built=\u00bb1&#8243; _builder_version=\u00bb4.3.3&#8243; custom_margin=\u00bb0px||0px||true|false\u00bb custom_padding=\u00bb0px||0px||true|false\u00bb][et_pb_row _builder_version=\u00bb4.3.3&#8243; background_enable_image=\u00bboff\u00bb width=\u00bb100%\u00bb max_width=\u00bb2560px\u00bb custom_margin=\u00bb0px||0px||true|false\u00bb custom_padding=\u00bb0px||0px||true|false\u00bb][et_pb_column type=\u00bb4_4&#8243; _builder_version=\u00bb4.3.3&#8243;][et_pb_slider arrows_custom_color=\u00bb#d3b375&#8243; dot_nav_custom_color=\u00bb#d3b375&#8243; _builder_version=\u00bb4.4.4&#8243; header_font=\u00bb|600|||||||\u00bb header_text_color=\u00bb#d3b375&#8243; header_font_size=\u00bb40px\u00bb header_line_height=\u00bb2em\u00bb body_font=\u00bb|600|||||||\u00bb body_text_color=\u00bb#d3b375&#8243; body_font_size=\u00bb20px\u00bb body_line_height=\u00bb1.5em\u00bb custom_padding=\u00bb20vh||20vh||true|false\u00bb auto=\u00bbon\u00bb header_line_height_tablet=\u00bb1em\u00bb header_line_height_phone=\u00bb\u00bb header_line_height_last_edited=\u00bbon|phone\u00bb][et_pb_slide heading=\u00bbAbogados y asesores fiscales en Z\u00farich\u00bb _builder_version=\u00bb4.4.4&#8243; header_level=\u00bbh1&#8243; use_background_color_gradient=\u00bbon\u00bb background_color_gradient_start=\u00bbrgba(54,63,82,0.6)\u00bb background_color_gradient_end=\u00bbrgba(54,63,82,0.6)\u00bb background_color_gradient_overlays_image=\u00bbon\u00bb background_image=\u00bbhttp:\/\/temislaw.ch\/wp-content\/uploads\/zurich.jpg\u00bb background_enable_image=\u00bbon\u00bb custom_padding=\u00bb20vh||20vh||true|false\u00bb header_line_height_last_edited=\u00bboff|tablet\u00bb sticky_transition=\u00bbon\u00bb]<\/p>\n<p>M\u00e1s de 15 a\u00f1os asesorando particulares y empresas extranjeras<br \/>con intereses en Espa\u00f1a <\/p>\n<p>[\/et_pb_slide][et_pb_slide heading=\u00bbTe ayudamos, est\u00e9s donde est\u00e9s\u00bb _builder_version=\u00bb4.4.4&#8243; use_background_color_gradient=\u00bbon\u00bb background_color_gradient_start=\u00bbrgba(54,63,82,0.5)\u00bb background_color_gradient_end=\u00bbrgba(54,63,82,0.5)\u00bb background_color_gradient_overlays_image=\u00bbon\u00bb background_image=\u00bbhttp:\/\/temislaw.ch\/wp-content\/uploads\/benjamin-gremler-q_TzfAt4NQ8-unsplash_2560x1440.jpg\u00bb background_enable_image=\u00bbon\u00bb background_position=\u00bbtop_center\u00bb custom_padding=\u00bb20vh||20vh||true|false\u00bb sticky_transition=\u00bbon\u00bb]<\/p>\n<p>Ponemos a tu disposici\u00f3n, desde Z\u00farich, nuestro equipo dedicado<br \/> y experto de abogados y asesores fiscales en <br \/>Barcelona y Baleares<\/p>\n<p>[\/et_pb_slide][\/et_pb_slider][\/et_pb_column][\/et_pb_row][\/et_pb_section][et_pb_section fb_built=\u00bb1&#8243; _builder_version=\u00bb4.3.3&#8243; custom_padding=\u00bb50px|||||\u00bb][et_pb_row _builder_version=\u00bb4.3.3&#8243;][et_pb_column type=\u00bb4_4&#8243; _builder_version=\u00bb4.3.3&#8243;][et_pb_text _builder_version=\u00bb4.4.3&#8243; header_2_font_size=\u00bb30px\u00bb header_2_line_height=\u00bb1.3em\u00bb header_3_font=\u00bb|600|||||||\u00bb header_3_text_color=\u00bb#d3b375&#8243; header_3_font_size=\u00bb20px\u00bb]<\/p>\n<h3 style=\"text-align: center;\">SERVICIOS<\/h3>\n<p>&nbsp;<\/p>\n<h2 style=\"text-align: center;\">Nos preocupamos de ti, de tu familia y de tus negocios<\/h2>\n<p>[\/et_pb_text][\/et_pb_column][\/et_pb_row][et_pb_row column_structure=\u00bb1_2,1_2&#8243; _builder_version=\u00bb4.3.3&#8243;][et_pb_column type=\u00bb1_2&#8243; _builder_version=\u00bb4.3.3&#8243;][et_pb_blurb title=\u00bbParticulares espa\u00f1oles residentes en Suiza\u00bb url=\u00bbhttp:\/\/temislaw.ch\/es\/servicios\/particulares-espanoles-residentes-en-suiza\/\u00bb image=\u00bbhttp:\/\/temislaw.ch\/wp-content\/uploads\/real-estate-golden-visa-white.png\u00bb _builder_version=\u00bb4.9.1&#8243; header_font=\u00bb|800|||||||\u00bb header_text_align=\u00bbcenter\u00bb header_text_color=\u00bb#ffffff\u00bb header_font_size=\u00bb20px\u00bb body_text_color=\u00bb#ffffff\u00bb body_font_size=\u00bb17px\u00bb use_background_color_gradient=\u00bbon\u00bb background_color_gradient_start=\u00bbrgba(54,63,82,0.5)\u00bb background_color_gradient_end=\u00bbrgba(54,63,82,0.5)\u00bb background_color_gradient_overlays_image=\u00bbon\u00bb background_image=\u00bbhttp:\/\/temislaw.ch\/wp-content\/uploads\/marco-meyer-eAAjKAGEKmI-unsplash_600x400.jpg\u00bb text_orientation=\u00bbcenter\u00bb height=\u00bb300px\u00bb height_tablet=\u00bb\u00bb height_phone=\u00bb350px\u00bb height_last_edited=\u00bbon|tablet\u00bb custom_css_main_element=\u00bbpadding: 30px;\u00bb]<\/p>\n<p>Soluciones y asesoramiento individualizado a la comunidad espa\u00f1ola en Suiza<\/p>\n<p>[\/et_pb_blurb][\/et_pb_column][et_pb_column type=\u00bb1_2&#8243; _builder_version=\u00bb4.3.3&#8243;][et_pb_blurb title=\u00bbSuizos y otras nacionalidades con intereses en Espa\u00f1a\u00bb url=\u00bb@ET-DC@eyJkeW5hbWljIjp0cnVlLCJjb250ZW50IjoicG9zdF9saW5rX3VybF9wYWdlIiwic2V0dGluZ3MiOnsicG9zdF9pZCI6IjE5MCJ9fQ==@\u00bb image=\u00bbhttp:\/\/temislaw.ch\/wp-content\/uploads\/real-estate-golden-visa-white.png\u00bb _builder_version=\u00bb4.9.1&#8243; _dynamic_attributes=\u00bburl\u00bb header_font=\u00bb|800|||||||\u00bb header_text_align=\u00bbcenter\u00bb header_text_color=\u00bb#ffffff\u00bb header_font_size=\u00bb20px\u00bb body_text_color=\u00bb#ffffff\u00bb body_font_size=\u00bb17px\u00bb use_background_color_gradient=\u00bbon\u00bb background_color_gradient_start=\u00bbrgba(54,63,82,0.5)\u00bb background_color_gradient_end=\u00bbrgba(54,63,82,0.5)\u00bb background_color_gradient_overlays_image=\u00bbon\u00bb background_image=\u00bbhttp:\/\/temislaw.ch\/wp-content\/uploads\/farid-askerov-fYNt79ya0vs-unsplash_600x450.jpg\u00bb text_orientation=\u00bbcenter\u00bb height=\u00bb300px\u00bb height_tablet=\u00bb\u00bb height_phone=\u00bb350px\u00bb height_last_edited=\u00bbon|phone\u00bb hover_enabled=\u00bb0&#8243; custom_css_main_element=\u00bbpadding: 30px;\u00bb sticky_enabled=\u00bb0&#8243;]<\/p>\n<p>Asesoramiento jur\u00eddico y fiscal en operaciones relacionadas con propiedades y herencias en Espa\u00f1a y Suiza<\/p>\n<p>[\/et_pb_blurb][\/et_pb_column][\/et_pb_row][et_pb_row column_structure=\u00bb1_2,1_2&#8243; _builder_version=\u00bb4.3.3&#8243;][et_pb_column type=\u00bb1_2&#8243; _builder_version=\u00bb4.3.3&#8243;][et_pb_blurb title=\u00bbEmpresas con v\u00ednculos Espa\u00f1a-Suiza-Latam\u00bb url=\u00bb@ET-DC@eyJkeW5hbWljIjp0cnVlLCJjb250ZW50IjoicG9zdF9saW5rX3VybF9wYWdlIiwic2V0dGluZ3MiOnsicG9zdF9pZCI6IjM1MyJ9fQ==@\u00bb image=\u00bbhttp:\/\/temislaw.ch\/wp-content\/uploads\/real-estate-golden-visa-white.png\u00bb _builder_version=\u00bb4.9.1&#8243; _dynamic_attributes=\u00bburl\u00bb header_font=\u00bb|800|||||||\u00bb header_text_align=\u00bbcenter\u00bb header_text_color=\u00bb#ffffff\u00bb header_font_size=\u00bb20px\u00bb body_text_color=\u00bb#ffffff\u00bb body_font_size=\u00bb17px\u00bb use_background_color_gradient=\u00bbon\u00bb background_color_gradient_start=\u00bbrgba(54,63,82,0.5)\u00bb background_color_gradient_end=\u00bbrgba(54,63,82,0.5)\u00bb background_color_gradient_overlays_image=\u00bbon\u00bb background_image=\u00bbhttp:\/\/temislaw.ch\/wp-content\/uploads\/ricardo-gomez-angel-1hhvHXKw3Zk-unsplash_600x450.jpg\u00bb text_orientation=\u00bbcenter\u00bb height=\u00bb300px\u00bb height_tablet=\u00bb\u00bb height_phone=\u00bb350px\u00bb height_last_edited=\u00bbon|phone\u00bb hover_enabled=\u00bb0&#8243; custom_css_main_element=\u00bbpadding: 30px;\u00bb sticky_enabled=\u00bb0&#8243;]<\/p>\n<p>Asistencia y acompa\u00f1amiento en asuntos legales, fiscales, laborales y administrativos de negocios<\/p>\n<p>[\/et_pb_blurb][\/et_pb_column][et_pb_column type=\u00bb1_2&#8243; _builder_version=\u00bb4.3.3&#8243;][et_pb_blurb title=\u00bbPatrimonio e inversiones en Espa\u00f1a\u00bb url=\u00bb@ET-DC@eyJkeW5hbWljIjp0cnVlLCJjb250ZW50IjoicG9zdF9saW5rX3VybF9wYWdlIiwic2V0dGluZ3MiOnsicG9zdF9pZCI6IjM2OCJ9fQ==@\u00bb image=\u00bbhttp:\/\/temislaw.ch\/wp-content\/uploads\/real-estate-golden-visa-white.png\u00bb _builder_version=\u00bb4.4.4&#8243; _dynamic_attributes=\u00bburl\u00bb header_font=\u00bb|800|||||||\u00bb header_text_align=\u00bbcenter\u00bb header_text_color=\u00bb#ffffff\u00bb header_font_size=\u00bb20px\u00bb body_text_color=\u00bb#ffffff\u00bb body_font_size=\u00bb17px\u00bb use_background_color_gradient=\u00bbon\u00bb background_color_gradient_start=\u00bbrgba(54,63,82,0.5)\u00bb background_color_gradient_end=\u00bbrgba(54,63,82,0.5)\u00bb background_color_gradient_overlays_image=\u00bbon\u00bb background_image=\u00bbhttp:\/\/temislaw.ch\/wp-content\/uploads\/michael-longmire-3Mu0iQgLQto-unsplash_600x400.jpg\u00bb text_orientation=\u00bbcenter\u00bb height=\u00bb300px\u00bb height_tablet=\u00bb\u00bb height_phone=\u00bb350px\u00bb height_last_edited=\u00bbon|phone\u00bb custom_css_main_element=\u00bbpadding: 30px;\u00bb background__hover_enabled=\u00bbon|desktop\u00bb]<\/p>\n<p>Asesoramiento tax&amp;legal para entidades fiduciarias, family offices y dem\u00e1s gestores de patrimonio<\/p>\n<p>[\/et_pb_blurb][\/et_pb_column][\/et_pb_row][\/et_pb_section][et_pb_section fb_built=\u00bb1&#8243; _builder_version=\u00bb4.3.3&#8243; background_color=\u00bb#d3b375&#8243; custom_margin=\u00bb-16px|||||\u00bb global_module=\u00bb69&#8243; saved_tabs=\u00bball\u00bb][et_pb_row _builder_version=\u00bb4.3.3&#8243;][et_pb_column type=\u00bb4_4&#8243; _builder_version=\u00bb4.3.3&#8243;][et_pb_text _builder_version=\u00bb4.4.8&#8243; header_font=\u00bb|800|||||||\u00bb header_text_color=\u00bb#363f52&#8243; header_font_size=\u00bb35px\u00bb header_2_font=\u00bb|600|||||||\u00bb header_2_font_size=\u00bb30px\u00bb]<\/p>\n<h2 style=\"text-align: center;\">\u00bfNecesitas m\u00e1s informaci\u00f3n?<\/h2>\n<h3 style=\"text-align: center;\">Nuestro equipo de especialistas est\u00e1 aqu\u00ed para ayudarte<\/h3>\n<p>[\/et_pb_text][et_pb_button button_url=\u00bb@ET-DC@eyJkeW5hbWljIjp0cnVlLCJjb250ZW50IjoicG9zdF9saW5rX3VybF9wYWdlIiwic2V0dGluZ3MiOnsicG9zdF9pZCI6IjExNCJ9fQ==@\u00bb button_text=\u00bbCONTACTA\u00bb button_alignment=\u00bbcenter\u00bb _builder_version=\u00bb4.4.4&#8243; _dynamic_attributes=\u00bbbutton_url\u00bb][\/et_pb_button][\/et_pb_column][\/et_pb_row][\/et_pb_section]<\/p>\n","protected":false},"excerpt":{"rendered":"<p>M\u00e1s de 15 a\u00f1os asesorando particulares y empresas extranjerascon intereses en Espa\u00f1a Ponemos a tu disposici\u00f3n, desde Z\u00farich, nuestro equipo dedicado y experto de abogados y asesores fiscales en Barcelona y BalearesSERVICIOS &nbsp; Nos preocupamos de ti, de tu familia y de tus negociosSoluciones y asesoramiento individualizado a la comunidad espa\u00f1ola en SuizaAsesoramiento jur\u00eddico y [&hellip;]<\/p>\n","protected":false},"author":1,"featured_media":0,"parent":0,"menu_order":1,"comment_status":"closed","ping_status":"closed","template":"","meta":{"_et_pb_use_builder":"on","_et_pb_old_content":"","_et_gb_content_width":"","footnotes":""},"class_list":["post-15","page","type-page","status-publish","hentry"],"yoast_head":"<!-- This site is optimized with the Yoast SEO plugin v27.3 - https:\/\/yoast.com\/product\/yoast-seo-wordpress\/ -->\n<title>Abogados y asesores fiscales en Z\u00fcrich - Temis Law<\/title>\n<meta name=\"description\" content=\"Abogados y asesores fiscales en Z\u00fcrich. M\u00e1s de 15 a\u00f1os asesorando particulares y empresas con intereses y v\u00ednculos en Espa\u00f1a y Suiza.\" \/>\n<meta name=\"robots\" content=\"index, follow, max-snippet:-1, max-image-preview:large, max-video-preview:-1\" \/>\n<link rel=\"canonical\" href=\"http:\/\/temislaw.ch\/es\/\" \/>\n<meta property=\"og:locale\" content=\"es_ES\" \/>\n<meta property=\"og:type\" content=\"article\" \/>\n<meta property=\"og:title\" content=\"Abogados y asesores fiscales en Z\u00fcrich - Temis Law\" \/>\n<meta property=\"og:description\" content=\"Abogados y asesores fiscales en Z\u00fcrich. M\u00e1s de 15 a\u00f1os asesorando particulares y empresas con intereses y v\u00ednculos en Espa\u00f1a y Suiza.\" \/>\n<meta property=\"og:url\" content=\"http:\/\/temislaw.ch\/es\/\" \/>\n<meta property=\"og:site_name\" content=\"Temis Law\" \/>\n<meta property=\"article:modified_time\" content=\"2021-03-05T19:57:06+00:00\" \/>\n<meta name=\"twitter:card\" content=\"summary_large_image\" \/>\n<meta name=\"twitter:label1\" content=\"Tiempo de lectura\" \/>\n\t<meta name=\"twitter:data1\" content=\"5 minutos\" \/>\n<script type=\"application\/ld+json\" class=\"yoast-schema-graph\">{\"@context\":\"https:\\\/\\\/schema.org\",\"@graph\":[{\"@type\":\"WebPage\",\"@id\":\"http:\\\/\\\/temislaw.ch\\\/es\\\/\",\"url\":\"http:\\\/\\\/temislaw.ch\\\/es\\\/\",\"name\":\"Abogados y asesores fiscales en Z\u00fcrich - Temis Law\",\"isPartOf\":{\"@id\":\"https:\\\/\\\/temislaw.ch\\\/es\\\/#website\"},\"datePublished\":\"2020-02-21T22:16:12+00:00\",\"dateModified\":\"2021-03-05T19:57:06+00:00\",\"description\":\"Abogados y asesores fiscales en Z\u00fcrich. M\u00e1s de 15 a\u00f1os asesorando particulares y empresas con intereses y v\u00ednculos en Espa\u00f1a y Suiza.\",\"breadcrumb\":{\"@id\":\"http:\\\/\\\/temislaw.ch\\\/es\\\/#breadcrumb\"},\"inLanguage\":\"es\",\"potentialAction\":[{\"@type\":\"ReadAction\",\"target\":[\"http:\\\/\\\/temislaw.ch\\\/es\\\/\"]}]},{\"@type\":\"BreadcrumbList\",\"@id\":\"http:\\\/\\\/temislaw.ch\\\/es\\\/#breadcrumb\",\"itemListElement\":[{\"@type\":\"ListItem\",\"position\":1,\"name\":\"Home\",\"item\":\"https:\\\/\\\/temislaw.ch\\\/es\\\/\"},{\"@type\":\"ListItem\",\"position\":2,\"name\":\"Inicio\"}]},{\"@type\":\"WebSite\",\"@id\":\"https:\\\/\\\/temislaw.ch\\\/es\\\/#website\",\"url\":\"https:\\\/\\\/temislaw.ch\\\/es\\\/\",\"name\":\"Temis Law\",\"description\":\"Abogados y asesores fiscales en Z\u00fcrich\",\"publisher\":{\"@id\":\"https:\\\/\\\/temislaw.ch\\\/es\\\/#organization\"},\"potentialAction\":[{\"@type\":\"SearchAction\",\"target\":{\"@type\":\"EntryPoint\",\"urlTemplate\":\"https:\\\/\\\/temislaw.ch\\\/es\\\/?s={search_term_string}\"},\"query-input\":{\"@type\":\"PropertyValueSpecification\",\"valueRequired\":true,\"valueName\":\"search_term_string\"}}],\"inLanguage\":\"es\"},{\"@type\":\"Organization\",\"@id\":\"https:\\\/\\\/temislaw.ch\\\/es\\\/#organization\",\"name\":\"Temis Law\",\"url\":\"https:\\\/\\\/temislaw.ch\\\/es\\\/\",\"logo\":{\"@type\":\"ImageObject\",\"inLanguage\":\"es\",\"@id\":\"https:\\\/\\\/temislaw.ch\\\/es\\\/#\\\/schema\\\/logo\\\/image\\\/\",\"url\":\"http:\\\/\\\/temislaw.ch\\\/wp-content\\\/uploads\\\/TemisLaw_color.png\",\"contentUrl\":\"http:\\\/\\\/temislaw.ch\\\/wp-content\\\/uploads\\\/TemisLaw_color.png\",\"width\":1920,\"height\":450,\"caption\":\"Temis Law\"},\"image\":{\"@id\":\"https:\\\/\\\/temislaw.ch\\\/es\\\/#\\\/schema\\\/logo\\\/image\\\/\"},\"sameAs\":[\"https:\\\/\\\/es.linkedin.com\\\/company\\\/temis-law-international-lawyers\"]}]}<\/script>\n<!-- \/ Yoast SEO plugin. -->","yoast_head_json":{"title":"Abogados y asesores fiscales en Z\u00fcrich - Temis Law","description":"Abogados y asesores fiscales en Z\u00fcrich. M\u00e1s de 15 a\u00f1os asesorando particulares y empresas con intereses y v\u00ednculos en Espa\u00f1a y Suiza.","robots":{"index":"index","follow":"follow","max-snippet":"max-snippet:-1","max-image-preview":"max-image-preview:large","max-video-preview":"max-video-preview:-1"},"canonical":"http:\/\/temislaw.ch\/es\/","og_locale":"es_ES","og_type":"article","og_title":"Abogados y asesores fiscales en Z\u00fcrich - Temis Law","og_description":"Abogados y asesores fiscales en Z\u00fcrich. M\u00e1s de 15 a\u00f1os asesorando particulares y empresas con intereses y v\u00ednculos en Espa\u00f1a y Suiza.","og_url":"http:\/\/temislaw.ch\/es\/","og_site_name":"Temis Law","article_modified_time":"2021-03-05T19:57:06+00:00","twitter_card":"summary_large_image","twitter_misc":{"Tiempo de lectura":"5 minutos"},"schema":{"@context":"https:\/\/schema.org","@graph":[{"@type":"WebPage","@id":"http:\/\/temislaw.ch\/es\/","url":"http:\/\/temislaw.ch\/es\/","name":"Abogados y asesores fiscales en Z\u00fcrich - Temis Law","isPartOf":{"@id":"https:\/\/temislaw.ch\/es\/#website"},"datePublished":"2020-02-21T22:16:12+00:00","dateModified":"2021-03-05T19:57:06+00:00","description":"Abogados y asesores fiscales en Z\u00fcrich. M\u00e1s de 15 a\u00f1os asesorando particulares y empresas con intereses y v\u00ednculos en Espa\u00f1a y Suiza.","breadcrumb":{"@id":"http:\/\/temislaw.ch\/es\/#breadcrumb"},"inLanguage":"es","potentialAction":[{"@type":"ReadAction","target":["http:\/\/temislaw.ch\/es\/"]}]},{"@type":"BreadcrumbList","@id":"http:\/\/temislaw.ch\/es\/#breadcrumb","itemListElement":[{"@type":"ListItem","position":1,"name":"Home","item":"https:\/\/temislaw.ch\/es\/"},{"@type":"ListItem","position":2,"name":"Inicio"}]},{"@type":"WebSite","@id":"https:\/\/temislaw.ch\/es\/#website","url":"https:\/\/temislaw.ch\/es\/","name":"Temis Law","description":"Abogados y asesores fiscales en Z\u00fcrich","publisher":{"@id":"https:\/\/temislaw.ch\/es\/#organization"},"potentialAction":[{"@type":"SearchAction","target":{"@type":"EntryPoint","urlTemplate":"https:\/\/temislaw.ch\/es\/?s={search_term_string}"},"query-input":{"@type":"PropertyValueSpecification","valueRequired":true,"valueName":"search_term_string"}}],"inLanguage":"es"},{"@type":"Organization","@id":"https:\/\/temislaw.ch\/es\/#organization","name":"Temis Law","url":"https:\/\/temislaw.ch\/es\/","logo":{"@type":"ImageObject","inLanguage":"es","@id":"https:\/\/temislaw.ch\/es\/#\/schema\/logo\/image\/","url":"http:\/\/temislaw.ch\/wp-content\/uploads\/TemisLaw_color.png","contentUrl":"http:\/\/temislaw.ch\/wp-content\/uploads\/TemisLaw_color.png","width":1920,"height":450,"caption":"Temis Law"},"image":{"@id":"https:\/\/temislaw.ch\/es\/#\/schema\/logo\/image\/"},"sameAs":["https:\/\/es.linkedin.com\/company\/temis-law-international-lawyers"]}]}},"_links":{"self":[{"href":"http:\/\/temislaw.ch\/es\/wp-json\/wp\/v2\/pages\/15","targetHints":{"allow":["GET"]}}],"collection":[{"href":"http:\/\/temislaw.ch\/es\/wp-json\/wp\/v2\/pages"}],"about":[{"href":"http:\/\/temislaw.ch\/es\/wp-json\/wp\/v2\/types\/page"}],"author":[{"embeddable":true,"href":"http:\/\/temislaw.ch\/es\/wp-json\/wp\/v2\/users\/1"}],"replies":[{"embeddable":true,"href":"http:\/\/temislaw.ch\/es\/wp-json\/wp\/v2\/comments?post=15"}],"version-history":[{"count":5,"href":"http:\/\/temislaw.ch\/es\/wp-json\/wp\/v2\/pages\/15\/revisions"}],"predecessor-version":[{"id":1494,"href":"http:\/\/temislaw.ch\/es\/wp-json\/wp\/v2\/pages\/15\/revisions\/1494"}],"wp:attachment":[{"href":"http:\/\/temislaw.ch\/es\/wp-json\/wp\/v2\/media?parent=15"}],"curies":[{"name":"wp","href":"https:\/\/api.w.org\/{rel}","templated":true}]}}