{"id":72,"date":"2020-02-22T03:56:38","date_gmt":"2020-02-22T01:56:38","guid":{"rendered":"https:\/\/temisswitzerland.ch\/?page_id=72"},"modified":"2023-04-10T19:25:39","modified_gmt":"2023-04-10T17:25:39","slug":"nosotros","status":"publish","type":"page","link":"http:\/\/temislaw.ch\/es\/nosotros\/","title":{"rendered":"Nosotros"},"content":{"rendered":"<p>[et_pb_section fb_built=\u00bb1&#8243; _builder_version=\u00bb4.16&#8243; custom_margin=\u00bb0px||0px||true|false\u00bb custom_padding=\u00bb0px||0px||true|false\u00bb global_colors_info=\u00bb{}\u00bb][et_pb_row _builder_version=\u00bb4.16&#8243; width=\u00bb100%\u00bb max_width=\u00bb2560px\u00bb custom_margin=\u00bb0px||0px||true|false\u00bb custom_padding=\u00bb0px||0px||true|false\u00bb global_colors_info=\u00bb{}\u00bb][et_pb_column type=\u00bb4_4&#8243; _builder_version=\u00bb4.16&#8243; global_colors_info=\u00bb{}\u00bb][et_pb_cta title=\u00bbExperiencia, conocimiento y versatilidad\u00bb _builder_version=\u00bb4.16&#8243; header_level=\u00bbh4&#8243; header_font=\u00bb|800|||||||\u00bb header_text_align=\u00bbcenter\u00bb header_text_color=\u00bb#d3b375&#8243; header_font_size=\u00bb40px\u00bb body_font=\u00bb|700|||||||\u00bb body_text_align=\u00bbcenter\u00bb body_text_color=\u00bb#d3b375&#8243; body_font_size=\u00bb25px\u00bb body_line_height=\u00bb1.4em\u00bb body_link_text_color=\u00bb#d3b375&#8243; background_color=\u00bb#d3b375&#8243; use_background_color_gradient=\u00bbon\u00bb background_color_gradient_stops=\u00bbrgba(54,63,82,0.7) 0%|rgba(54,63,82,0.7) 100%\u00bb background_color_gradient_overlays_image=\u00bbon\u00bb background_color_gradient_start=\u00bbrgba(54,63,82,0.7)\u00bb background_color_gradient_end=\u00bbrgba(54,63,82,0.7)\u00bb background_image=\u00bbhttp:\/\/temislaw.ch\/wp-content\/uploads\/Office_2560x1707.jpg\u00bb custom_padding=\u00bb20vh||20vh||true|false\u00bb header_font_size_tablet=\u00bb\u00bb header_font_size_phone=\u00bb38px\u00bb header_font_size_last_edited=\u00bbon|phone\u00bb global_colors_info=\u00bb{}\u00bb]<\/p>\n<p>M\u00e1s de 15 a\u00f1os asesorando particulares y empresas extranjeras<br \/> con intereses en Espa\u00f1a<\/p>\n<p>&nbsp;<\/p>\n<h4><a href=\"\/es\/nosotros\/#nosotros\">NOSOTROS<\/a><span style=\"color: #d3b375;\"> | <\/span><a href=\"\/es\/nosotros\/#equipo\">EQUIPO<\/a><\/h4>\n<p>[\/et_pb_cta][\/et_pb_column][\/et_pb_row][\/et_pb_section][et_pb_section fb_built=\u00bb1&#8243; _builder_version=\u00bb4.16&#8243; custom_padding=\u00bb||0px|||\u00bb global_colors_info=\u00bb{}\u00bb][et_pb_row _builder_version=\u00bb4.16&#8243; global_colors_info=\u00bb{}\u00bb][et_pb_column type=\u00bb4_4&#8243; _builder_version=\u00bb4.16&#8243; global_colors_info=\u00bb{}\u00bb][et_pb_text _builder_version=\u00bb4.16&#8243; text_font=\u00bb||||||||\u00bb text_font_size=\u00bb15px\u00bb text_line_height=\u00bb1.6em\u00bb global_colors_info=\u00bb{}\u00bb]<\/p>\n<p style=\"text-align: center;\">En 2019 nace el proyecto <strong>Temis Law<\/strong>, con la finalidad de distinguirse por su excelencia, tanto en la atenci\u00f3n y servicio al cliente como en el desarrollo de soluciones jur\u00eddicas y t\u00e9cnicas.\u00a0 Prestamos un servicio de asesor\u00eda legal y fiscal integral e individualizado, en aras a la m\u00e1xima satisfacci\u00f3n de nuestros clientes, colaboradores y partners .<\/p>\n<p>[\/et_pb_text][\/et_pb_column][\/et_pb_row][\/et_pb_section][et_pb_section fb_built=\u00bb1&#8243; module_id=\u00bbnosotros\u00bb _builder_version=\u00bb4.16&#8243; custom_padding=\u00bb0px||46px|||\u00bb global_colors_info=\u00bb{}\u00bb][et_pb_row _builder_version=\u00bb4.16&#8243; global_colors_info=\u00bb{}\u00bb][et_pb_column type=\u00bb4_4&#8243; _builder_version=\u00bb4.16&#8243; global_colors_info=\u00bb{}\u00bb][et_pb_text _builder_version=\u00bb4.16&#8243; header_2_font_size=\u00bb30px\u00bb header_3_font=\u00bb|600|||||||\u00bb header_3_text_color=\u00bb#d3b375&#8243; header_3_font_size=\u00bb20px\u00bb custom_padding=\u00bb||1px|||\u00bb global_colors_info=\u00bb{}\u00bb]<\/p>\n<h3 style=\"text-align: center;\">\u00a0CONOCE AL EQUIPO<\/h3>\n<p>&nbsp;<\/p>\n<p style=\"text-align: center;\"><strong>Temis Law<\/strong> est\u00e1 dirigido por <strong>Ana Baumann-Valencia<\/strong> quien asesora y trabaja personalmente con clientes desde Z\u00farich, y coordina a los equipos de abogados,\u00a0 asesores fiscales y agentes en Espa\u00f1a.<\/p>\n<p>[\/et_pb_text][et_pb_text _builder_version=\u00bb4.16&#8243; header_2_font=\u00bb|700|||||||\u00bb header_2_font_size=\u00bb22px\u00bb global_colors_info=\u00bb{}\u00bb]<\/p>\n<h2>ANA BAUMANN-VALENCIA<\/h2>\n<p><b>Partner, socia de Temis Law, Z\u00farich<\/b><\/p>\n<p>[\/et_pb_text][\/et_pb_column][\/et_pb_row][et_pb_row column_structure=\u00bb3_5,2_5&#8243; use_custom_gutter=\u00bbon\u00bb gutter_width=\u00bb2&#8243; make_equal=\u00bbon\u00bb _builder_version=\u00bb4.16&#8243; custom_margin=\u00bb0px|auto|30px|auto|false|false\u00bb custom_padding=\u00bb0px||0px||true|false\u00bb custom_css_main_element=\u00bbdisplay: flex;||flex-wrap: wrap;\u00bb global_colors_info=\u00bb{}\u00bb][et_pb_column type=\u00bb3_5&#8243; _builder_version=\u00bb4.16&#8243; custom_padding_tablet=\u00bb30px||||false|false\u00bb custom_padding_phone=\u00bb0px||||false|false\u00bb custom_padding_last_edited=\u00bbon|phone\u00bb global_colors_info=\u00bb{}\u00bb custom_css_main_element_last_edited=\u00bbon|phone\u00bb custom_css_main_element_phone=\u00bborder: 2;\u00bb custom_css_main_element_tablet=\u00bborder: 2;\u00bb][et_pb_cta _builder_version=\u00bb4.16&#8243; header_level=\u00bbh4&#8243; header_font=\u00bb|700|||||||\u00bb header_text_color=\u00bb#363f52&#8243; header_font_size=\u00bb20px\u00bb body_text_color=\u00bb#363f52&#8243; text_orientation=\u00bbleft\u00bb custom_margin=\u00bb0px|0px|0px|0px|true|true\u00bb custom_padding=\u00bb0px|0px|0px|0px|true|true\u00bb custom_padding_tablet=\u00bb20px||0px||false|true\u00bb custom_padding_phone=\u00bb\u00bb custom_padding_last_edited=\u00bbon|phone\u00bb global_colors_info=\u00bb{}\u00bb]<\/p>\n<p> Ana Baumann-Valencia, es abogada ejerciente y miembro del Colegio de Abogados de Barcelona (ICAB) as\u00ed como de la International Bar Association (IBA). Licenciada en Derecho por la Universidad Pompeu Fabra de Barcelona en 2000, complet\u00f3 su formaci\u00f3n con un Posgrado en Proceso Civil por ESADE y Estudios Notariales. Este a\u00f1o finalizara sus estudios en City, University of Law, London para convertirse en Solicitor (abogado) de Inglaterra y Gales.<br \/> Ana inici\u00f3 su andadura profesional en entidades financieras y de consultor\u00eda legal y fiscal de primer nivel para asesorar operaciones inmobiliarias, de empresa familiar y su planificaci\u00f3n sucesoria, derecho de empresa y de negocios, para clientes nacionales y especialmente internacionales con vocaci\u00f3n de invertir en Espa\u00f1a.<\/p>\n<p> En 2015 se traslada a Suiza donde presta sus servicios de legal counsel y compliance a empresas del sector de reaseguros de Oriente Medio, Bermuda y Reino Unido para sus negocios e inversiones en EMEA y Latam. Acostumbrada a manejar casos que se identifican por su car\u00e1cter transnacional y multidisciplinar, incluso con elementos de common law.<\/p>\n<p>Ana Baumann-Valencia trabaja en espa\u00f1ol, catal\u00e1n, ingl\u00e9s, franc\u00e9s y alem\u00e1n.<\/p>\n<p>Contacta: <a href=\"mailto:avalencia@temislaw.ch\">avalencia@temislaw.ch<\/a><\/p>\n<p>[\/et_pb_cta][\/et_pb_column][et_pb_column type=\u00bb2_5&#8243; _builder_version=\u00bb4.16&#8243; background_image=\u00bbhttp:\/\/temislaw.ch\/wp-content\/uploads\/Ana-valencia-2.png\u00bb background_position=\u00bbtop_center\u00bb custom_padding=\u00bb||||false|false\u00bb global_colors_info=\u00bb{}\u00bb custom_css_main_element_last_edited=\u00bbon|phone\u00bb custom_css_main_element_phone=\u00bborder: 1;\u00bb custom_css_main_element_tablet=\u00bborder: 1;\u00bb][et_pb_text _builder_version=\u00bb4.16&#8243; custom_padding=\u00bb150px||150px||true|false\u00bb custom_padding_tablet=\u00bb200px||200px||true|false\u00bb custom_padding_phone=\u00bb150px||150px||true|false\u00bb custom_padding_last_edited=\u00bbon|phone\u00bb global_colors_info=\u00bb{}\u00bb][\/et_pb_text][\/et_pb_column][\/et_pb_row][\/et_pb_section][et_pb_section fb_built=\u00bb1&#8243; _builder_version=\u00bb4.16&#8243; background_color=\u00bb#d3b375&#8243; global_colors_info=\u00bb{}\u00bb][et_pb_row _builder_version=\u00bb4.16&#8243; custom_padding=\u00bb50px||50px||true|false\u00bb global_colors_info=\u00bb{}\u00bb][et_pb_column type=\u00bb4_4&#8243; _builder_version=\u00bb4.16&#8243; global_colors_info=\u00bb{}\u00bb][et_pb_text _builder_version=\u00bb4.16&#8243; header_line_height=\u00bb1.1em\u00bb header_3_font_size=\u00bb30px\u00bb header_3_line_height=\u00bb1.5em\u00bb custom_margin=\u00bb||-6px|||\u00bb global_colors_info=\u00bb{}\u00bb]<\/p>\n<h3 style=\"text-align: center;\">Nuestra misi\u00f3n es compartir con Ud. nuestro conocimiento y experiencia para facilitarle la vida en sus asuntos en Espa\u00f1a<\/h3>\n<p>[\/et_pb_text][\/et_pb_column][\/et_pb_row][\/et_pb_section][et_pb_section fb_built=\u00bb1&#8243; module_id=\u00bbequipo\u00bb _builder_version=\u00bb4.16&#8243; custom_padding=\u00bb48px||75px|||\u00bb global_colors_info=\u00bb{}\u00bb][et_pb_row _builder_version=\u00bb4.16&#8243; custom_padding=\u00bb10px||10px||true|false\u00bb global_colors_info=\u00bb{}\u00bb][et_pb_column type=\u00bb4_4&#8243; _builder_version=\u00bb4.16&#8243; global_colors_info=\u00bb{}\u00bb][et_pb_text _builder_version=\u00bb4.16&#8243; header_2_font_size=\u00bb30px\u00bb header_3_font=\u00bb|600|||||||\u00bb header_3_text_color=\u00bb#d3b375&#8243; header_3_font_size=\u00bb20px\u00bb global_colors_info=\u00bb{}\u00bb]<\/p>\n<h3 style=\"text-align: center;\">EQUIPO<\/h3>\n<p>[\/et_pb_text][\/et_pb_column][\/et_pb_row][et_pb_row _builder_version=\u00bb4.16&#8243; global_colors_info=\u00bb{}\u00bb][et_pb_column type=\u00bb4_4&#8243; _builder_version=\u00bb4.16&#8243; global_colors_info=\u00bb{}\u00bb][et_pb_text _builder_version=\u00bb4.16&#8243; text_font=\u00bb||||||||\u00bb text_font_size=\u00bb15px\u00bb text_line_height=\u00bb1.6em\u00bb global_colors_info=\u00bb{}\u00bb]<\/p>\n<p style=\"text-align: center;\">Adem\u00e1s del equipo de Z\u00farich, tenemos equipos en las ciudades de Barcelona y en las Islas Baleares, as\u00ed como una amplia red de agentes locales en todo el territorio nacional.<br \/> Nuestros equipos son expertos en asesorar y gestionar con \u00e9xito cualquier asunto fiscal, legal, civil, mercantil o administrativo.<\/p>\n<p>[\/et_pb_text][\/et_pb_column][\/et_pb_row][et_pb_row column_structure=\u00bb1_2,1_2&#8243; _builder_version=\u00bb4.20.2&#8243; custom_padding=\u00bb||0px||false|false\u00bb hover_enabled=\u00bb0&#8243; global_colors_info=\u00bb{}\u00bb disabled_on=\u00bbon|on|on\u00bb disabled=\u00bbon\u00bb sticky_enabled=\u00bb0&#8243;][et_pb_column type=\u00bb1_2&#8243; _builder_version=\u00bb4.16&#8243; global_colors_info=\u00bb{}\u00bb][et_pb_cta title=\u00bbROSER COLL\u00bb _builder_version=\u00bb4.16&#8243; header_level=\u00bbh4&#8243; header_font=\u00bb|700|||||||\u00bb header_text_color=\u00bb#363f52&#8243; header_font_size=\u00bb20px\u00bb body_text_color=\u00bb#363f52&#8243; custom_margin=\u00bb0px|0px|0px|0px|true|true\u00bb custom_padding=\u00bb0px|0px|0px|0px|true|true\u00bb global_colors_info=\u00bb{}\u00bb]<\/p>\n<p><b>Partner, socia de Temis&amp;Co, Barcelona y Baleares<\/b><\/p>\n<p>Roser dirige y coordina al equipo de asesores fiscales y abogados en Espa\u00f1a.<\/p>\n<p>Roser es miembro del Colegio de Abogados de Barcelona (ICAB) desde el a\u00f1o 2005. Licenciada en Derecho por la Universidad Pompeu Fabra y M\u00e1ster en Derecho Internacional de los Negocios por ESADE.<\/p>\n<p>Desarrollo su carrera en los despachos Cotton&amp;Co y Shulmans Solicitors en el Reino Unido en el equipo de desarrollo de negocio de la firma. <span style=\"font-size: 14px;\">A su regreso a Espa\u00f1a en 2009, funda uno de los despachos pioneros en la asesoramiento legal especializado en operaciones de inversi\u00f3n extranjeras en Espa\u00f1a y \u201cprivate client\u201d.<\/span><\/p>\n<p>Roser trabaja en catal\u00e1n, espa\u00f1ol e ingl\u00e9s.<\/p>\n<p>[\/et_pb_cta][\/et_pb_column][et_pb_column type=\u00bb1_2&#8243; _builder_version=\u00bb4.16&#8243; global_colors_info=\u00bb{}\u00bb][et_pb_cta title=\u00bbELISENDA PEDROS\u00bb _builder_version=\u00bb4.16&#8243; header_level=\u00bbh4&#8243; header_font=\u00bb|700|||||||\u00bb header_text_color=\u00bb#363f52&#8243; header_font_size=\u00bb20px\u00bb body_text_color=\u00bb#363f52&#8243; custom_margin=\u00bb0px|0px|0px|0px|true|true\u00bb custom_padding=\u00bb0px|0px|0px|0px|true|true\u00bb global_colors_info=\u00bb{}\u00bb]<\/p>\n<p><b>Asesora fisca<\/b><b>l y laboral, Barcelona-Z\u00farich<\/b><\/p>\n<p>Elisenda es asesora laboral, contable y tributaria y miembro del Colegio de Asesores Tributarios de las Islas Baleares y Catalu\u00f1a.<\/p>\n<p>Licenciada en Derecho por la Universidad Abad Oliva de Barcelona, cuenta con m\u00e1s de veinte a\u00f1os de experiencia asesorando a clientes nacionales y extranjeros (residentes y no residentes) con su equipo de expertos, prestando apoyo tanto en el establecimiento de negocios como en continuidad.<\/p>\n<p>Es experta en lidiar y solventar cualquier tr\u00e1mite y asunto con las autoridades laborales y de seguridad social, AEAT, organismos tributarios auton\u00f3micos y locales as\u00ed como en la llevanza de todo tipo de procedimientos e inspecciones fiscales y laborales.<\/p>\n<p>Elisenda presta servicios en catal\u00e1n, espa\u00f1ol e ingl\u00e9s.<\/p>\n<p>[\/et_pb_cta][\/et_pb_column][\/et_pb_row][et_pb_row column_structure=\u00bb1_2,1_2&#8243; _builder_version=\u00bb4.16&#8243; global_colors_info=\u00bb{}\u00bb][et_pb_column type=\u00bb1_2&#8243; _builder_version=\u00bb4.16&#8243; global_colors_info=\u00bb{}\u00bb][et_pb_cta title=\u00bbALEIX DALMAU\u00bb _builder_version=\u00bb4.16&#8243; header_level=\u00bbh4&#8243; header_font=\u00bb|700|||||||\u00bb header_text_color=\u00bb#363f52&#8243; header_font_size=\u00bb20px\u00bb body_text_color=\u00bb#363f52&#8243; custom_margin=\u00bb0px||0px||true|false\u00bb custom_padding=\u00bb0px|0px|0px|0px|true|true\u00bb global_colors_info=\u00bb{}\u00bb]<\/p>\n<p><b>Legal Counsel, Barcelona-Z\u00farich<\/b><\/p>\n<p>Aleix es abogado miembro del Colegio de Abogados de Barcelona. L<span style=\"font-size: 14px;\">icenciado en Derecho por la Universidad de Barcelona, se especializa en derecho inmobiliario, procesal civil y concursal, con una dilatada y s\u00f3lida experiencia en asuntos de asesoramiento de tales materias, tanto en fase pre- contenciosos como en fase procesal. Aleix es esencial para poder afrontar con \u00e9xito reclamaciones o ante la interposici\u00f3n de acciones judiciales. Adem\u00e1s es e<\/span>specialista en Protecci\u00f3n de Datos Personales- GDPR<\/p>\n<p>Aleix habla catal\u00e1n, espa\u00f1ol, ingl\u00e9s e italiano.<\/p>\n<p>[\/et_pb_cta][\/et_pb_column][et_pb_column type=\u00bb1_2&#8243; _builder_version=\u00bb4.16&#8243; global_colors_info=\u00bb{}\u00bb][et_pb_cta title=\u00bbESTHER VALENCIA\u00bb _builder_version=\u00bb4.16&#8243; header_level=\u00bbh4&#8243; header_font=\u00bb|700|||||||\u00bb header_text_color=\u00bb#363f52&#8243; header_font_size=\u00bb20px\u00bb body_text_color=\u00bb#363f52&#8243; custom_margin=\u00bb0px||0px||true|false\u00bb custom_padding=\u00bb0px|0px|0px|0px|true|true\u00bb global_colors_info=\u00bb{}\u00bb]<\/p>\n<p><b>Paralegal, Barcelona<\/b><\/p>\n<p>Esther es graduada en Marketing y ha completado cursos formativos en derecho sucesiones, contratos y mercantil en el ICAB y Colegio Notarial de Catalu\u00f1a.<\/p>\n<p>Ha sido adjunta a oficial de Notaria durante m\u00e1s de 10 a\u00f1os. Su conocimiento del funcionamiento y casu\u00edstica documental notarial y gesti\u00f3n post-firma de escrituras y actas notariales resultan clave para poder preparar y ejecutar firmas y operaciones en cualquier lugar de Espa\u00f1a.<\/p>\n<p>Esther habla catal\u00e1n, castellano e ingl\u00e9s. <\/p>\n<p>[\/et_pb_cta][\/et_pb_column][\/et_pb_row][et_pb_row _builder_version=\u00bb4.16&#8243; custom_padding=\u00bb24px|||||\u00bb global_colors_info=\u00bb{}\u00bb][et_pb_column type=\u00bb4_4&#8243; _builder_version=\u00bb4.16&#8243; global_colors_info=\u00bb{}\u00bb][et_pb_cta title=\u00bbCOLABORADORES Y PARTNERS EN SUIZA\u00bb _builder_version=\u00bb4.16&#8243; header_level=\u00bbh4&#8243; header_font=\u00bb|700|||||||\u00bb header_text_color=\u00bb#363f52&#8243; header_font_size=\u00bb20px\u00bb body_text_color=\u00bb#363f52&#8243; custom_margin=\u00bb0px||0px||true|false\u00bb custom_padding=\u00bb0px|0px|0px|0px|true|true\u00bb global_colors_info=\u00bb{}\u00bb]<\/p>\n<p>Nos complace trabajar con los mejores equipos quienes nos permiten dar una soluci\u00f3n global en asuntos internacionales que incluyen Suiza.<\/p>\n<p>[\/et_pb_cta][\/et_pb_column][\/et_pb_row][et_pb_row column_structure=\u00bb1_2,1_2&#8243; _builder_version=\u00bb4.16&#8243; global_colors_info=\u00bb{}\u00bb][et_pb_column type=\u00bb1_2&#8243; _builder_version=\u00bb4.16&#8243; global_colors_info=\u00bb{}\u00bb][et_pb_cta title=\u00bbDR. IUR NANDO STAUFFER VON MAY\u00bb _builder_version=\u00bb4.16&#8243; header_level=\u00bbh4&#8243; header_font=\u00bb|700|||||||\u00bb header_text_color=\u00bb#363f52&#8243; header_font_size=\u00bb20px\u00bb body_text_color=\u00bb#363f52&#8243; custom_margin=\u00bb0px||0px||true|false\u00bb custom_padding=\u00bb0px|0px|0px|0px|true|true\u00bb global_colors_info=\u00bb{}\u00bb]<\/p>\n<p><strong>Socio de gbf Attorneys-at-Law y Notario del Cant\u00f3n de Berna<br \/>(oficinas en Z\u00farich, Berna y Ginebra)<\/strong><\/p>\n<p>Abogado y notario de derecho suizo que presta servicios en espa\u00f1ol. Tiene una s\u00f3lida y dilatada experiencia en asuntos transnacionales en el \u00e1mbito del derecho de sucesiones, familia, inmobiliario e inversiones mercantiles, as\u00ed como seguros y transporte.<\/p>\n<p>[\/et_pb_cta][\/et_pb_column][et_pb_column type=\u00bb1_2&#8243; _builder_version=\u00bb4.16&#8243; global_colors_info=\u00bb{}\u00bb][\/et_pb_column][\/et_pb_row][\/et_pb_section][et_pb_section fb_built=\u00bb1&#8243; _builder_version=\u00bb4.3.3&#8243; background_color=\u00bb#d3b375&#8243; custom_margin=\u00bb-16px|||||\u00bb global_module=\u00bb69&#8243; saved_tabs=\u00bball\u00bb global_colors_info=\u00bb{}\u00bb][et_pb_row _builder_version=\u00bb4.16&#8243; global_colors_info=\u00bb{}\u00bb][et_pb_column type=\u00bb4_4&#8243; _builder_version=\u00bb4.16&#8243; global_colors_info=\u00bb{}\u00bb][et_pb_text _builder_version=\u00bb4.16&#8243; header_font=\u00bb|800|||||||\u00bb header_text_color=\u00bb#363f52&#8243; header_font_size=\u00bb35px\u00bb header_2_font=\u00bb|600|||||||\u00bb header_2_font_size=\u00bb30px\u00bb global_colors_info=\u00bb{}\u00bb]<\/p>\n<h2 style=\"text-align: center;\">\u00bfNecesitas m\u00e1s informaci\u00f3n?<\/h2>\n<h3 style=\"text-align: center;\">Nuestro equipo de especialistas est\u00e1 aqu\u00ed para ayudarte<\/h3>\n<p>[\/et_pb_text][et_pb_button button_url=\u00bb@ET-DC@eyJkeW5hbWljIjp0cnVlLCJjb250ZW50IjoicG9zdF9saW5rX3VybF9wYWdlIiwic2V0dGluZ3MiOnsicG9zdF9pZCI6IjExNCJ9fQ==@\u00bb button_text=\u00bbCONTACTA\u00bb button_alignment=\u00bbcenter\u00bb _builder_version=\u00bb4.16&#8243; _dynamic_attributes=\u00bbbutton_url\u00bb global_colors_info=\u00bb{}\u00bb][\/et_pb_button][\/et_pb_column][\/et_pb_row][\/et_pb_section]<\/p>\n","protected":false},"excerpt":{"rendered":"<p>M\u00e1s de 15 a\u00f1os asesorando particulares y empresas extranjeras con intereses en Espa\u00f1a &nbsp; NOSOTROS | EQUIPOEn 2019 nace el proyecto Temis Law, con la finalidad de distinguirse por su excelencia, tanto en la atenci\u00f3n y servicio al cliente como en el desarrollo de soluciones jur\u00eddicas y t\u00e9cnicas.\u00a0 Prestamos un servicio de asesor\u00eda legal y [&hellip;]<\/p>\n","protected":false},"author":1,"featured_media":0,"parent":0,"menu_order":2,"comment_status":"closed","ping_status":"closed","template":"","meta":{"_et_pb_use_builder":"on","_et_pb_old_content":"","_et_gb_content_width":"","footnotes":""},"class_list":["post-72","page","type-page","status-publish","hentry"],"yoast_head":"<!-- This site is optimized with the Yoast SEO plugin v27.3 - https:\/\/yoast.com\/product\/yoast-seo-wordpress\/ -->\n<title>Nosotros - Temis Law<\/title>\n<meta name=\"description\" content=\"Temis Law est\u00e1 liderado por Ana Baumann-Valencia y coordina, desde Z\u00fcrich, los equipos de abogados y asesores fiscales en Espa\u00f1a.\" \/>\n<meta name=\"robots\" content=\"index, follow, max-snippet:-1, max-image-preview:large, max-video-preview:-1\" \/>\n<link rel=\"canonical\" href=\"http:\/\/temislaw.ch\/es\/nosotros\/\" \/>\n<meta property=\"og:locale\" content=\"es_ES\" \/>\n<meta property=\"og:type\" content=\"article\" \/>\n<meta property=\"og:title\" content=\"Nosotros - Temis Law\" \/>\n<meta property=\"og:description\" content=\"Temis Law est\u00e1 liderado por Ana Baumann-Valencia y coordina, desde Z\u00fcrich, los equipos de abogados y asesores fiscales en Espa\u00f1a.\" \/>\n<meta property=\"og:url\" content=\"http:\/\/temislaw.ch\/es\/nosotros\/\" \/>\n<meta property=\"og:site_name\" content=\"Temis Law\" \/>\n<meta property=\"article:modified_time\" content=\"2023-04-10T17:25:39+00:00\" \/>\n<meta name=\"twitter:card\" content=\"summary_large_image\" \/>\n<meta name=\"twitter:label1\" content=\"Tiempo de lectura\" \/>\n\t<meta name=\"twitter:data1\" content=\"5 minutos\" \/>\n<script type=\"application\/ld+json\" class=\"yoast-schema-graph\">{\"@context\":\"https:\\\/\\\/schema.org\",\"@graph\":[{\"@type\":\"WebPage\",\"@id\":\"http:\\\/\\\/temislaw.ch\\\/es\\\/nosotros\\\/\",\"url\":\"http:\\\/\\\/temislaw.ch\\\/es\\\/nosotros\\\/\",\"name\":\"Nosotros - Temis Law\",\"isPartOf\":{\"@id\":\"https:\\\/\\\/temislaw.ch\\\/es\\\/#website\"},\"datePublished\":\"2020-02-22T01:56:38+00:00\",\"dateModified\":\"2023-04-10T17:25:39+00:00\",\"description\":\"Temis Law est\u00e1 liderado por Ana Baumann-Valencia y coordina, desde Z\u00fcrich, los equipos de abogados y asesores fiscales en Espa\u00f1a.\",\"breadcrumb\":{\"@id\":\"http:\\\/\\\/temislaw.ch\\\/es\\\/nosotros\\\/#breadcrumb\"},\"inLanguage\":\"es\",\"potentialAction\":[{\"@type\":\"ReadAction\",\"target\":[\"http:\\\/\\\/temislaw.ch\\\/es\\\/nosotros\\\/\"]}]},{\"@type\":\"BreadcrumbList\",\"@id\":\"http:\\\/\\\/temislaw.ch\\\/es\\\/nosotros\\\/#breadcrumb\",\"itemListElement\":[{\"@type\":\"ListItem\",\"position\":1,\"name\":\"Home\",\"item\":\"https:\\\/\\\/temislaw.ch\\\/es\\\/\"},{\"@type\":\"ListItem\",\"position\":2,\"name\":\"Nosotros\"}]},{\"@type\":\"WebSite\",\"@id\":\"https:\\\/\\\/temislaw.ch\\\/es\\\/#website\",\"url\":\"https:\\\/\\\/temislaw.ch\\\/es\\\/\",\"name\":\"Temis Law\",\"description\":\"Abogados y asesores fiscales en Z\u00fcrich\",\"publisher\":{\"@id\":\"https:\\\/\\\/temislaw.ch\\\/es\\\/#organization\"},\"potentialAction\":[{\"@type\":\"SearchAction\",\"target\":{\"@type\":\"EntryPoint\",\"urlTemplate\":\"https:\\\/\\\/temislaw.ch\\\/es\\\/?s={search_term_string}\"},\"query-input\":{\"@type\":\"PropertyValueSpecification\",\"valueRequired\":true,\"valueName\":\"search_term_string\"}}],\"inLanguage\":\"es\"},{\"@type\":\"Organization\",\"@id\":\"https:\\\/\\\/temislaw.ch\\\/es\\\/#organization\",\"name\":\"Temis Law\",\"url\":\"https:\\\/\\\/temislaw.ch\\\/es\\\/\",\"logo\":{\"@type\":\"ImageObject\",\"inLanguage\":\"es\",\"@id\":\"https:\\\/\\\/temislaw.ch\\\/es\\\/#\\\/schema\\\/logo\\\/image\\\/\",\"url\":\"http:\\\/\\\/temislaw.ch\\\/wp-content\\\/uploads\\\/TemisLaw_color.png\",\"contentUrl\":\"http:\\\/\\\/temislaw.ch\\\/wp-content\\\/uploads\\\/TemisLaw_color.png\",\"width\":1920,\"height\":450,\"caption\":\"Temis Law\"},\"image\":{\"@id\":\"https:\\\/\\\/temislaw.ch\\\/es\\\/#\\\/schema\\\/logo\\\/image\\\/\"},\"sameAs\":[\"https:\\\/\\\/es.linkedin.com\\\/company\\\/temis-law-international-lawyers\"]}]}<\/script>\n<!-- \/ Yoast SEO plugin. -->","yoast_head_json":{"title":"Nosotros - Temis Law","description":"Temis Law est\u00e1 liderado por Ana Baumann-Valencia y coordina, desde Z\u00fcrich, los equipos de abogados y asesores fiscales en Espa\u00f1a.","robots":{"index":"index","follow":"follow","max-snippet":"max-snippet:-1","max-image-preview":"max-image-preview:large","max-video-preview":"max-video-preview:-1"},"canonical":"http:\/\/temislaw.ch\/es\/nosotros\/","og_locale":"es_ES","og_type":"article","og_title":"Nosotros - Temis Law","og_description":"Temis Law est\u00e1 liderado por Ana Baumann-Valencia y coordina, desde Z\u00fcrich, los equipos de abogados y asesores fiscales en Espa\u00f1a.","og_url":"http:\/\/temislaw.ch\/es\/nosotros\/","og_site_name":"Temis Law","article_modified_time":"2023-04-10T17:25:39+00:00","twitter_card":"summary_large_image","twitter_misc":{"Tiempo de lectura":"5 minutos"},"schema":{"@context":"https:\/\/schema.org","@graph":[{"@type":"WebPage","@id":"http:\/\/temislaw.ch\/es\/nosotros\/","url":"http:\/\/temislaw.ch\/es\/nosotros\/","name":"Nosotros - Temis Law","isPartOf":{"@id":"https:\/\/temislaw.ch\/es\/#website"},"datePublished":"2020-02-22T01:56:38+00:00","dateModified":"2023-04-10T17:25:39+00:00","description":"Temis Law est\u00e1 liderado por Ana Baumann-Valencia y coordina, desde Z\u00fcrich, los equipos de abogados y asesores fiscales en Espa\u00f1a.","breadcrumb":{"@id":"http:\/\/temislaw.ch\/es\/nosotros\/#breadcrumb"},"inLanguage":"es","potentialAction":[{"@type":"ReadAction","target":["http:\/\/temislaw.ch\/es\/nosotros\/"]}]},{"@type":"BreadcrumbList","@id":"http:\/\/temislaw.ch\/es\/nosotros\/#breadcrumb","itemListElement":[{"@type":"ListItem","position":1,"name":"Home","item":"https:\/\/temislaw.ch\/es\/"},{"@type":"ListItem","position":2,"name":"Nosotros"}]},{"@type":"WebSite","@id":"https:\/\/temislaw.ch\/es\/#website","url":"https:\/\/temislaw.ch\/es\/","name":"Temis Law","description":"Abogados y asesores fiscales en Z\u00fcrich","publisher":{"@id":"https:\/\/temislaw.ch\/es\/#organization"},"potentialAction":[{"@type":"SearchAction","target":{"@type":"EntryPoint","urlTemplate":"https:\/\/temislaw.ch\/es\/?s={search_term_string}"},"query-input":{"@type":"PropertyValueSpecification","valueRequired":true,"valueName":"search_term_string"}}],"inLanguage":"es"},{"@type":"Organization","@id":"https:\/\/temislaw.ch\/es\/#organization","name":"Temis Law","url":"https:\/\/temislaw.ch\/es\/","logo":{"@type":"ImageObject","inLanguage":"es","@id":"https:\/\/temislaw.ch\/es\/#\/schema\/logo\/image\/","url":"http:\/\/temislaw.ch\/wp-content\/uploads\/TemisLaw_color.png","contentUrl":"http:\/\/temislaw.ch\/wp-content\/uploads\/TemisLaw_color.png","width":1920,"height":450,"caption":"Temis Law"},"image":{"@id":"https:\/\/temislaw.ch\/es\/#\/schema\/logo\/image\/"},"sameAs":["https:\/\/es.linkedin.com\/company\/temis-law-international-lawyers"]}]}},"_links":{"self":[{"href":"http:\/\/temislaw.ch\/es\/wp-json\/wp\/v2\/pages\/72","targetHints":{"allow":["GET"]}}],"collection":[{"href":"http:\/\/temislaw.ch\/es\/wp-json\/wp\/v2\/pages"}],"about":[{"href":"http:\/\/temislaw.ch\/es\/wp-json\/wp\/v2\/types\/page"}],"author":[{"embeddable":true,"href":"http:\/\/temislaw.ch\/es\/wp-json\/wp\/v2\/users\/1"}],"replies":[{"embeddable":true,"href":"http:\/\/temislaw.ch\/es\/wp-json\/wp\/v2\/comments?post=72"}],"version-history":[{"count":5,"href":"http:\/\/temislaw.ch\/es\/wp-json\/wp\/v2\/pages\/72\/revisions"}],"predecessor-version":[{"id":1681,"href":"http:\/\/temislaw.ch\/es\/wp-json\/wp\/v2\/pages\/72\/revisions\/1681"}],"wp:attachment":[{"href":"http:\/\/temislaw.ch\/es\/wp-json\/wp\/v2\/media?parent=72"}],"curies":[{"name":"wp","href":"https:\/\/api.w.org\/{rel}","templated":true}]}}