{"id":1247,"date":"2020-06-13T19:16:45","date_gmt":"2020-06-13T17:16:45","guid":{"rendered":"https:\/\/temislaw.ch\/kontakt\/"},"modified":"2026-01-17T13:17:53","modified_gmt":"2026-01-17T11:17:53","slug":"kontakt","status":"publish","type":"page","link":"https:\/\/temislaw.ch\/de\/kontakt\/","title":{"rendered":"Kontakt"},"content":{"rendered":"<p>[et_pb_section fb_built=&#8220;1&#8243; _builder_version=&#8220;4.16&#8243; custom_margin=&#8220;0px||0px||true|false&#8220; custom_padding=&#8220;0px||0px||true|false&#8220; global_colors_info=&#8220;{}&#8220;][et_pb_row _builder_version=&#8220;4.16&#8243; width=&#8220;100%&#8220; max_width=&#8220;2560px&#8220; custom_margin=&#8220;0px||0px||true|false&#8220; custom_padding=&#8220;0px||0px||true|false&#8220; global_colors_info=&#8220;{}&#8220;][et_pb_column type=&#8220;4_4&#8243; _builder_version=&#8220;4.16&#8243; global_colors_info=&#8220;{}&#8220;][et_pb_cta title=&#8220;Lokale Teams mit internationaler Integration&#8220; _builder_version=&#8220;4.16&#8243; header_font=&#8220;|600|||||||&#8220; header_text_color=&#8220;#d3b375&#8243; header_font_size=&#8220;40px&#8220; header_line_height=&#8220;1.1em&#8220; body_text_align=&#8220;center&#8220; body_text_color=&#8220;#d3b375&#8243; body_font_size=&#8220;25px&#8220; body_line_height=&#8220;1.5em&#8220; background_color=&#8220;#d3b375&#8243; use_background_color_gradient=&#8220;on&#8220; background_color_gradient_stops=&#8220;rgba(54,63,82,0.4) 0%|rgba(54,63,82,0.4) 100%&#8220; background_color_gradient_overlays_image=&#8220;on&#8220; background_color_gradient_start=&#8220;rgba(54,63,82,0.4)&#8220; background_color_gradient_end=&#8220;rgba(54,63,82,0.4)&#8220; background_image=&#8220;http:\/\/temislaw.ch\/wp-content\/uploads\/krzysztof-hepner-TH7TW20de9s-unsplash_2560x1562.jpg&#8220; background_position=&#8220;bottom_center&#8220; custom_padding=&#8220;20vh||20vh||true|false&#8220; global_colors_info=&#8220;{}&#8220;]<\/p>\n<p>Barcelona, Madrid, Balearen, Z\u00fcrich, <br \/> Amsterdam<br \/>\nLissabon, London <\/p>\n<p>[\/et_pb_cta][\/et_pb_column][\/et_pb_row][\/et_pb_section][et_pb_section fb_built=&#8220;1&#8243; _builder_version=&#8220;4.16&#8243; custom_padding=&#8220;47px||47px||true|&#8220; global_colors_info=&#8220;{}&#8220;][et_pb_row column_structure=&#8220;1_2,1_2&#8243; _builder_version=&#8220;4.16&#8243; custom_margin=&#8220;|auto|-8px|auto||&#8220; global_colors_info=&#8220;{}&#8220;][et_pb_column type=&#8220;1_2&#8243; _builder_version=&#8220;4.16&#8243; global_colors_info=&#8220;{}&#8220;][et_pb_text _builder_version=&#8220;4.16&#8243; header_2_font_size=&#8220;30px&#8220; header_3_font=&#8220;|800|||||||&#8220; header_3_text_color=&#8220;#d3b375&#8243; header_3_font_size=&#8220;20px&#8220; global_colors_info=&#8220;{}&#8220;]<\/p>\n<h3 style=\"text-align: left;\">B\u00dcRO IN Z\u00dcRICH<\/h3>\n<p>[\/et_pb_text][et_pb_text _builder_version=&#8220;4.27.4&#8243; text_font=&#8220;|300|||||||&#8220; text_font_size=&#8220;16px&#8220; text_line_height=&#8220;1.6em&#8220; global_colors_info=&#8220;{}&#8220;]<\/p>\n<p>Bellerivestrasse 2<br \/>8008 Z\u00fcrich, Schweiz<\/p>\n<p><\/p>\n<p><a href=\"mailto:hola@temislaw.ch\">hola@temislaw.ch<\/a><\/p>\n<p><\/p>\n<p><a href=\"tel:+41435010495\">+41 (0) 43 501 04 95 <\/a><\/p>\n<p>[\/et_pb_text][et_pb_text _builder_version=&#8220;4.17.4&#8243; header_2_font_size=&#8220;30px&#8220; header_3_font=&#8220;|800|||||||&#8220; header_3_text_color=&#8220;#d3b375&#8243; header_3_font_size=&#8220;20px&#8220; global_colors_info=&#8220;{}&#8220;]<\/p>\n<h3 style=\"text-align: left;\">NETZWERKB\u00dcROS<\/h3>\n<p>[\/et_pb_text][et_pb_text _builder_version=&#8220;4.16&#8243; text_font=&#8220;|300|||||||&#8220; text_font_size=&#8220;16px&#8220; text_line_height=&#8220;1.6em&#8220; global_colors_info=&#8220;{}&#8220;]London, Madrid, Algarve, Amsterdam[\/et_pb_text][\/et_pb_column][et_pb_column type=&#8220;1_2&#8243; _builder_version=&#8220;4.16&#8243; global_colors_info=&#8220;{}&#8220;][et_pb_text disabled_on=&#8220;on|on|on&#8220; _builder_version=&#8220;4.27.5&#8243; _module_preset=&#8220;default&#8220; hover_enabled=&#8220;0&#8243; global_colors_info=&#8220;{}&#8220; disabled=&#8220;on&#8220; sticky_enabled=&#8220;0&#8243;]<\/p>\n<h3>Wir w\u00fcnschen Ihnen au\u00dferdem frohe Feiertage und ein erfolgreiches neues Jahr voller Gesundheit, Freude und neuer Anf\u00e4nge.<\/h3>\n<p><\/p>\n<p>Unsere Kanzlei bleibt vom 22. Dezember 2025 bis 6. Januar 2026 wegen Urlaub geschlossen.<\/p>\n<p><\/p>\n<p>In diesem Zeitraum k\u00f6nnen wir keine Anrufe entgegennehmen oder Nachrichten beantworten. Ab dem 07.01.2026\u00a0 sind wir wieder wie gewohnt f\u00fcr Sie da und beantworten alle Anfragen so schnell wie m\u00f6glich.<\/p>\n<p><\/p>\n<p>Vielen Dank f\u00fcr Ihr Verst\u00e4ndnis.<\/p>\n<p>[\/et_pb_text][et_pb_contact_form email=&#8220;hola@temislaw.ch&#8220; custom_message=&#8220;DATOS DE CONTACTO||et_pb_line_break_holder||||et_pb_line_break_holder||NOMBRE Y APELLIDOS: %%nombre_y_apellidos%%||et_pb_line_break_holder||EMAIL: %%direcci\u00f3n_de_correo_electr\u00f3nico%%||et_pb_line_break_holder||TELEFONO:%%telefono%%||et_pb_line_break_holder||||et_pb_line_break_holder||CONSULTA||et_pb_line_break_holder||||et_pb_line_break_holder||SERVICIO: %%servicios%%||et_pb_line_break_holder||MENSAJE:||et_pb_line_break_holder||%%mensaje%%||et_pb_line_break_holder||||et_pb_line_break_holder||||et_pb_line_break_holder||POL\u00cdTICA DE PRIVACIDAD||et_pb_line_break_holder||%%privacidad%% Pol\u00edtica de Privacidad&#8220; success_message=&#8220;Vielen Dank, dass Sie sich an das Temis Law-Team gewandt haben. Wir werden uns in K\u00fcrze mit Ihnen in Verbindung setzen, um Ihre Fragen zu beantworten.&#8220; submit_button_text=&#8220;Senden&#8220; _builder_version=&#8220;4.16&#8243; _unique_id=&#8220;10cf6cfc-b40c-482c-bf88-89f0ee7c6a02&#8243; border_color_bottom=&#8220;#363f52&#8243; global_colors_info=&#8220;{}&#8220; border_width_all__hover_enabled=&#8220;on|hover&#8220; border_width_bottom__hover_enabled=&#8220;on|desktop&#8220;][et_pb_contact_field field_id=&#8220;nombre_y_apellidos&#8220; field_title=&#8220;Name und Vorname&#8220; fullwidth_field=&#8220;on&#8220; _builder_version=&#8220;4.16&#8243; global_colors_info=&#8220;{}&#8220; button_text_size__hover_enabled=&#8220;off&#8220; button_one_text_size__hover_enabled=&#8220;off&#8220; button_two_text_size__hover_enabled=&#8220;off&#8220; button_text_color__hover_enabled=&#8220;off&#8220; button_one_text_color__hover_enabled=&#8220;off&#8220; button_two_text_color__hover_enabled=&#8220;off&#8220; button_border_width__hover_enabled=&#8220;off&#8220; button_one_border_width__hover_enabled=&#8220;off&#8220; button_two_border_width__hover_enabled=&#8220;off&#8220; button_border_color__hover_enabled=&#8220;off&#8220; button_one_border_color__hover_enabled=&#8220;off&#8220; button_two_border_color__hover_enabled=&#8220;off&#8220; button_border_radius__hover_enabled=&#8220;off&#8220; button_one_border_radius__hover_enabled=&#8220;off&#8220; button_two_border_radius__hover_enabled=&#8220;off&#8220; button_letter_spacing__hover_enabled=&#8220;off&#8220; button_one_letter_spacing__hover_enabled=&#8220;off&#8220; button_two_letter_spacing__hover_enabled=&#8220;off&#8220; button_bg_color__hover_enabled=&#8220;off&#8220; button_one_bg_color__hover_enabled=&#8220;off&#8220; button_two_bg_color__hover_enabled=&#8220;off&#8220; border_width_bottom__hover_enabled=&#8220;on|hover&#8220; border_width_bottom__hover=&#8220;2px&#8220;][\/et_pb_contact_field][et_pb_contact_field field_id=&#8220;direcci\u00f3n_de_correo_electr\u00f3nico&#8220; field_title=&#8220;Email&#8220; field_type=&#8220;email&#8220; fullwidth_field=&#8220;on&#8220; _builder_version=&#8220;4.16&#8243; global_colors_info=&#8220;{}&#8220; button_text_size__hover_enabled=&#8220;off&#8220; button_one_text_size__hover_enabled=&#8220;off&#8220; button_two_text_size__hover_enabled=&#8220;off&#8220; button_text_color__hover_enabled=&#8220;off&#8220; button_one_text_color__hover_enabled=&#8220;off&#8220; button_two_text_color__hover_enabled=&#8220;off&#8220; button_border_width__hover_enabled=&#8220;off&#8220; button_one_border_width__hover_enabled=&#8220;off&#8220; button_two_border_width__hover_enabled=&#8220;off&#8220; button_border_color__hover_enabled=&#8220;off&#8220; button_one_border_color__hover_enabled=&#8220;off&#8220; button_two_border_color__hover_enabled=&#8220;off&#8220; button_border_radius__hover_enabled=&#8220;off&#8220; button_one_border_radius__hover_enabled=&#8220;off&#8220; button_two_border_radius__hover_enabled=&#8220;off&#8220; button_letter_spacing__hover_enabled=&#8220;off&#8220; button_one_letter_spacing__hover_enabled=&#8220;off&#8220; button_two_letter_spacing__hover_enabled=&#8220;off&#8220; button_bg_color__hover_enabled=&#8220;off&#8220; button_one_bg_color__hover_enabled=&#8220;off&#8220; button_two_bg_color__hover_enabled=&#8220;off&#8220; border_width_bottom__hover_enabled=&#8220;on|hover&#8220; border_width_bottom__hover=&#8220;2px&#8220;][\/et_pb_contact_field][et_pb_contact_field field_id=&#8220;telefono&#8220; field_title=&#8220;Telephon&#8220; fullwidth_field=&#8220;on&#8220; _builder_version=&#8220;4.16&#8243; global_colors_info=&#8220;{}&#8220; border_width_bottom__hover_enabled=&#8220;on|hover&#8220; border_width_bottom__hover=&#8220;2px&#8220;][\/et_pb_contact_field][et_pb_contact_field field_id=&#8220;servicios&#8220; field_title=&#8220;Dienstleistungen&#8220; field_type=&#8220;select&#8220; select_options=&#8220;%91{%22value%22:%22Einzelpersonen mit Wohnsitz in der Schweiz%22,%22checked%22:0,%22dragID%22:-1},{%22value%22:%22Verm\u00f6gen und Investitionen %22,%22checked%22:0,%22dragID%22:0},{%22value%22:%22Unternehmen mit wirtschaftlichen Beziehungen Spanien-Schweiz %22,%22checked%22:0,%22dragID%22:1},{%22value%22:%22Schweizer und andere Staatsangeh\u00f6rige mit Beziehungen zu Spanien%22,%22checked%22:0,%22dragID%22:2}%93&#8243; fullwidth_field=&#8220;on&#8220; _builder_version=&#8220;4.16&#8243; global_colors_info=&#8220;{}&#8220; border_width_bottom__hover_enabled=&#8220;on|hover&#8220; border_width_bottom__hover=&#8220;2px&#8220;][\/et_pb_contact_field][et_pb_contact_field field_id=&#8220;mensaje&#8220; field_title=&#8220;Nachricht&#8220; field_type=&#8220;text&#8220; fullwidth_field=&#8220;on&#8220; _builder_version=&#8220;4.16&#8243; global_colors_info=&#8220;{}&#8220; button_text_size__hover_enabled=&#8220;off&#8220; button_one_text_size__hover_enabled=&#8220;off&#8220; button_two_text_size__hover_enabled=&#8220;off&#8220; button_text_color__hover_enabled=&#8220;off&#8220; button_one_text_color__hover_enabled=&#8220;off&#8220; button_two_text_color__hover_enabled=&#8220;off&#8220; button_border_width__hover_enabled=&#8220;off&#8220; button_one_border_width__hover_enabled=&#8220;off&#8220; button_two_border_width__hover_enabled=&#8220;off&#8220; button_border_color__hover_enabled=&#8220;off&#8220; button_one_border_color__hover_enabled=&#8220;off&#8220; button_two_border_color__hover_enabled=&#8220;off&#8220; button_border_radius__hover_enabled=&#8220;off&#8220; button_one_border_radius__hover_enabled=&#8220;off&#8220; button_two_border_radius__hover_enabled=&#8220;off&#8220; button_letter_spacing__hover_enabled=&#8220;off&#8220; button_one_letter_spacing__hover_enabled=&#8220;off&#8220; button_two_letter_spacing__hover_enabled=&#8220;off&#8220; button_bg_color__hover_enabled=&#8220;off&#8220; button_one_bg_color__hover_enabled=&#8220;off&#8220; button_two_bg_color__hover_enabled=&#8220;off&#8220; border_width_bottom__hover_enabled=&#8220;on|hover&#8220; border_width_bottom__hover=&#8220;2px&#8220;][\/et_pb_contact_field][et_pb_contact_field field_id=&#8220;privacidad&#8220; field_title=&#8220; &#8220; field_type=&#8220;checkbox&#8220; checkbox_options=&#8220;%91{%22value%22:%22Ich akzeptiere die %22,%22checked%22:0,%22dragID%22:-1,%22link_url%22:%22https:%92\/%92\/temislaw.ch%92\/de%92\/datenschutz%92\/%22,%22link_text%22:%22Datenschutz%22}%93&#8243; fullwidth_field=&#8220;on&#8220; _builder_version=&#8220;4.16&#8243; global_colors_info=&#8220;{}&#8220;][\/et_pb_contact_field][\/et_pb_contact_form][\/et_pb_column][\/et_pb_row][\/et_pb_section][et_pb_section fb_built=&#8220;1&#8243; _builder_version=&#8220;4.16&#8243; custom_padding=&#8220;0px||0px||true|&#8220; global_colors_info=&#8220;{}&#8220;][et_pb_row use_custom_gutter=&#8220;on&#8220; gutter_width=&#8220;1&#8243; _builder_version=&#8220;4.27.4&#8243; width=&#8220;100%&#8220; max_width=&#8220;2560px&#8220; custom_margin=&#8220;3px|auto||auto||&#8220; custom_padding=&#8220;0px||0px||true|&#8220; global_colors_info=&#8220;{}&#8220;][et_pb_column type=&#8220;4_4&#8243; _builder_version=&#8220;4.17.4&#8243; custom_padding=&#8220;0px||0px||true|false&#8220; border_width_all=&#8220;2px&#8220; border_color_all=&#8220;#D3B375&#8243; global_colors_info=&#8220;{}&#8220;][et_pb_text _builder_version=&#8220;4.27.4&#8243; custom_margin=&#8220;0px||0px||true|false&#8220; custom_padding=&#8220;0px||0px||true|false&#8220; global_colors_info=&#8220;{}&#8220;]<iframe src=\"https:\/\/www.google.com\/maps\/embed?pb=!1m18!1m12!1m3!1d5405.266369392926!2d8.54340229990604!3d47.36055909370777!2m3!1f0!2f0!3f0!3m2!1i1024!2i768!4f13.1!3m3!1m2!1s0x479aa7518183b717%3A0x490f5d5b91fcc8f4!2sBellerivestrasse%202%2C%208008%20Z%C3%BCrich%2C%20Suiza!5e0!3m2!1ses!2ses!4v1738001416851!5m2!1ses!2ses\" width=\"2560\" height=\"500\" style=\"border: 0;\" allowfullscreen=\"\" loading=\"lazy\" referrerpolicy=\"no-referrer-when-downgrade\"><\/iframe>[\/et_pb_text][\/et_pb_column][\/et_pb_row][\/et_pb_section]<\/p>\n","protected":false},"excerpt":{"rendered":"<p>Barcelona, Madrid, Balearen, Z\u00fcrich, Amsterdam Lissabon, London B\u00dcRO IN Z\u00dcRICHBellerivestrasse 28008 Z\u00fcrich, Schweizhola@temislaw.ch+41 (0) 43 501 04 95 NETZWERKB\u00dcROSLondon, Madrid, Algarve, AmsterdamWir w\u00fcnschen Ihnen au\u00dferdem frohe Feiertage und ein erfolgreiches neues Jahr voller Gesundheit, Freude und neuer Anf\u00e4nge.Unsere Kanzlei bleibt vom 22. Dezember 2025 bis 6. Januar 2026 wegen Urlaub geschlossen.In diesem Zeitraum k\u00f6nnen wir [&hellip;]<\/p>\n","protected":false},"author":1,"featured_media":0,"parent":0,"menu_order":5,"comment_status":"closed","ping_status":"closed","template":"","meta":{"_et_pb_use_builder":"on","_et_pb_old_content":"","_et_gb_content_width":"","footnotes":""},"class_list":["post-1247","page","type-page","status-publish","hentry"],"yoast_head":"<!-- This site is optimized with the Yoast SEO plugin v27.3 - https:\/\/yoast.com\/product\/yoast-seo-wordpress\/ -->\n<title>Kontakt - Temis Law<\/title>\n<meta name=\"description\" content=\"Lokale Teams, die weitreichende Dienstleistungen anbieten: Wir haben B\u00fcros in Z\u00fcrich, Barcelona, Madrid und auf den Balearen. In K\u00fcrze in Lissabon, den Niederlanden und Gro\u00dfbritannien.\" \/>\n<meta name=\"robots\" content=\"index, follow, max-snippet:-1, max-image-preview:large, max-video-preview:-1\" \/>\n<link rel=\"canonical\" href=\"https:\/\/temislaw.ch\/de\/kontakt\/\" \/>\n<meta property=\"og:locale\" content=\"de_DE\" \/>\n<meta property=\"og:type\" content=\"article\" \/>\n<meta property=\"og:title\" content=\"Kontakt - Temis Law\" \/>\n<meta property=\"og:description\" content=\"Lokale Teams, die weitreichende Dienstleistungen anbieten: Wir haben B\u00fcros in Z\u00fcrich, Barcelona, Madrid und auf den Balearen. In K\u00fcrze in Lissabon, den Niederlanden und Gro\u00dfbritannien.\" \/>\n<meta property=\"og:url\" content=\"https:\/\/temislaw.ch\/de\/kontakt\/\" \/>\n<meta property=\"og:site_name\" content=\"Temis Law\" \/>\n<meta property=\"article:modified_time\" content=\"2026-01-17T11:17:53+00:00\" \/>\n<meta name=\"twitter:card\" content=\"summary_large_image\" \/>\n<meta name=\"twitter:label1\" content=\"Gesch\u00e4tzte Lesezeit\" \/>\n\t<meta name=\"twitter:data1\" content=\"2\u00a0Minuten\" \/>\n<script type=\"application\/ld+json\" class=\"yoast-schema-graph\">{\"@context\":\"https:\\\/\\\/schema.org\",\"@graph\":[{\"@type\":\"WebPage\",\"@id\":\"https:\\\/\\\/temislaw.ch\\\/de\\\/kontakt\\\/\",\"url\":\"https:\\\/\\\/temislaw.ch\\\/de\\\/kontakt\\\/\",\"name\":\"Kontakt - Temis Law\",\"isPartOf\":{\"@id\":\"https:\\\/\\\/temislaw.ch\\\/de\\\/#website\"},\"datePublished\":\"2020-06-13T17:16:45+00:00\",\"dateModified\":\"2026-01-17T11:17:53+00:00\",\"description\":\"Lokale Teams, die weitreichende Dienstleistungen anbieten: Wir haben B\u00fcros in Z\u00fcrich, Barcelona, Madrid und auf den Balearen. In K\u00fcrze in Lissabon, den Niederlanden und Gro\u00dfbritannien.\",\"breadcrumb\":{\"@id\":\"https:\\\/\\\/temislaw.ch\\\/de\\\/kontakt\\\/#breadcrumb\"},\"inLanguage\":\"de\",\"potentialAction\":[{\"@type\":\"ReadAction\",\"target\":[\"https:\\\/\\\/temislaw.ch\\\/de\\\/kontakt\\\/\"]}]},{\"@type\":\"BreadcrumbList\",\"@id\":\"https:\\\/\\\/temislaw.ch\\\/de\\\/kontakt\\\/#breadcrumb\",\"itemListElement\":[{\"@type\":\"ListItem\",\"position\":1,\"name\":\"Home\",\"item\":\"https:\\\/\\\/temislaw.ch\\\/de\\\/\"},{\"@type\":\"ListItem\",\"position\":2,\"name\":\"Kontakt\"}]},{\"@type\":\"WebSite\",\"@id\":\"https:\\\/\\\/temislaw.ch\\\/de\\\/#website\",\"url\":\"https:\\\/\\\/temislaw.ch\\\/de\\\/\",\"name\":\"Temis Law\",\"description\":\"Abogados y asesores fiscales en Z\u00fcrich\",\"publisher\":{\"@id\":\"https:\\\/\\\/temislaw.ch\\\/de\\\/#organization\"},\"potentialAction\":[{\"@type\":\"SearchAction\",\"target\":{\"@type\":\"EntryPoint\",\"urlTemplate\":\"https:\\\/\\\/temislaw.ch\\\/de\\\/?s={search_term_string}\"},\"query-input\":{\"@type\":\"PropertyValueSpecification\",\"valueRequired\":true,\"valueName\":\"search_term_string\"}}],\"inLanguage\":\"de\"},{\"@type\":\"Organization\",\"@id\":\"https:\\\/\\\/temislaw.ch\\\/de\\\/#organization\",\"name\":\"Temis Law\",\"url\":\"https:\\\/\\\/temislaw.ch\\\/de\\\/\",\"logo\":{\"@type\":\"ImageObject\",\"inLanguage\":\"de\",\"@id\":\"https:\\\/\\\/temislaw.ch\\\/de\\\/#\\\/schema\\\/logo\\\/image\\\/\",\"url\":\"http:\\\/\\\/temislaw.ch\\\/wp-content\\\/uploads\\\/TemisLaw_color.png\",\"contentUrl\":\"http:\\\/\\\/temislaw.ch\\\/wp-content\\\/uploads\\\/TemisLaw_color.png\",\"width\":1920,\"height\":450,\"caption\":\"Temis Law\"},\"image\":{\"@id\":\"https:\\\/\\\/temislaw.ch\\\/de\\\/#\\\/schema\\\/logo\\\/image\\\/\"},\"sameAs\":[\"https:\\\/\\\/es.linkedin.com\\\/company\\\/temis-law-international-lawyers\"]}]}<\/script>\n<!-- \/ Yoast SEO plugin. -->","yoast_head_json":{"title":"Kontakt - Temis Law","description":"Lokale Teams, die weitreichende Dienstleistungen anbieten: Wir haben B\u00fcros in Z\u00fcrich, Barcelona, Madrid und auf den Balearen. In K\u00fcrze in Lissabon, den Niederlanden und Gro\u00dfbritannien.","robots":{"index":"index","follow":"follow","max-snippet":"max-snippet:-1","max-image-preview":"max-image-preview:large","max-video-preview":"max-video-preview:-1"},"canonical":"https:\/\/temislaw.ch\/de\/kontakt\/","og_locale":"de_DE","og_type":"article","og_title":"Kontakt - Temis Law","og_description":"Lokale Teams, die weitreichende Dienstleistungen anbieten: Wir haben B\u00fcros in Z\u00fcrich, Barcelona, Madrid und auf den Balearen. In K\u00fcrze in Lissabon, den Niederlanden und Gro\u00dfbritannien.","og_url":"https:\/\/temislaw.ch\/de\/kontakt\/","og_site_name":"Temis Law","article_modified_time":"2026-01-17T11:17:53+00:00","twitter_card":"summary_large_image","twitter_misc":{"Gesch\u00e4tzte Lesezeit":"2\u00a0Minuten"},"schema":{"@context":"https:\/\/schema.org","@graph":[{"@type":"WebPage","@id":"https:\/\/temislaw.ch\/de\/kontakt\/","url":"https:\/\/temislaw.ch\/de\/kontakt\/","name":"Kontakt - Temis Law","isPartOf":{"@id":"https:\/\/temislaw.ch\/de\/#website"},"datePublished":"2020-06-13T17:16:45+00:00","dateModified":"2026-01-17T11:17:53+00:00","description":"Lokale Teams, die weitreichende Dienstleistungen anbieten: Wir haben B\u00fcros in Z\u00fcrich, Barcelona, Madrid und auf den Balearen. In K\u00fcrze in Lissabon, den Niederlanden und Gro\u00dfbritannien.","breadcrumb":{"@id":"https:\/\/temislaw.ch\/de\/kontakt\/#breadcrumb"},"inLanguage":"de","potentialAction":[{"@type":"ReadAction","target":["https:\/\/temislaw.ch\/de\/kontakt\/"]}]},{"@type":"BreadcrumbList","@id":"https:\/\/temislaw.ch\/de\/kontakt\/#breadcrumb","itemListElement":[{"@type":"ListItem","position":1,"name":"Home","item":"https:\/\/temislaw.ch\/de\/"},{"@type":"ListItem","position":2,"name":"Kontakt"}]},{"@type":"WebSite","@id":"https:\/\/temislaw.ch\/de\/#website","url":"https:\/\/temislaw.ch\/de\/","name":"Temis Law","description":"Abogados y asesores fiscales en Z\u00fcrich","publisher":{"@id":"https:\/\/temislaw.ch\/de\/#organization"},"potentialAction":[{"@type":"SearchAction","target":{"@type":"EntryPoint","urlTemplate":"https:\/\/temislaw.ch\/de\/?s={search_term_string}"},"query-input":{"@type":"PropertyValueSpecification","valueRequired":true,"valueName":"search_term_string"}}],"inLanguage":"de"},{"@type":"Organization","@id":"https:\/\/temislaw.ch\/de\/#organization","name":"Temis Law","url":"https:\/\/temislaw.ch\/de\/","logo":{"@type":"ImageObject","inLanguage":"de","@id":"https:\/\/temislaw.ch\/de\/#\/schema\/logo\/image\/","url":"http:\/\/temislaw.ch\/wp-content\/uploads\/TemisLaw_color.png","contentUrl":"http:\/\/temislaw.ch\/wp-content\/uploads\/TemisLaw_color.png","width":1920,"height":450,"caption":"Temis Law"},"image":{"@id":"https:\/\/temislaw.ch\/de\/#\/schema\/logo\/image\/"},"sameAs":["https:\/\/es.linkedin.com\/company\/temis-law-international-lawyers"]}]}},"_links":{"self":[{"href":"https:\/\/temislaw.ch\/de\/wp-json\/wp\/v2\/pages\/1247","targetHints":{"allow":["GET"]}}],"collection":[{"href":"https:\/\/temislaw.ch\/de\/wp-json\/wp\/v2\/pages"}],"about":[{"href":"https:\/\/temislaw.ch\/de\/wp-json\/wp\/v2\/types\/page"}],"author":[{"embeddable":true,"href":"https:\/\/temislaw.ch\/de\/wp-json\/wp\/v2\/users\/1"}],"replies":[{"embeddable":true,"href":"https:\/\/temislaw.ch\/de\/wp-json\/wp\/v2\/comments?post=1247"}],"version-history":[{"count":5,"href":"https:\/\/temislaw.ch\/de\/wp-json\/wp\/v2\/pages\/1247\/revisions"}],"predecessor-version":[{"id":1863,"href":"https:\/\/temislaw.ch\/de\/wp-json\/wp\/v2\/pages\/1247\/revisions\/1863"}],"wp:attachment":[{"href":"https:\/\/temislaw.ch\/de\/wp-json\/wp\/v2\/media?parent=1247"}],"curies":[{"name":"wp","href":"https:\/\/api.w.org\/{rel}","templated":true}]}}