{"id":1251,"date":"2020-06-14T06:38:41","date_gmt":"2020-06-14T04:38:41","guid":{"rendered":"https:\/\/temislaw.ch\/dienstleistungen\/"},"modified":"2021-03-05T20:58:22","modified_gmt":"2021-03-05T18:58:22","slug":"dienstleistungen","status":"publish","type":"page","link":"https:\/\/temislaw.ch\/de\/dienstleistungen\/","title":{"rendered":"Dienstleistungen"},"content":{"rendered":"<p>[et_pb_section fb_built=&#8220;1&#8243; _builder_version=&#8220;4.3.3&#8243; custom_margin=&#8220;0px||0px||true|false&#8220; custom_padding=&#8220;0px||0px||true|false&#8220;][et_pb_row _builder_version=&#8220;4.3.3&#8243; width=&#8220;100%&#8220; max_width=&#8220;2560px&#8220; custom_margin=&#8220;0px||0px||true|false&#8220; custom_padding=&#8220;0px||0px||true|false&#8220;][et_pb_column type=&#8220;4_4&#8243; _builder_version=&#8220;4.3.3&#8243;][et_pb_cta title=&#8220;Wir teilen mit Ihnen unsere Erfahrungen&#8220; _builder_version=&#8220;4.4.4&#8243; header_font=&#8220;|600|||||||&#8220; header_text_color=&#8220;#d3b375&#8243; header_font_size=&#8220;40px&#8220; header_line_height=&#8220;1.3em&#8220; body_text_align=&#8220;center&#8220; body_text_color=&#8220;#d3b375&#8243; body_font_size=&#8220;25px&#8220; background_color=&#8220;#d3b375&#8243; use_background_color_gradient=&#8220;on&#8220; background_color_gradient_start=&#8220;rgba(54,63,82,0.5)&#8220; background_color_gradient_end=&#8220;rgba(54,63,82,0.5)&#8220; background_color_gradient_overlays_image=&#8220;on&#8220; background_image=&#8220;http:\/\/temislaw.ch\/wp-content\/uploads\/dmitrij-paskevic-YjVa-F9P9kk-unsplash_2560x1706-2.jpg&#8220; custom_padding=&#8220;20vh||20vh||true|false&#8220; header_font_size_tablet=&#8220;&#8220; header_font_size_phone=&#8220;37px&#8220; header_font_size_last_edited=&#8220;on|phone&#8220;]<pWir nutzen unsere professionelle Erfahrung dazu, Ihnen das Leben zu erleichtern, wenn Sie aus dem Ausland kommen.<\/p>\n<p>[\/et_pb_cta][\/et_pb_column][\/et_pb_row][\/et_pb_section][et_pb_section fb_built=&#8220;1&#8243; _builder_version=&#8220;4.3.3&#8243; background_color=&#8220;rgba(54,63,82,0.2)&#8220; global_module=&#8220;268&#8243; saved_tabs=&#8220;all&#8220;][et_pb_row _builder_version=&#8220;4.3.3&#8243;][et_pb_column type=&#8220;4_4&#8243; _builder_version=&#8220;4.3.3&#8243;][et_pb_text _builder_version=&#8220;4.3.3&#8243; header_2_font_size=&#8220;30px&#8220; header_3_font=&#8220;|600|||||||&#8220; header_3_text_color=&#8220;#d3b375&#8243; header_3_font_size=&#8220;20px&#8220;]<\/p>\n<h3 style=\"text-align: center;\">DIENSTLEISTUNGEN<\/h3>\n<h2 style=\"text-align: center;\"><span class=\"tlid-translation translation\" lang=\"es\">Wir k\u00fcmmern uns um Sie, Ihre Familie und Ihre Gesch\u00e4fte<br \/>\n<\/span><\/h2>\n<p>[\/et_pb_text][\/et_pb_column][\/et_pb_row][et_pb_row column_structure=&#8220;1_4,1_4,1_4,1_4&#8243; _builder_version=&#8220;4.3.3&#8243; custom_padding=&#8220;33px||33px||true|&#8220;][et_pb_column type=&#8220;1_4&#8243; _builder_version=&#8220;4.3.3&#8243;][et_pb_blurb title=&#8220;Einzelpersonen mit wohnsit in der Schweiz &#8220; url=&#8220;@ET-DC@eyJkeW5hbWljIjp0cnVlLCJjb250ZW50IjoicG9zdF9saW5rX3VybF9wYWdlIiwic2V0dGluZ3MiOnsicG9zdF9pZCI6IjMyNiJ9fQ==@&#8220; image=&#8220;http:\/\/temislaw.ch\/wp-content\/uploads\/real-estate-golden-visa-blue.png&#8220; _builder_version=&#8220;4.4.4&#8243; _dynamic_attributes=&#8220;url&#8220; header_font=&#8220;|800|||||||&#8220; header_text_align=&#8220;center&#8220; header_font_size=&#8220;22px&#8220; header_line_height=&#8220;1.2em&#8220; min_height=&#8220;330px&#8220; min_height_tablet=&#8220;230px&#8220; min_height_last_edited=&#8220;off|desktop&#8220; custom_margin=&#8220;0px||0px||true|false&#8220; custom_padding=&#8220;||30px||false|false&#8220; link_option_url=&#8220;Mehr Informationen&#8220; custom_css_blurb_title=&#8220;min-height: 110px !important;&#8220;]<\/p>\n<p style=\"text-align: center; \">Individualisierte L\u00f6sungen und Beratung f\u00fcr die spanische Gemeinschaft in der Schweiz.<\/p>\n<p>[\/et_pb_blurb][et_pb_button button_url=&#8220;@ET-DC@eyJkeW5hbWljIjp0cnVlLCJjb250ZW50IjoicG9zdF9saW5rX3VybF9wYWdlIiwic2V0dGluZ3MiOnsicG9zdF9pZCI6IjMyNiJ9fQ==@&#8220; button_text=&#8220;Mehr Informationen&#8220; button_alignment=&#8220;center&#8220; _builder_version=&#8220;4.4.3&#8243; _dynamic_attributes=&#8220;button_url&#8220; custom_button=&#8220;on&#8220; button_text_size=&#8220;16px&#8220; button_font=&#8220;||||||||&#8220; custom_margin=&#8220;0px||0px||true|false&#8220; custom_padding=&#8220;0px||0px||true|false&#8220;][\/et_pb_button][\/et_pb_column][et_pb_column type=&#8220;1_4&#8243; _builder_version=&#8220;4.3.3&#8243;][et_pb_blurb title=&#8220;Schweizer und andere staatsangeh\u00f6rige mit beziehungen zu Spanien&#8220; url=&#8220;@ET-DC@eyJkeW5hbWljIjp0cnVlLCJjb250ZW50IjoicG9zdF9saW5rX3VybF9wYWdlIiwic2V0dGluZ3MiOnsicG9zdF9pZCI6IjE5MCJ9fQ==@&#8220; image=&#8220;http:\/\/temislaw.ch\/wp-content\/uploads\/real-estate-golden-visa-blue.png&#8220; _builder_version=&#8220;4.4.4&#8243; _dynamic_attributes=&#8220;url&#8220; header_font=&#8220;|800|||||||&#8220; header_text_align=&#8220;center&#8220; header_font_size=&#8220;22px&#8220; header_line_height=&#8220;1.2em&#8220; min_height=&#8220;330px&#8220; custom_margin=&#8220;0px||0px||true|false&#8220; custom_padding=&#8220;||30px||false|false&#8220; custom_css_blurb_title=&#8220;min-height: 110px !important;&#8220;]<\/p>\n<p style=\"text-align: center;\">Rechtliche und steuerliche Beratung in Zusammenhang mit Transaktionen von Eigentum und Erben in Spanien.<\/p>\n<p>[\/et_pb_blurb][et_pb_button button_url=&#8220;@ET-DC@eyJkeW5hbWljIjp0cnVlLCJjb250ZW50IjoicG9zdF9saW5rX3VybF9wYWdlIiwic2V0dGluZ3MiOnsicG9zdF9pZCI6IjE5MCJ9fQ==@&#8220; button_text=&#8220;Mehr Informationen&#8220; button_alignment=&#8220;center&#8220; _builder_version=&#8220;4.3.3&#8243; _dynamic_attributes=&#8220;button_url&#8220; custom_button=&#8220;on&#8220; button_text_size=&#8220;16px&#8220; button_font=&#8220;||||||||&#8220; custom_margin=&#8220;0px||0px||true|false&#8220; custom_padding=&#8220;0px||0px||true|false&#8220;][\/et_pb_button][\/et_pb_column][et_pb_column type=&#8220;1_4&#8243; _builder_version=&#8220;4.3.3&#8243;][et_pb_blurb title=&#8220;Unternehmen mit wirtschaftlichen beziehungen Spanien-Schweiz&#8220; url=&#8220;@ET-DC@eyJkeW5hbWljIjp0cnVlLCJjb250ZW50IjoicG9zdF9saW5rX3VybF9wYWdlIiwic2V0dGluZ3MiOnsicG9zdF9pZCI6IjM1MyJ9fQ==@&#8220; image=&#8220;http:\/\/temislaw.ch\/wp-content\/uploads\/real-estate-golden-visa-blue.png&#8220; _builder_version=&#8220;4.4.4&#8243; _dynamic_attributes=&#8220;url&#8220; header_font=&#8220;|800|||||||&#8220; header_text_align=&#8220;center&#8220; header_font_size=&#8220;22px&#8220; header_line_height=&#8220;1.2em&#8220; min_height=&#8220;330px&#8220; custom_margin=&#8220;0px||0px||true|false&#8220; custom_padding=&#8220;||30px||false|false&#8220; custom_css_blurb_title=&#8220;min-height: 110px !important;&#8220; custom_css_blurb_content=&#8220;min-height: 100px !important;&#8220;]<\/p>\n<p style=\"text-align: center;\">Beratung und Begleitung Ihrer Gesch\u00e4ftsangelegenheiten aus Rechtlicher, Steuerlich, Arbeits- und Verwaltungssicht.<\/p>\n<p>[\/et_pb_blurb][et_pb_button button_url=&#8220;@ET-DC@eyJkeW5hbWljIjp0cnVlLCJjb250ZW50IjoicG9zdF9saW5rX3VybF9wYWdlIiwic2V0dGluZ3MiOnsicG9zdF9pZCI6IjM1MyJ9fQ==@&#8220; button_text=&#8220;Mehr Informationen&#8220; button_alignment=&#8220;center&#8220; _builder_version=&#8220;4.3.3&#8243; _dynamic_attributes=&#8220;button_url&#8220; custom_button=&#8220;on&#8220; button_text_size=&#8220;16px&#8220; button_font=&#8220;||||||||&#8220; custom_margin=&#8220;0px||0px||true|false&#8220; custom_padding=&#8220;0px||0px||true|false&#8220;][\/et_pb_button][\/et_pb_column][et_pb_column type=&#8220;1_4&#8243; _builder_version=&#8220;4.3.3&#8243;][et_pb_blurb title=&#8220;Verm\u00f6gen und Investitionen &#8220; url=&#8220;@ET-DC@eyJkeW5hbWljIjp0cnVlLCJjb250ZW50IjoicG9zdF9saW5rX3VybF9wYWdlIiwic2V0dGluZ3MiOnsicG9zdF9pZCI6IjM2OCJ9fQ==@&#8220; image=&#8220;http:\/\/temislaw.ch\/wp-content\/uploads\/real-estate-golden-visa-blue.png&#8220; _builder_version=&#8220;4.4.4&#8243; _dynamic_attributes=&#8220;url&#8220; header_font=&#8220;|800|||||||&#8220; header_text_align=&#8220;center&#8220; header_font_size=&#8220;22px&#8220; header_line_height=&#8220;1.2em&#8220; min_height=&#8220;330px&#8220; custom_margin=&#8220;0px||0px||true|false&#8220; custom_padding=&#8220;||30px||false|false&#8220; custom_css_blurb_title=&#8220;min-height: 110px !important;&#8220; custom_css_blurb_content=&#8220;min-height: 100px !important;&#8220;]<\/p>\n<p style=\"text-align: center;\">Steuerliche und rechtliche Beratung f\u00fcr Treuhandb\u00fcros, Family Offices und andere K\u00f6rperschaften in der Verm\u00f6gensverwaltung.<\/p>\n<p>[\/et_pb_blurb][et_pb_button button_url=&#8220;@ET-DC@eyJkeW5hbWljIjp0cnVlLCJjb250ZW50IjoicG9zdF9saW5rX3VybF9wYWdlIiwic2V0dGluZ3MiOnsicG9zdF9pZCI6IjM2OCJ9fQ==@&#8220; button_text=&#8220;Mehr Informationen&#8220; button_alignment=&#8220;center&#8220; _builder_version=&#8220;4.3.3&#8243; _dynamic_attributes=&#8220;button_url&#8220; custom_button=&#8220;on&#8220; button_text_size=&#8220;16px&#8220; button_font=&#8220;||||||||&#8220; custom_margin=&#8220;0px||0px||true|false&#8220; custom_padding=&#8220;0px||0px||true|false&#8220;][\/et_pb_button][\/et_pb_column][\/et_pb_row][\/et_pb_section][et_pb_section fb_built=&#8220;1&#8243; _builder_version=&#8220;4.3.3&#8243; background_color=&#8220;#d3b375&#8243; custom_margin=&#8220;-16px|||||&#8220; global_module=&#8220;69&#8243; saved_tabs=&#8220;all&#8220;][et_pb_row _builder_version=&#8220;4.3.3&#8243;][et_pb_column type=&#8220;4_4&#8243; _builder_version=&#8220;4.3.3&#8243;][et_pb_text _builder_version=&#8220;4.3.3&#8243; header_font=&#8220;|800|||||||&#8220; header_text_color=&#8220;#363f52&#8243; header_font_size=&#8220;35px&#8220; header_2_font=&#8220;|600|||||||&#8220; header_2_font_size=&#8220;30px&#8220;]<\/p>\n<h2 style=\"text-align: center;\">W\u00fcnschen Sie mehr Informationen?<br \/>\n<\/h2>\n<h3 style=\"text-align: center;\">Unser Expertenteam steht Ihnen gerne zur Verf\u00fcgung.<\/h3>\n<p>[\/et_pb_text][et_pb_button button_url=&#8220;@ET-DC@eyJkeW5hbWljIjp0cnVlLCJjb250ZW50IjoicG9zdF9saW5rX3VybF9wYWdlIiwic2V0dGluZ3MiOnsicG9zdF9pZCI6IjExNCJ9fQ==@&#8220; button_text=&#8220;KONTAKT&#8220; button_alignment=&#8220;center&#8220; _builder_version=&#8220;4.4.4&#8243; _dynamic_attributes=&#8220;button_url&#8220;][\/et_pb_button][\/et_pb_column][\/et_pb_row][\/et_pb_section]<\/p>\n","protected":false},"excerpt":{"rendered":"","protected":false},"author":1,"featured_media":0,"parent":0,"menu_order":3,"comment_status":"closed","ping_status":"closed","template":"","meta":{"_et_pb_use_builder":"on","_et_pb_old_content":"","_et_gb_content_width":"","footnotes":""},"class_list":["post-1251","page","type-page","status-publish","hentry"],"yoast_head":"<!-- This site is optimized with the Yoast SEO plugin v27.3 - https:\/\/yoast.com\/product\/yoast-seo-wordpress\/ -->\n<title>Dienstleistungen - Temis Law<\/title>\n<meta name=\"description\" content=\"Wir teilen mit Ihnen unsere Erfahrungen, um Ihnen das Leben zu erleichtern, wenn Sie aus dem Ausland kommen. \u00dcberpr\u00fcfen Sie unsere Dienstleistungen.\" \/>\n<meta name=\"robots\" content=\"index, follow, max-snippet:-1, max-image-preview:large, max-video-preview:-1\" \/>\n<link rel=\"canonical\" href=\"https:\/\/temislaw.ch\/de\/dienstleistungen\/\" \/>\n<meta property=\"og:locale\" content=\"de_DE\" \/>\n<meta property=\"og:type\" content=\"article\" \/>\n<meta property=\"og:title\" content=\"Dienstleistungen - Temis Law\" \/>\n<meta property=\"og:description\" content=\"Wir teilen mit Ihnen unsere Erfahrungen, um Ihnen das Leben zu erleichtern, wenn Sie aus dem Ausland kommen. \u00dcberpr\u00fcfen Sie unsere Dienstleistungen.\" \/>\n<meta property=\"og:url\" content=\"https:\/\/temislaw.ch\/de\/dienstleistungen\/\" \/>\n<meta property=\"og:site_name\" content=\"Temis Law\" \/>\n<meta property=\"article:modified_time\" content=\"2021-03-05T18:58:22+00:00\" \/>\n<meta name=\"twitter:card\" content=\"summary_large_image\" \/>\n<meta name=\"twitter:label1\" content=\"Gesch\u00e4tzte Lesezeit\" \/>\n\t<meta name=\"twitter:data1\" content=\"1\u00a0Minute\" \/>\n<script type=\"application\/ld+json\" class=\"yoast-schema-graph\">{\"@context\":\"https:\\\/\\\/schema.org\",\"@graph\":[{\"@type\":\"WebPage\",\"@id\":\"https:\\\/\\\/temislaw.ch\\\/de\\\/dienstleistungen\\\/\",\"url\":\"https:\\\/\\\/temislaw.ch\\\/de\\\/dienstleistungen\\\/\",\"name\":\"Dienstleistungen - Temis Law\",\"isPartOf\":{\"@id\":\"https:\\\/\\\/temislaw.ch\\\/de\\\/#website\"},\"datePublished\":\"2020-06-14T04:38:41+00:00\",\"dateModified\":\"2021-03-05T18:58:22+00:00\",\"description\":\"Wir teilen mit Ihnen unsere Erfahrungen, um Ihnen das Leben zu erleichtern, wenn Sie aus dem Ausland kommen. \u00dcberpr\u00fcfen Sie unsere Dienstleistungen.\",\"breadcrumb\":{\"@id\":\"https:\\\/\\\/temislaw.ch\\\/de\\\/dienstleistungen\\\/#breadcrumb\"},\"inLanguage\":\"de\",\"potentialAction\":[{\"@type\":\"ReadAction\",\"target\":[\"https:\\\/\\\/temislaw.ch\\\/de\\\/dienstleistungen\\\/\"]}]},{\"@type\":\"BreadcrumbList\",\"@id\":\"https:\\\/\\\/temislaw.ch\\\/de\\\/dienstleistungen\\\/#breadcrumb\",\"itemListElement\":[{\"@type\":\"ListItem\",\"position\":1,\"name\":\"Home\",\"item\":\"https:\\\/\\\/temislaw.ch\\\/de\\\/\"},{\"@type\":\"ListItem\",\"position\":2,\"name\":\"Dienstleistungen\"}]},{\"@type\":\"WebSite\",\"@id\":\"https:\\\/\\\/temislaw.ch\\\/de\\\/#website\",\"url\":\"https:\\\/\\\/temislaw.ch\\\/de\\\/\",\"name\":\"Temis Law\",\"description\":\"Abogados y asesores fiscales en Z\u00fcrich\",\"publisher\":{\"@id\":\"https:\\\/\\\/temislaw.ch\\\/de\\\/#organization\"},\"potentialAction\":[{\"@type\":\"SearchAction\",\"target\":{\"@type\":\"EntryPoint\",\"urlTemplate\":\"https:\\\/\\\/temislaw.ch\\\/de\\\/?s={search_term_string}\"},\"query-input\":{\"@type\":\"PropertyValueSpecification\",\"valueRequired\":true,\"valueName\":\"search_term_string\"}}],\"inLanguage\":\"de\"},{\"@type\":\"Organization\",\"@id\":\"https:\\\/\\\/temislaw.ch\\\/de\\\/#organization\",\"name\":\"Temis Law\",\"url\":\"https:\\\/\\\/temislaw.ch\\\/de\\\/\",\"logo\":{\"@type\":\"ImageObject\",\"inLanguage\":\"de\",\"@id\":\"https:\\\/\\\/temislaw.ch\\\/de\\\/#\\\/schema\\\/logo\\\/image\\\/\",\"url\":\"http:\\\/\\\/temislaw.ch\\\/wp-content\\\/uploads\\\/TemisLaw_color.png\",\"contentUrl\":\"http:\\\/\\\/temislaw.ch\\\/wp-content\\\/uploads\\\/TemisLaw_color.png\",\"width\":1920,\"height\":450,\"caption\":\"Temis Law\"},\"image\":{\"@id\":\"https:\\\/\\\/temislaw.ch\\\/de\\\/#\\\/schema\\\/logo\\\/image\\\/\"},\"sameAs\":[\"https:\\\/\\\/es.linkedin.com\\\/company\\\/temis-law-international-lawyers\"]}]}<\/script>\n<!-- \/ Yoast SEO plugin. -->","yoast_head_json":{"title":"Dienstleistungen - Temis Law","description":"Wir teilen mit Ihnen unsere Erfahrungen, um Ihnen das Leben zu erleichtern, wenn Sie aus dem Ausland kommen. \u00dcberpr\u00fcfen Sie unsere Dienstleistungen.","robots":{"index":"index","follow":"follow","max-snippet":"max-snippet:-1","max-image-preview":"max-image-preview:large","max-video-preview":"max-video-preview:-1"},"canonical":"https:\/\/temislaw.ch\/de\/dienstleistungen\/","og_locale":"de_DE","og_type":"article","og_title":"Dienstleistungen - Temis Law","og_description":"Wir teilen mit Ihnen unsere Erfahrungen, um Ihnen das Leben zu erleichtern, wenn Sie aus dem Ausland kommen. \u00dcberpr\u00fcfen Sie unsere Dienstleistungen.","og_url":"https:\/\/temislaw.ch\/de\/dienstleistungen\/","og_site_name":"Temis Law","article_modified_time":"2021-03-05T18:58:22+00:00","twitter_card":"summary_large_image","twitter_misc":{"Gesch\u00e4tzte Lesezeit":"1\u00a0Minute"},"schema":{"@context":"https:\/\/schema.org","@graph":[{"@type":"WebPage","@id":"https:\/\/temislaw.ch\/de\/dienstleistungen\/","url":"https:\/\/temislaw.ch\/de\/dienstleistungen\/","name":"Dienstleistungen - Temis Law","isPartOf":{"@id":"https:\/\/temislaw.ch\/de\/#website"},"datePublished":"2020-06-14T04:38:41+00:00","dateModified":"2021-03-05T18:58:22+00:00","description":"Wir teilen mit Ihnen unsere Erfahrungen, um Ihnen das Leben zu erleichtern, wenn Sie aus dem Ausland kommen. \u00dcberpr\u00fcfen Sie unsere Dienstleistungen.","breadcrumb":{"@id":"https:\/\/temislaw.ch\/de\/dienstleistungen\/#breadcrumb"},"inLanguage":"de","potentialAction":[{"@type":"ReadAction","target":["https:\/\/temislaw.ch\/de\/dienstleistungen\/"]}]},{"@type":"BreadcrumbList","@id":"https:\/\/temislaw.ch\/de\/dienstleistungen\/#breadcrumb","itemListElement":[{"@type":"ListItem","position":1,"name":"Home","item":"https:\/\/temislaw.ch\/de\/"},{"@type":"ListItem","position":2,"name":"Dienstleistungen"}]},{"@type":"WebSite","@id":"https:\/\/temislaw.ch\/de\/#website","url":"https:\/\/temislaw.ch\/de\/","name":"Temis Law","description":"Abogados y asesores fiscales en Z\u00fcrich","publisher":{"@id":"https:\/\/temislaw.ch\/de\/#organization"},"potentialAction":[{"@type":"SearchAction","target":{"@type":"EntryPoint","urlTemplate":"https:\/\/temislaw.ch\/de\/?s={search_term_string}"},"query-input":{"@type":"PropertyValueSpecification","valueRequired":true,"valueName":"search_term_string"}}],"inLanguage":"de"},{"@type":"Organization","@id":"https:\/\/temislaw.ch\/de\/#organization","name":"Temis Law","url":"https:\/\/temislaw.ch\/de\/","logo":{"@type":"ImageObject","inLanguage":"de","@id":"https:\/\/temislaw.ch\/de\/#\/schema\/logo\/image\/","url":"http:\/\/temislaw.ch\/wp-content\/uploads\/TemisLaw_color.png","contentUrl":"http:\/\/temislaw.ch\/wp-content\/uploads\/TemisLaw_color.png","width":1920,"height":450,"caption":"Temis Law"},"image":{"@id":"https:\/\/temislaw.ch\/de\/#\/schema\/logo\/image\/"},"sameAs":["https:\/\/es.linkedin.com\/company\/temis-law-international-lawyers"]}]}},"_links":{"self":[{"href":"https:\/\/temislaw.ch\/de\/wp-json\/wp\/v2\/pages\/1251","targetHints":{"allow":["GET"]}}],"collection":[{"href":"https:\/\/temislaw.ch\/de\/wp-json\/wp\/v2\/pages"}],"about":[{"href":"https:\/\/temislaw.ch\/de\/wp-json\/wp\/v2\/types\/page"}],"author":[{"embeddable":true,"href":"https:\/\/temislaw.ch\/de\/wp-json\/wp\/v2\/users\/1"}],"replies":[{"embeddable":true,"href":"https:\/\/temislaw.ch\/de\/wp-json\/wp\/v2\/comments?post=1251"}],"version-history":[{"count":5,"href":"https:\/\/temislaw.ch\/de\/wp-json\/wp\/v2\/pages\/1251\/revisions"}],"predecessor-version":[{"id":1482,"href":"https:\/\/temislaw.ch\/de\/wp-json\/wp\/v2\/pages\/1251\/revisions\/1482"}],"wp:attachment":[{"href":"https:\/\/temislaw.ch\/de\/wp-json\/wp\/v2\/media?parent=1251"}],"curies":[{"name":"wp","href":"https:\/\/api.w.org\/{rel}","templated":true}]}}