{"id":1016,"date":"2020-05-07T19:29:59","date_gmt":"2020-05-07T17:29:59","guid":{"rendered":"http:\/\/temislaw.ch\/?page_id=1016"},"modified":"2020-05-09T12:24:54","modified_gmt":"2020-05-09T10:24:54","slug":"noticias","status":"publish","type":"page","link":"https:\/\/temislaw.ch\/es\/noticias\/","title":{"rendered":"Noticias del sector"},"content":{"rendered":"<p>[et_pb_section fb_built=\u00bb1&#8243; _builder_version=\u00bb4.4.4&#8243; background_enable_color=\u00bboff\u00bb custom_margin=\u00bb0px||0px||true|false\u00bb custom_padding=\u00bb0px||0px||true|false\u00bb][et_pb_row _builder_version=\u00bb4.4.4&#8243; custom_margin=\u00bb0px||0px||true|false\u00bb custom_padding=\u00bb0px||0px||true|false\u00bb][et_pb_column type=\u00bb4_4&#8243; _builder_version=\u00bb4.4.4&#8243;][et_pb_cta title=\u00bbNoticias del sector\u00bb _builder_version=\u00bb4.4.4&#8243; header_level=\u00bbh1&#8243; header_font=\u00bb|600|||||||\u00bb header_text_align=\u00bbleft\u00bb header_text_color=\u00bb#363f52&#8243; header_font_size=\u00bb40px\u00bb header_line_height=\u00bb1.1em\u00bb body_text_align=\u00bbcenter\u00bb body_text_color=\u00bb#d3b375&#8243; body_font_size=\u00bb25px\u00bb body_line_height=\u00bb1.5em\u00bb background_enable_color=\u00bboff\u00bb background_enable_image=\u00bboff\u00bb background_position=\u00bbbottom_center\u00bb custom_padding=\u00bb10vh|0px|5vh|0px|false|true\u00bb hover_enabled=\u00bb0&#8243;][\/et_pb_cta][\/et_pb_column][\/et_pb_row][\/et_pb_section][et_pb_section fb_built=\u00bb1&#8243; _builder_version=\u00bb4.3.3&#8243; custom_padding=\u00bb0px||47px||false|\u00bb][et_pb_row column_structure=\u00bb3_4,1_4&#8243; use_custom_gutter=\u00bbon\u00bb gutter_width=\u00bb2&#8243; _builder_version=\u00bb4.4.4&#8243;][et_pb_column type=\u00bb3_4&#8243; _builder_version=\u00bb4.4.4&#8243;][et_pb_blog fullwidth=\u00bboff\u00bb include_categories=\u00bball\u00bb excerpt_length=\u00bb100&#8243; show_more=\u00bbon\u00bb _builder_version=\u00bb4.4.4&#8243; header_font=\u00bb|700|||||||\u00bb header_font_size=\u00bb20px\u00bb custom_css_title=\u00bbmin-height: 70px !important;\u00bb custom_css_read_more=\u00bbbackground-color: #354359;||padding: 5px 10px;||float: right;\u00bb border_width_all=\u00bb0px\u00bb border_color_all=\u00bb#363f52&#8243;][\/et_pb_blog][\/et_pb_column][et_pb_column type=\u00bb1_4&#8243; _builder_version=\u00bb4.4.4&#8243;][et_pb_sidebar _builder_version=\u00bb4.4.4&#8243; custom_padding=\u00bb|0px||0px|false|true\u00bb border_color_right=\u00bbrgba(0,0,0,0)\u00bb][\/et_pb_sidebar][\/et_pb_column][\/et_pb_row][\/et_pb_section]<\/p>\n","protected":false},"excerpt":{"rendered":"","protected":false},"author":1,"featured_media":0,"parent":0,"menu_order":4,"comment_status":"closed","ping_status":"closed","template":"","meta":{"_et_pb_use_builder":"on","_et_pb_old_content":"","_et_gb_content_width":"","footnotes":""},"class_list":["post-1016","page","type-page","status-publish","hentry"],"yoast_head":"<!-- This site is optimized with the Yoast SEO plugin v27.3 - https:\/\/yoast.com\/product\/yoast-seo-wordpress\/ -->\n<title>Noticias del sector - Temis Law<\/title>\n<meta name=\"description\" content=\"Consulta las \u00faltimas novedades legislativas sobre la legislaci\u00f3n espa\u00f1ola. Este al dia sobre aquellos sectores que pueden afectarle como herencias...\" \/>\n<meta name=\"robots\" content=\"index, follow, max-snippet:-1, max-image-preview:large, max-video-preview:-1\" \/>\n<link rel=\"canonical\" href=\"https:\/\/temislaw.ch\/es\/noticias\/\" \/>\n<meta property=\"og:locale\" content=\"es_ES\" \/>\n<meta property=\"og:type\" content=\"article\" \/>\n<meta property=\"og:title\" content=\"Noticias del sector - Temis Law\" \/>\n<meta property=\"og:description\" content=\"Consulta las \u00faltimas novedades legislativas sobre la legislaci\u00f3n espa\u00f1ola. Este al dia sobre aquellos sectores que pueden afectarle como herencias...\" \/>\n<meta property=\"og:url\" content=\"https:\/\/temislaw.ch\/es\/noticias\/\" \/>\n<meta property=\"og:site_name\" content=\"Temis Law\" \/>\n<meta property=\"article:modified_time\" content=\"2020-05-09T10:24:54+00:00\" \/>\n<meta name=\"twitter:card\" content=\"summary_large_image\" \/>\n<meta name=\"twitter:label1\" content=\"Tiempo de lectura\" \/>\n\t<meta name=\"twitter:data1\" content=\"1 minuto\" \/>\n<script type=\"application\/ld+json\" class=\"yoast-schema-graph\">{\"@context\":\"https:\\\/\\\/schema.org\",\"@graph\":[{\"@type\":\"WebPage\",\"@id\":\"https:\\\/\\\/temislaw.ch\\\/es\\\/noticias\\\/\",\"url\":\"https:\\\/\\\/temislaw.ch\\\/es\\\/noticias\\\/\",\"name\":\"Noticias del sector - Temis Law\",\"isPartOf\":{\"@id\":\"https:\\\/\\\/temislaw.ch\\\/es\\\/#website\"},\"datePublished\":\"2020-05-07T17:29:59+00:00\",\"dateModified\":\"2020-05-09T10:24:54+00:00\",\"description\":\"Consulta las \u00faltimas novedades legislativas sobre la legislaci\u00f3n espa\u00f1ola. Este al dia sobre aquellos sectores que pueden afectarle como herencias...\",\"breadcrumb\":{\"@id\":\"https:\\\/\\\/temislaw.ch\\\/es\\\/noticias\\\/#breadcrumb\"},\"inLanguage\":\"es\",\"potentialAction\":[{\"@type\":\"ReadAction\",\"target\":[\"https:\\\/\\\/temislaw.ch\\\/es\\\/noticias\\\/\"]}]},{\"@type\":\"BreadcrumbList\",\"@id\":\"https:\\\/\\\/temislaw.ch\\\/es\\\/noticias\\\/#breadcrumb\",\"itemListElement\":[{\"@type\":\"ListItem\",\"position\":1,\"name\":\"Home\",\"item\":\"https:\\\/\\\/temislaw.ch\\\/es\\\/\"},{\"@type\":\"ListItem\",\"position\":2,\"name\":\"Noticias del sector\"}]},{\"@type\":\"WebSite\",\"@id\":\"https:\\\/\\\/temislaw.ch\\\/es\\\/#website\",\"url\":\"https:\\\/\\\/temislaw.ch\\\/es\\\/\",\"name\":\"Temis Law\",\"description\":\"Abogados y asesores fiscales en Z\u00fcrich\",\"publisher\":{\"@id\":\"https:\\\/\\\/temislaw.ch\\\/es\\\/#organization\"},\"potentialAction\":[{\"@type\":\"SearchAction\",\"target\":{\"@type\":\"EntryPoint\",\"urlTemplate\":\"https:\\\/\\\/temislaw.ch\\\/es\\\/?s={search_term_string}\"},\"query-input\":{\"@type\":\"PropertyValueSpecification\",\"valueRequired\":true,\"valueName\":\"search_term_string\"}}],\"inLanguage\":\"es\"},{\"@type\":\"Organization\",\"@id\":\"https:\\\/\\\/temislaw.ch\\\/es\\\/#organization\",\"name\":\"Temis Law\",\"url\":\"https:\\\/\\\/temislaw.ch\\\/es\\\/\",\"logo\":{\"@type\":\"ImageObject\",\"inLanguage\":\"es\",\"@id\":\"https:\\\/\\\/temislaw.ch\\\/es\\\/#\\\/schema\\\/logo\\\/image\\\/\",\"url\":\"http:\\\/\\\/temislaw.ch\\\/wp-content\\\/uploads\\\/TemisLaw_color.png\",\"contentUrl\":\"http:\\\/\\\/temislaw.ch\\\/wp-content\\\/uploads\\\/TemisLaw_color.png\",\"width\":1920,\"height\":450,\"caption\":\"Temis Law\"},\"image\":{\"@id\":\"https:\\\/\\\/temislaw.ch\\\/es\\\/#\\\/schema\\\/logo\\\/image\\\/\"},\"sameAs\":[\"https:\\\/\\\/es.linkedin.com\\\/company\\\/temis-law-international-lawyers\"]}]}<\/script>\n<!-- \/ Yoast SEO plugin. -->","yoast_head_json":{"title":"Noticias del sector - Temis Law","description":"Consulta las \u00faltimas novedades legislativas sobre la legislaci\u00f3n espa\u00f1ola. Este al dia sobre aquellos sectores que pueden afectarle como herencias...","robots":{"index":"index","follow":"follow","max-snippet":"max-snippet:-1","max-image-preview":"max-image-preview:large","max-video-preview":"max-video-preview:-1"},"canonical":"https:\/\/temislaw.ch\/es\/noticias\/","og_locale":"es_ES","og_type":"article","og_title":"Noticias del sector - Temis Law","og_description":"Consulta las \u00faltimas novedades legislativas sobre la legislaci\u00f3n espa\u00f1ola. Este al dia sobre aquellos sectores que pueden afectarle como herencias...","og_url":"https:\/\/temislaw.ch\/es\/noticias\/","og_site_name":"Temis Law","article_modified_time":"2020-05-09T10:24:54+00:00","twitter_card":"summary_large_image","twitter_misc":{"Tiempo de lectura":"1 minuto"},"schema":{"@context":"https:\/\/schema.org","@graph":[{"@type":"WebPage","@id":"https:\/\/temislaw.ch\/es\/noticias\/","url":"https:\/\/temislaw.ch\/es\/noticias\/","name":"Noticias del sector - Temis Law","isPartOf":{"@id":"https:\/\/temislaw.ch\/es\/#website"},"datePublished":"2020-05-07T17:29:59+00:00","dateModified":"2020-05-09T10:24:54+00:00","description":"Consulta las \u00faltimas novedades legislativas sobre la legislaci\u00f3n espa\u00f1ola. Este al dia sobre aquellos sectores que pueden afectarle como herencias...","breadcrumb":{"@id":"https:\/\/temislaw.ch\/es\/noticias\/#breadcrumb"},"inLanguage":"es","potentialAction":[{"@type":"ReadAction","target":["https:\/\/temislaw.ch\/es\/noticias\/"]}]},{"@type":"BreadcrumbList","@id":"https:\/\/temislaw.ch\/es\/noticias\/#breadcrumb","itemListElement":[{"@type":"ListItem","position":1,"name":"Home","item":"https:\/\/temislaw.ch\/es\/"},{"@type":"ListItem","position":2,"name":"Noticias del sector"}]},{"@type":"WebSite","@id":"https:\/\/temislaw.ch\/es\/#website","url":"https:\/\/temislaw.ch\/es\/","name":"Temis Law","description":"Abogados y asesores fiscales en Z\u00fcrich","publisher":{"@id":"https:\/\/temislaw.ch\/es\/#organization"},"potentialAction":[{"@type":"SearchAction","target":{"@type":"EntryPoint","urlTemplate":"https:\/\/temislaw.ch\/es\/?s={search_term_string}"},"query-input":{"@type":"PropertyValueSpecification","valueRequired":true,"valueName":"search_term_string"}}],"inLanguage":"es"},{"@type":"Organization","@id":"https:\/\/temislaw.ch\/es\/#organization","name":"Temis Law","url":"https:\/\/temislaw.ch\/es\/","logo":{"@type":"ImageObject","inLanguage":"es","@id":"https:\/\/temislaw.ch\/es\/#\/schema\/logo\/image\/","url":"http:\/\/temislaw.ch\/wp-content\/uploads\/TemisLaw_color.png","contentUrl":"http:\/\/temislaw.ch\/wp-content\/uploads\/TemisLaw_color.png","width":1920,"height":450,"caption":"Temis Law"},"image":{"@id":"https:\/\/temislaw.ch\/es\/#\/schema\/logo\/image\/"},"sameAs":["https:\/\/es.linkedin.com\/company\/temis-law-international-lawyers"]}]}},"_links":{"self":[{"href":"https:\/\/temislaw.ch\/es\/wp-json\/wp\/v2\/pages\/1016","targetHints":{"allow":["GET"]}}],"collection":[{"href":"https:\/\/temislaw.ch\/es\/wp-json\/wp\/v2\/pages"}],"about":[{"href":"https:\/\/temislaw.ch\/es\/wp-json\/wp\/v2\/types\/page"}],"author":[{"embeddable":true,"href":"https:\/\/temislaw.ch\/es\/wp-json\/wp\/v2\/users\/1"}],"replies":[{"embeddable":true,"href":"https:\/\/temislaw.ch\/es\/wp-json\/wp\/v2\/comments?post=1016"}],"version-history":[{"count":5,"href":"https:\/\/temislaw.ch\/es\/wp-json\/wp\/v2\/pages\/1016\/revisions"}],"predecessor-version":[{"id":1092,"href":"https:\/\/temislaw.ch\/es\/wp-json\/wp\/v2\/pages\/1016\/revisions\/1092"}],"wp:attachment":[{"href":"https:\/\/temislaw.ch\/es\/wp-json\/wp\/v2\/media?parent=1016"}],"curies":[{"name":"wp","href":"https:\/\/api.w.org\/{rel}","templated":true}]}}