{"id":112,"date":"2020-02-22T18:35:13","date_gmt":"2020-02-22T16:35:13","guid":{"rendered":"https:\/\/temisswitzerland.ch\/?page_id=112"},"modified":"2020-05-19T16:18:04","modified_gmt":"2020-05-19T14:18:04","slug":"servicios","status":"publish","type":"page","link":"https:\/\/temislaw.ch\/es\/servicios\/","title":{"rendered":"Servicios"},"content":{"rendered":"<p>[et_pb_section fb_built=\u00bb1&#8243; _builder_version=\u00bb4.3.3&#8243; custom_margin=\u00bb0px||0px||true|false\u00bb custom_padding=\u00bb0px||0px||true|false\u00bb][et_pb_row _builder_version=\u00bb4.3.3&#8243; width=\u00bb100%\u00bb max_width=\u00bb2560px\u00bb custom_margin=\u00bb0px||0px||true|false\u00bb custom_padding=\u00bb0px||0px||true|false\u00bb][et_pb_column type=\u00bb4_4&#8243; _builder_version=\u00bb4.3.3&#8243;][et_pb_cta title=\u00bbCompartimos con usted nuestra experiencia \u00bb _builder_version=\u00bb4.4.4&#8243; header_font=\u00bb|600|||||||\u00bb header_text_color=\u00bb#d3b375&#8243; header_font_size=\u00bb40px\u00bb header_line_height=\u00bb1.3em\u00bb body_text_align=\u00bbcenter\u00bb body_text_color=\u00bb#d3b375&#8243; body_font_size=\u00bb25px\u00bb background_color=\u00bb#d3b375&#8243; use_background_color_gradient=\u00bbon\u00bb background_color_gradient_start=\u00bbrgba(54,63,82,0.5)\u00bb background_color_gradient_end=\u00bbrgba(54,63,82,0.5)\u00bb background_color_gradient_overlays_image=\u00bbon\u00bb background_image=\u00bbhttp:\/\/temislaw.ch\/wp-content\/uploads\/dmitrij-paskevic-YjVa-F9P9kk-unsplash_2560x1706-2.jpg\u00bb custom_padding=\u00bb20vh||20vh||true|false\u00bb header_font_size_tablet=\u00bb\u00bb header_font_size_phone=\u00bb37px\u00bb header_font_size_last_edited=\u00bbon|phone\u00bb]<\/p>\n<p><span class=\"tlid-translation translation\" lang=\"es\"><span title=\"\" class=\"\">Para facilitarle la vida cuando venga del extranjero<\/span><\/span><\/p>\n<p>[\/et_pb_cta][\/et_pb_column][\/et_pb_row][\/et_pb_section][et_pb_section fb_built=\u00bb1&#8243; _builder_version=\u00bb4.3.3&#8243; background_color=\u00bbrgba(54,63,82,0.2)\u00bb global_module=\u00bb268&#8243; saved_tabs=\u00bball\u00bb][et_pb_row _builder_version=\u00bb4.3.3&#8243;][et_pb_column type=\u00bb4_4&#8243; _builder_version=\u00bb4.3.3&#8243;][et_pb_text _builder_version=\u00bb4.3.3&#8243; header_2_font_size=\u00bb30px\u00bb header_3_font=\u00bb|600|||||||\u00bb header_3_text_color=\u00bb#d3b375&#8243; header_3_font_size=\u00bb20px\u00bb]<\/p>\n<h3 style=\"text-align: center;\">SERVICIOS<\/h3>\n<h2 style=\"text-align: center;\"><span class=\"tlid-translation translation\" lang=\"es\">Nosotros cuidamos de ti, de tu familia y de tu negocio<\/span><\/h2>\n<p>[\/et_pb_text][\/et_pb_column][\/et_pb_row][et_pb_row column_structure=\u00bb1_4,1_4,1_4,1_4&#8243; _builder_version=\u00bb4.3.3&#8243; custom_padding=\u00bb33px||33px||true|\u00bb][et_pb_column type=\u00bb1_4&#8243; _builder_version=\u00bb4.3.3&#8243;][et_pb_blurb title=\u00bbParticulares espa\u00f1oles residentes en Suiza\u00bb url=\u00bb@ET-DC@eyJkeW5hbWljIjp0cnVlLCJjb250ZW50IjoicG9zdF9saW5rX3VybF9wYWdlIiwic2V0dGluZ3MiOnsicG9zdF9pZCI6IjMyNiJ9fQ==@\u00bb image=\u00bbhttp:\/\/temislaw.ch\/wp-content\/uploads\/real-estate-golden-visa-blue.png\u00bb _builder_version=\u00bb4.4.4&#8243; _dynamic_attributes=\u00bburl\u00bb header_font=\u00bb|800|||||||\u00bb header_text_align=\u00bbcenter\u00bb header_font_size=\u00bb22px\u00bb header_line_height=\u00bb1.2em\u00bb min_height=\u00bb330px\u00bb min_height_tablet=\u00bb230px\u00bb min_height_last_edited=\u00bboff|desktop\u00bb custom_margin=\u00bb0px||0px||true|false\u00bb custom_padding=\u00bb||30px||false|false\u00bb link_option_url=\u00bbMas informaci\u00f3n\u00bb custom_css_blurb_title=\u00bbmin-height: 110px !important;\u00bb]<\/p>\n<p style=\"text-align: center; \">Soluciones y asesoramiento individualizado a la comunidad espa\u00f1ola en Suiza.<\/p>\n<p>[\/et_pb_blurb][et_pb_button button_url=\u00bb@ET-DC@eyJkeW5hbWljIjp0cnVlLCJjb250ZW50IjoicG9zdF9saW5rX3VybF9wYWdlIiwic2V0dGluZ3MiOnsicG9zdF9pZCI6IjMyNiJ9fQ==@\u00bb button_text=\u00bbM\u00c1s informaci\u00f3n\u00bb button_alignment=\u00bbcenter\u00bb _builder_version=\u00bb4.4.3&#8243; _dynamic_attributes=\u00bbbutton_url\u00bb custom_button=\u00bbon\u00bb button_text_size=\u00bb16px\u00bb button_font=\u00bb||||||||\u00bb custom_margin=\u00bb0px||0px||true|false\u00bb custom_padding=\u00bb0px||0px||true|false\u00bb][\/et_pb_button][\/et_pb_column][et_pb_column type=\u00bb1_4&#8243; _builder_version=\u00bb4.3.3&#8243;][et_pb_blurb title=\u00bbSuizos y otras nacionalidades con intereses en Espa\u00f1a\u00bb url=\u00bb@ET-DC@eyJkeW5hbWljIjp0cnVlLCJjb250ZW50IjoicG9zdF9saW5rX3VybF9wYWdlIiwic2V0dGluZ3MiOnsicG9zdF9pZCI6IjE5MCJ9fQ==@\u00bb image=\u00bbhttp:\/\/temislaw.ch\/wp-content\/uploads\/real-estate-golden-visa-blue.png\u00bb _builder_version=\u00bb4.4.4&#8243; _dynamic_attributes=\u00bburl\u00bb header_font=\u00bb|800|||||||\u00bb header_text_align=\u00bbcenter\u00bb header_font_size=\u00bb22px\u00bb header_line_height=\u00bb1.2em\u00bb min_height=\u00bb330px\u00bb custom_margin=\u00bb0px||0px||true|false\u00bb custom_padding=\u00bb||30px||false|false\u00bb custom_css_blurb_title=\u00bbmin-height: 110px !important;\u00bb]<\/p>\n<p style=\"text-align: center;\">Asesoramiento jur\u00eddico y fiscal en operaciones relacionadas con propiedades y herencias en Espa\u00f1a.<\/p>\n<p>[\/et_pb_blurb][et_pb_button button_url=\u00bb@ET-DC@eyJkeW5hbWljIjp0cnVlLCJjb250ZW50IjoicG9zdF9saW5rX3VybF9wYWdlIiwic2V0dGluZ3MiOnsicG9zdF9pZCI6IjE5MCJ9fQ==@\u00bb button_text=\u00bbM\u00c1S INFORMACI\u00d3N\u00bb button_alignment=\u00bbcenter\u00bb _builder_version=\u00bb4.3.3&#8243; _dynamic_attributes=\u00bbbutton_url\u00bb custom_button=\u00bbon\u00bb button_text_size=\u00bb16px\u00bb button_font=\u00bb||||||||\u00bb custom_margin=\u00bb0px||0px||true|false\u00bb custom_padding=\u00bb0px||0px||true|false\u00bb][\/et_pb_button][\/et_pb_column][et_pb_column type=\u00bb1_4&#8243; _builder_version=\u00bb4.3.3&#8243;][et_pb_blurb title=\u00bbEmpresas con v\u00ednculos Espa\u00f1a-Suiza-Latam\u00bb url=\u00bb@ET-DC@eyJkeW5hbWljIjp0cnVlLCJjb250ZW50IjoicG9zdF9saW5rX3VybF9wYWdlIiwic2V0dGluZ3MiOnsicG9zdF9pZCI6IjM1MyJ9fQ==@\u00bb image=\u00bbhttp:\/\/temislaw.ch\/wp-content\/uploads\/real-estate-golden-visa-blue.png\u00bb _builder_version=\u00bb4.4.4&#8243; _dynamic_attributes=\u00bburl\u00bb header_font=\u00bb|800|||||||\u00bb header_text_align=\u00bbcenter\u00bb header_font_size=\u00bb22px\u00bb header_line_height=\u00bb1.2em\u00bb min_height=\u00bb330px\u00bb custom_margin=\u00bb0px||0px||true|false\u00bb custom_padding=\u00bb||30px||false|false\u00bb custom_css_blurb_title=\u00bbmin-height: 110px !important;\u00bb custom_css_blurb_content=\u00bbmin-height: 100px !important;\u00bb]<\/p>\n<p style=\"text-align: center;\">Asistencia y acompa\u00f1amiento en asuntos legales, fiscales, laborales y administrativos de negocios.<\/p>\n<p>[\/et_pb_blurb][et_pb_button button_url=\u00bb@ET-DC@eyJkeW5hbWljIjp0cnVlLCJjb250ZW50IjoicG9zdF9saW5rX3VybF9wYWdlIiwic2V0dGluZ3MiOnsicG9zdF9pZCI6IjM1MyJ9fQ==@\u00bb button_text=\u00bbM\u00c1S INFORMACI\u00d3N\u00bb button_alignment=\u00bbcenter\u00bb _builder_version=\u00bb4.3.3&#8243; _dynamic_attributes=\u00bbbutton_url\u00bb custom_button=\u00bbon\u00bb button_text_size=\u00bb16px\u00bb button_font=\u00bb||||||||\u00bb custom_margin=\u00bb0px||0px||true|false\u00bb custom_padding=\u00bb0px||0px||true|false\u00bb][\/et_pb_button][\/et_pb_column][et_pb_column type=\u00bb1_4&#8243; _builder_version=\u00bb4.3.3&#8243;][et_pb_blurb title=\u00bbPatrimonio e inversiones\u00bb url=\u00bb@ET-DC@eyJkeW5hbWljIjp0cnVlLCJjb250ZW50IjoicG9zdF9saW5rX3VybF9wYWdlIiwic2V0dGluZ3MiOnsicG9zdF9pZCI6IjM2OCJ9fQ==@\u00bb image=\u00bbhttp:\/\/temislaw.ch\/wp-content\/uploads\/real-estate-golden-visa-blue.png\u00bb _builder_version=\u00bb4.4.4&#8243; _dynamic_attributes=\u00bburl\u00bb header_font=\u00bb|800|||||||\u00bb header_text_align=\u00bbcenter\u00bb header_font_size=\u00bb22px\u00bb header_line_height=\u00bb1.2em\u00bb min_height=\u00bb330px\u00bb custom_margin=\u00bb0px||0px||true|false\u00bb custom_padding=\u00bb||30px||false|false\u00bb custom_css_blurb_title=\u00bbmin-height: 110px !important;\u00bb custom_css_blurb_content=\u00bbmin-height: 100px !important;\u00bb]<\/p>\n<p style=\"text-align: center;\">Asesoramiento tax&amp;legal para entidades fiduciarias, family offices y dem\u00e1s gestores de patrimonio.<\/p>\n<p>[\/et_pb_blurb][et_pb_button button_url=\u00bb@ET-DC@eyJkeW5hbWljIjp0cnVlLCJjb250ZW50IjoicG9zdF9saW5rX3VybF9wYWdlIiwic2V0dGluZ3MiOnsicG9zdF9pZCI6IjM2OCJ9fQ==@\u00bb button_text=\u00bbM\u00c1S INFORMACI\u00d3N\u00bb button_alignment=\u00bbcenter\u00bb _builder_version=\u00bb4.3.3&#8243; _dynamic_attributes=\u00bbbutton_url\u00bb custom_button=\u00bbon\u00bb button_text_size=\u00bb16px\u00bb button_font=\u00bb||||||||\u00bb custom_margin=\u00bb0px||0px||true|false\u00bb custom_padding=\u00bb0px||0px||true|false\u00bb][\/et_pb_button][\/et_pb_column][\/et_pb_row][\/et_pb_section][et_pb_section fb_built=\u00bb1&#8243; _builder_version=\u00bb4.3.3&#8243; background_color=\u00bb#d3b375&#8243; custom_margin=\u00bb-16px|||||\u00bb global_module=\u00bb69&#8243; saved_tabs=\u00bball\u00bb][et_pb_row _builder_version=\u00bb4.3.3&#8243;][et_pb_column type=\u00bb4_4&#8243; _builder_version=\u00bb4.3.3&#8243;][et_pb_text _builder_version=\u00bb4.3.3&#8243; header_font=\u00bb|800|||||||\u00bb header_text_color=\u00bb#363f52&#8243; header_font_size=\u00bb35px\u00bb header_2_font=\u00bb|600|||||||\u00bb header_2_font_size=\u00bb30px\u00bb]<\/p>\n<h2 style=\"text-align: center;\">Necesitas m\u00e1s informaci\u00f3n?<\/h2>\n<h3 style=\"text-align: center;\">Nuestro equipo de especialistas est\u00e1 aqu\u00ed para ayudarte<\/h3>\n<p>[\/et_pb_text][et_pb_button button_url=\u00bb@ET-DC@eyJkeW5hbWljIjp0cnVlLCJjb250ZW50IjoicG9zdF9saW5rX3VybF9wYWdlIiwic2V0dGluZ3MiOnsicG9zdF9pZCI6IjExNCJ9fQ==@\u00bb button_text=\u00bbCONTACTA\u00bb button_alignment=\u00bbcenter\u00bb _builder_version=\u00bb4.4.4&#8243; _dynamic_attributes=\u00bbbutton_url\u00bb][\/et_pb_button][\/et_pb_column][\/et_pb_row][\/et_pb_section]<\/p>\n","protected":false},"excerpt":{"rendered":"<p>Para facilitarle la vida cuando venga del extranjeroSERVICIOS Nosotros cuidamos de ti, de tu familia y de tu negocioSoluciones y asesoramiento individualizado a la comunidad espa\u00f1ola en Suiza.Asesoramiento jur\u00eddico y fiscal en operaciones relacionadas con propiedades y herencias en Espa\u00f1a.Asistencia y acompa\u00f1amiento en asuntos legales, fiscales, laborales y administrativos de negocios.Asesoramiento tax&amp;legal para entidades fiduciarias, [&hellip;]<\/p>\n","protected":false},"author":1,"featured_media":0,"parent":0,"menu_order":3,"comment_status":"closed","ping_status":"closed","template":"","meta":{"_et_pb_use_builder":"on","_et_pb_old_content":"","_et_gb_content_width":"","footnotes":""},"class_list":["post-112","page","type-page","status-publish","hentry"],"yoast_head":"<!-- This site is optimized with the Yoast SEO plugin v27.3 - https:\/\/yoast.com\/product\/yoast-seo-wordpress\/ -->\n<title>Servicios - Temis Law<\/title>\n<meta name=\"description\" content=\"Compartimos con usted nuestra experiencia para facilitarle la vida cuando venga del extranjero. Consultes nuestros servicios.\" \/>\n<meta name=\"robots\" content=\"index, follow, max-snippet:-1, max-image-preview:large, max-video-preview:-1\" \/>\n<link rel=\"canonical\" href=\"https:\/\/temislaw.ch\/es\/servicios\/\" \/>\n<meta property=\"og:locale\" content=\"es_ES\" \/>\n<meta property=\"og:type\" content=\"article\" \/>\n<meta property=\"og:title\" content=\"Servicios - Temis Law\" \/>\n<meta property=\"og:description\" content=\"Compartimos con usted nuestra experiencia para facilitarle la vida cuando venga del extranjero. Consultes nuestros servicios.\" \/>\n<meta property=\"og:url\" content=\"https:\/\/temislaw.ch\/es\/servicios\/\" \/>\n<meta property=\"og:site_name\" content=\"Temis Law\" \/>\n<meta property=\"article:modified_time\" content=\"2020-05-19T14:18:04+00:00\" \/>\n<meta name=\"twitter:card\" content=\"summary_large_image\" \/>\n<meta name=\"twitter:label1\" content=\"Tiempo de lectura\" \/>\n\t<meta name=\"twitter:data1\" content=\"5 minutos\" \/>\n<script type=\"application\/ld+json\" class=\"yoast-schema-graph\">{\"@context\":\"https:\\\/\\\/schema.org\",\"@graph\":[{\"@type\":\"WebPage\",\"@id\":\"https:\\\/\\\/temislaw.ch\\\/es\\\/servicios\\\/\",\"url\":\"https:\\\/\\\/temislaw.ch\\\/es\\\/servicios\\\/\",\"name\":\"Servicios - Temis Law\",\"isPartOf\":{\"@id\":\"https:\\\/\\\/temislaw.ch\\\/es\\\/#website\"},\"datePublished\":\"2020-02-22T16:35:13+00:00\",\"dateModified\":\"2020-05-19T14:18:04+00:00\",\"description\":\"Compartimos con usted nuestra experiencia para facilitarle la vida cuando venga del extranjero. Consultes nuestros servicios.\",\"breadcrumb\":{\"@id\":\"https:\\\/\\\/temislaw.ch\\\/es\\\/servicios\\\/#breadcrumb\"},\"inLanguage\":\"es\",\"potentialAction\":[{\"@type\":\"ReadAction\",\"target\":[\"https:\\\/\\\/temislaw.ch\\\/es\\\/servicios\\\/\"]}]},{\"@type\":\"BreadcrumbList\",\"@id\":\"https:\\\/\\\/temislaw.ch\\\/es\\\/servicios\\\/#breadcrumb\",\"itemListElement\":[{\"@type\":\"ListItem\",\"position\":1,\"name\":\"Home\",\"item\":\"https:\\\/\\\/temislaw.ch\\\/es\\\/\"},{\"@type\":\"ListItem\",\"position\":2,\"name\":\"Servicios\"}]},{\"@type\":\"WebSite\",\"@id\":\"https:\\\/\\\/temislaw.ch\\\/es\\\/#website\",\"url\":\"https:\\\/\\\/temislaw.ch\\\/es\\\/\",\"name\":\"Temis Law\",\"description\":\"Abogados y asesores fiscales en Z\u00fcrich\",\"publisher\":{\"@id\":\"https:\\\/\\\/temislaw.ch\\\/es\\\/#organization\"},\"potentialAction\":[{\"@type\":\"SearchAction\",\"target\":{\"@type\":\"EntryPoint\",\"urlTemplate\":\"https:\\\/\\\/temislaw.ch\\\/es\\\/?s={search_term_string}\"},\"query-input\":{\"@type\":\"PropertyValueSpecification\",\"valueRequired\":true,\"valueName\":\"search_term_string\"}}],\"inLanguage\":\"es\"},{\"@type\":\"Organization\",\"@id\":\"https:\\\/\\\/temislaw.ch\\\/es\\\/#organization\",\"name\":\"Temis Law\",\"url\":\"https:\\\/\\\/temislaw.ch\\\/es\\\/\",\"logo\":{\"@type\":\"ImageObject\",\"inLanguage\":\"es\",\"@id\":\"https:\\\/\\\/temislaw.ch\\\/es\\\/#\\\/schema\\\/logo\\\/image\\\/\",\"url\":\"http:\\\/\\\/temislaw.ch\\\/wp-content\\\/uploads\\\/TemisLaw_color.png\",\"contentUrl\":\"http:\\\/\\\/temislaw.ch\\\/wp-content\\\/uploads\\\/TemisLaw_color.png\",\"width\":1920,\"height\":450,\"caption\":\"Temis Law\"},\"image\":{\"@id\":\"https:\\\/\\\/temislaw.ch\\\/es\\\/#\\\/schema\\\/logo\\\/image\\\/\"},\"sameAs\":[\"https:\\\/\\\/es.linkedin.com\\\/company\\\/temis-law-international-lawyers\"]}]}<\/script>\n<!-- \/ Yoast SEO plugin. -->","yoast_head_json":{"title":"Servicios - Temis Law","description":"Compartimos con usted nuestra experiencia para facilitarle la vida cuando venga del extranjero. Consultes nuestros servicios.","robots":{"index":"index","follow":"follow","max-snippet":"max-snippet:-1","max-image-preview":"max-image-preview:large","max-video-preview":"max-video-preview:-1"},"canonical":"https:\/\/temislaw.ch\/es\/servicios\/","og_locale":"es_ES","og_type":"article","og_title":"Servicios - Temis Law","og_description":"Compartimos con usted nuestra experiencia para facilitarle la vida cuando venga del extranjero. Consultes nuestros servicios.","og_url":"https:\/\/temislaw.ch\/es\/servicios\/","og_site_name":"Temis Law","article_modified_time":"2020-05-19T14:18:04+00:00","twitter_card":"summary_large_image","twitter_misc":{"Tiempo de lectura":"5 minutos"},"schema":{"@context":"https:\/\/schema.org","@graph":[{"@type":"WebPage","@id":"https:\/\/temislaw.ch\/es\/servicios\/","url":"https:\/\/temislaw.ch\/es\/servicios\/","name":"Servicios - Temis Law","isPartOf":{"@id":"https:\/\/temislaw.ch\/es\/#website"},"datePublished":"2020-02-22T16:35:13+00:00","dateModified":"2020-05-19T14:18:04+00:00","description":"Compartimos con usted nuestra experiencia para facilitarle la vida cuando venga del extranjero. Consultes nuestros servicios.","breadcrumb":{"@id":"https:\/\/temislaw.ch\/es\/servicios\/#breadcrumb"},"inLanguage":"es","potentialAction":[{"@type":"ReadAction","target":["https:\/\/temislaw.ch\/es\/servicios\/"]}]},{"@type":"BreadcrumbList","@id":"https:\/\/temislaw.ch\/es\/servicios\/#breadcrumb","itemListElement":[{"@type":"ListItem","position":1,"name":"Home","item":"https:\/\/temislaw.ch\/es\/"},{"@type":"ListItem","position":2,"name":"Servicios"}]},{"@type":"WebSite","@id":"https:\/\/temislaw.ch\/es\/#website","url":"https:\/\/temislaw.ch\/es\/","name":"Temis Law","description":"Abogados y asesores fiscales en Z\u00fcrich","publisher":{"@id":"https:\/\/temislaw.ch\/es\/#organization"},"potentialAction":[{"@type":"SearchAction","target":{"@type":"EntryPoint","urlTemplate":"https:\/\/temislaw.ch\/es\/?s={search_term_string}"},"query-input":{"@type":"PropertyValueSpecification","valueRequired":true,"valueName":"search_term_string"}}],"inLanguage":"es"},{"@type":"Organization","@id":"https:\/\/temislaw.ch\/es\/#organization","name":"Temis Law","url":"https:\/\/temislaw.ch\/es\/","logo":{"@type":"ImageObject","inLanguage":"es","@id":"https:\/\/temislaw.ch\/es\/#\/schema\/logo\/image\/","url":"http:\/\/temislaw.ch\/wp-content\/uploads\/TemisLaw_color.png","contentUrl":"http:\/\/temislaw.ch\/wp-content\/uploads\/TemisLaw_color.png","width":1920,"height":450,"caption":"Temis Law"},"image":{"@id":"https:\/\/temislaw.ch\/es\/#\/schema\/logo\/image\/"},"sameAs":["https:\/\/es.linkedin.com\/company\/temis-law-international-lawyers"]}]}},"_links":{"self":[{"href":"https:\/\/temislaw.ch\/es\/wp-json\/wp\/v2\/pages\/112","targetHints":{"allow":["GET"]}}],"collection":[{"href":"https:\/\/temislaw.ch\/es\/wp-json\/wp\/v2\/pages"}],"about":[{"href":"https:\/\/temislaw.ch\/es\/wp-json\/wp\/v2\/types\/page"}],"author":[{"embeddable":true,"href":"https:\/\/temislaw.ch\/es\/wp-json\/wp\/v2\/users\/1"}],"replies":[{"embeddable":true,"href":"https:\/\/temislaw.ch\/es\/wp-json\/wp\/v2\/comments?post=112"}],"version-history":[{"count":5,"href":"https:\/\/temislaw.ch\/es\/wp-json\/wp\/v2\/pages\/112\/revisions"}],"predecessor-version":[{"id":1173,"href":"https:\/\/temislaw.ch\/es\/wp-json\/wp\/v2\/pages\/112\/revisions\/1173"}],"wp:attachment":[{"href":"https:\/\/temislaw.ch\/es\/wp-json\/wp\/v2\/media?parent=112"}],"curies":[{"name":"wp","href":"https:\/\/api.w.org\/{rel}","templated":true}]}}