{"id":114,"date":"2020-02-22T18:35:27","date_gmt":"2020-02-22T16:35:27","guid":{"rendered":"https:\/\/temisswitzerland.ch\/?page_id=114"},"modified":"2026-01-17T13:17:02","modified_gmt":"2026-01-17T11:17:02","slug":"contacto","status":"publish","type":"page","link":"https:\/\/temislaw.ch\/es\/contacto\/","title":{"rendered":"Contacto"},"content":{"rendered":"<p>[et_pb_section fb_built=\u00bb1&#8243; _builder_version=\u00bb4.16&#8243; custom_margin=\u00bb0px||0px||true|false\u00bb custom_padding=\u00bb0px||0px||true|false\u00bb global_colors_info=\u00bb{}\u00bb][et_pb_row _builder_version=\u00bb4.16&#8243; width=\u00bb100%\u00bb max_width=\u00bb2560px\u00bb custom_margin=\u00bb0px||0px||true|false\u00bb custom_padding=\u00bb0px||0px||true|false\u00bb global_colors_info=\u00bb{}\u00bb][et_pb_column type=\u00bb4_4&#8243; _builder_version=\u00bb4.16&#8243; global_colors_info=\u00bb{}\u00bb][et_pb_cta title=\u00bbLlegamos donde otros no pueden\u00bb _builder_version=\u00bb4.16&#8243; header_font=\u00bb|600|||||||\u00bb header_text_color=\u00bb#d3b375&#8243; header_font_size=\u00bb40px\u00bb header_line_height=\u00bb1.1em\u00bb body_text_align=\u00bbcenter\u00bb body_text_color=\u00bb#d3b375&#8243; body_font_size=\u00bb25px\u00bb body_line_height=\u00bb1.5em\u00bb background_color=\u00bb#d3b375&#8243; use_background_color_gradient=\u00bbon\u00bb background_color_gradient_stops=\u00bbrgba(54,63,82,0.4) 0%|rgba(54,63,82,0.4) 100%\u00bb background_color_gradient_overlays_image=\u00bbon\u00bb background_color_gradient_start=\u00bbrgba(54,63,82,0.4)\u00bb background_color_gradient_end=\u00bbrgba(54,63,82,0.4)\u00bb background_image=\u00bbhttp:\/\/temislaw.ch\/wp-content\/uploads\/krzysztof-hepner-TH7TW20de9s-unsplash_2560x1562.jpg\u00bb background_position=\u00bbbottom_center\u00bb custom_padding=\u00bb20vh||20vh||true|false\u00bb global_colors_info=\u00bb{}\u00bb]<\/p>\n<p>Barcelona, Madrid, Islas Baleares, Z\u00fcrich,<br \/> Lisboa, Reino Unido<\/p>\n<p>[\/et_pb_cta][\/et_pb_column][\/et_pb_row][\/et_pb_section][et_pb_section fb_built=\u00bb1&#8243; _builder_version=\u00bb4.16&#8243; custom_padding=\u00bb47px||47px||true|\u00bb global_colors_info=\u00bb{}\u00bb][et_pb_row column_structure=\u00bb1_2,1_2&#8243; _builder_version=\u00bb4.16&#8243; custom_margin=\u00bb|auto|-8px|auto||\u00bb global_colors_info=\u00bb{}\u00bb][et_pb_column type=\u00bb1_2&#8243; _builder_version=\u00bb4.16&#8243; global_colors_info=\u00bb{}\u00bb][et_pb_text _builder_version=\u00bb4.16&#8243; header_2_font_size=\u00bb30px\u00bb header_3_font=\u00bb|800|||||||\u00bb header_3_text_color=\u00bb#d3b375&#8243; header_3_font_size=\u00bb20px\u00bb global_colors_info=\u00bb{}\u00bb]<\/p>\n<h3 style=\"text-align: left;\">OFICINA EN ZURICH<\/h3>\n<p>[\/et_pb_text][et_pb_text _builder_version=\u00bb4.27.4&#8243; text_font=\u00bb|300|||||||\u00bb text_font_size=\u00bb16px\u00bb text_line_height=\u00bb1.6em\u00bb global_colors_info=\u00bb{}\u00bb]<\/p>\n<p>Bellerivestrasse 2<br \/>8008 Zurich, Suiza<\/p>\n<p><a href=\"mailto:hola@temislaw.ch\">hola@temislaw.ch<\/a><\/p>\n<p><a href=\"tel:+41435010495\">+41 (0) 43 501 04 95 <\/a><\/p>\n<p>[\/et_pb_text][et_pb_text _builder_version=\u00bb4.17.4&#8243; header_2_font_size=\u00bb30px\u00bb header_3_font=\u00bb|800|||||||\u00bb header_3_text_color=\u00bb#d3b375&#8243; header_3_font_size=\u00bb20px\u00bb global_colors_info=\u00bb{}\u00bb]<\/p>\n<h3 style=\"text-align: left;\">PR\u00d3XIMAS OFICINAS<\/h3>\n<p>[\/et_pb_text][et_pb_text _builder_version=\u00bb4.16&#8243; text_font=\u00bb|300|||||||\u00bb text_font_size=\u00bb16px\u00bb text_line_height=\u00bb1.6em\u00bb global_colors_info=\u00bb{}\u00bb]<\/p>\n<p>Londres, Madrid, Algarve, Amsterdam<\/p>\n<p>[\/et_pb_text][\/et_pb_column][et_pb_column type=\u00bb1_2&#8243; _builder_version=\u00bb4.16&#8243; global_colors_info=\u00bb{}\u00bb][et_pb_text disabled_on=\u00bbon|on|on\u00bb _builder_version=\u00bb4.27.5&#8243; _module_preset=\u00bbdefault\u00bb hover_enabled=\u00bb0&#8243; global_colors_info=\u00bb{}\u00bb disabled=\u00bbon\u00bb sticky_enabled=\u00bb0&#8243;]<\/p>\n<h3>Les deseamos igualmente Felices Fiestas y un pr\u00f3spero A\u00f1o Nuevo, lleno de salud, alegr\u00eda y nuevos comienzos.<\/h3>\n<p>Nuestro despacho permanecer\u00e1 cerrado por vacaciones del 22\/12\/2025 al 06\/01\/2025.<\/p>\n<p>Durante este per\u00edodo, no podremos atender llamadas ni responder mensajes. Retomaremos nuestra actividad habitual a partir del 07\/01\/2026 y responderemos a todas las consultas lo antes posible.<\/p>\n<p>Gracias por su comprensi\u00f3n.<\/p>\n<p>[\/et_pb_text][et_pb_contact_form email=\u00bbhola@temislaw.ch\u00bb custom_message=\u00bbDATOS DE CONTACTO||et_pb_line_break_holder||||et_pb_line_break_holder||NOMBRE Y APELLIDOS: %%nombre_y_apellidos%%||et_pb_line_break_holder||EMAIL: %%direcci\u00f3n_de_correo_electr\u00f3nico%%||et_pb_line_break_holder||TELEFONO:%%telefono%%||et_pb_line_break_holder||||et_pb_line_break_holder||CONSULTA||et_pb_line_break_holder||||et_pb_line_break_holder||SERVICIO: %%servicios%%||et_pb_line_break_holder||MENSAJE:||et_pb_line_break_holder||%%mensaje%%||et_pb_line_break_holder||||et_pb_line_break_holder||||et_pb_line_break_holder||POL\u00cdTICA DE PRIVACIDAD||et_pb_line_break_holder||%%privacidad%% Pol\u00edtica de Privacidad\u00bb success_message=\u00bbGracias por contactar con el equipo de Temis Law. En breve nos pondremos en contacto contigo para resolver tus dudas.\u00bb submit_button_text=\u00bbEnviar\u00bb _builder_version=\u00bb4.16&#8243; _unique_id=\u00bb10cf6cfc-b40c-482c-bf88-89f0ee7c6a02&#8243; border_color_bottom=\u00bb#363f52&#8243; global_colors_info=\u00bb{}\u00bb border_width_all__hover_enabled=\u00bbon|hover\u00bb border_width_bottom__hover_enabled=\u00bbon|desktop\u00bb][et_pb_contact_field field_id=\u00bbnombre_y_apellidos\u00bb field_title=\u00bbNombre y apellidos\u00bb fullwidth_field=\u00bbon\u00bb _builder_version=\u00bb4.16&#8243; global_colors_info=\u00bb{}\u00bb button_text_size__hover_enabled=\u00bboff\u00bb button_one_text_size__hover_enabled=\u00bboff\u00bb button_two_text_size__hover_enabled=\u00bboff\u00bb button_text_color__hover_enabled=\u00bboff\u00bb button_one_text_color__hover_enabled=\u00bboff\u00bb button_two_text_color__hover_enabled=\u00bboff\u00bb button_border_width__hover_enabled=\u00bboff\u00bb button_one_border_width__hover_enabled=\u00bboff\u00bb button_two_border_width__hover_enabled=\u00bboff\u00bb button_border_color__hover_enabled=\u00bboff\u00bb button_one_border_color__hover_enabled=\u00bboff\u00bb button_two_border_color__hover_enabled=\u00bboff\u00bb button_border_radius__hover_enabled=\u00bboff\u00bb button_one_border_radius__hover_enabled=\u00bboff\u00bb button_two_border_radius__hover_enabled=\u00bboff\u00bb button_letter_spacing__hover_enabled=\u00bboff\u00bb button_one_letter_spacing__hover_enabled=\u00bboff\u00bb button_two_letter_spacing__hover_enabled=\u00bboff\u00bb button_bg_color__hover_enabled=\u00bboff\u00bb button_one_bg_color__hover_enabled=\u00bboff\u00bb button_two_bg_color__hover_enabled=\u00bboff\u00bb border_width_bottom__hover_enabled=\u00bbon|hover\u00bb border_width_bottom__hover=\u00bb2px\u00bb][\/et_pb_contact_field][et_pb_contact_field field_id=\u00bbdirecci\u00f3n_de_correo_electr\u00f3nico\u00bb field_title=\u00bbDirecci\u00f3n de correo electr\u00f3nico\u00bb field_type=\u00bbemail\u00bb fullwidth_field=\u00bbon\u00bb _builder_version=\u00bb4.16&#8243; global_colors_info=\u00bb{}\u00bb button_text_size__hover_enabled=\u00bboff\u00bb button_one_text_size__hover_enabled=\u00bboff\u00bb button_two_text_size__hover_enabled=\u00bboff\u00bb button_text_color__hover_enabled=\u00bboff\u00bb button_one_text_color__hover_enabled=\u00bboff\u00bb button_two_text_color__hover_enabled=\u00bboff\u00bb button_border_width__hover_enabled=\u00bboff\u00bb button_one_border_width__hover_enabled=\u00bboff\u00bb button_two_border_width__hover_enabled=\u00bboff\u00bb button_border_color__hover_enabled=\u00bboff\u00bb button_one_border_color__hover_enabled=\u00bboff\u00bb button_two_border_color__hover_enabled=\u00bboff\u00bb button_border_radius__hover_enabled=\u00bboff\u00bb button_one_border_radius__hover_enabled=\u00bboff\u00bb button_two_border_radius__hover_enabled=\u00bboff\u00bb button_letter_spacing__hover_enabled=\u00bboff\u00bb button_one_letter_spacing__hover_enabled=\u00bboff\u00bb button_two_letter_spacing__hover_enabled=\u00bboff\u00bb button_bg_color__hover_enabled=\u00bboff\u00bb button_one_bg_color__hover_enabled=\u00bboff\u00bb button_two_bg_color__hover_enabled=\u00bboff\u00bb border_width_bottom__hover_enabled=\u00bbon|hover\u00bb border_width_bottom__hover=\u00bb2px\u00bb][\/et_pb_contact_field][et_pb_contact_field field_id=\u00bbtelefono\u00bb field_title=\u00bbTel\u00e9fono\u00bb fullwidth_field=\u00bbon\u00bb _builder_version=\u00bb4.16&#8243; global_colors_info=\u00bb{}\u00bb border_width_bottom__hover_enabled=\u00bbon|hover\u00bb border_width_bottom__hover=\u00bb2px\u00bb][\/et_pb_contact_field][et_pb_contact_field field_id=\u00bbservicios\u00bb field_title=\u00bbServicios\u00bb field_type=\u00bbselect\u00bb select_options=\u00bb%91{%22value%22:%22Particulares espa\u00f1oles residentes en Suiza%22,%22checked%22:0,%22dragID%22:-1},{%22value%22:%22Suizos y Expats con intereses en Espa\u00f1a%22,%22checked%22:0,%22dragID%22:0},{%22value%22:%22Empresas con v\u00ednculos Espa\u00f1a-Suiza%22,%22checked%22:0,%22dragID%22:1},{%22value%22:%22Patrimonio e inversiones%22,%22checked%22:0,%22dragID%22:2}%93&#8243; fullwidth_field=\u00bbon\u00bb _builder_version=\u00bb4.16&#8243; global_colors_info=\u00bb{}\u00bb border_width_bottom__hover_enabled=\u00bbon|hover\u00bb border_width_bottom__hover=\u00bb2px\u00bb][\/et_pb_contact_field][et_pb_contact_field field_id=\u00bbmensaje\u00bb field_title=\u00bbMensaje\u00bb field_type=\u00bbtext\u00bb fullwidth_field=\u00bbon\u00bb _builder_version=\u00bb4.16&#8243; global_colors_info=\u00bb{}\u00bb button_text_size__hover_enabled=\u00bboff\u00bb button_one_text_size__hover_enabled=\u00bboff\u00bb button_two_text_size__hover_enabled=\u00bboff\u00bb button_text_color__hover_enabled=\u00bboff\u00bb button_one_text_color__hover_enabled=\u00bboff\u00bb button_two_text_color__hover_enabled=\u00bboff\u00bb button_border_width__hover_enabled=\u00bboff\u00bb button_one_border_width__hover_enabled=\u00bboff\u00bb button_two_border_width__hover_enabled=\u00bboff\u00bb button_border_color__hover_enabled=\u00bboff\u00bb button_one_border_color__hover_enabled=\u00bboff\u00bb button_two_border_color__hover_enabled=\u00bboff\u00bb button_border_radius__hover_enabled=\u00bboff\u00bb button_one_border_radius__hover_enabled=\u00bboff\u00bb button_two_border_radius__hover_enabled=\u00bboff\u00bb button_letter_spacing__hover_enabled=\u00bboff\u00bb button_one_letter_spacing__hover_enabled=\u00bboff\u00bb button_two_letter_spacing__hover_enabled=\u00bboff\u00bb button_bg_color__hover_enabled=\u00bboff\u00bb button_one_bg_color__hover_enabled=\u00bboff\u00bb button_two_bg_color__hover_enabled=\u00bboff\u00bb border_width_bottom__hover_enabled=\u00bbon|hover\u00bb border_width_bottom__hover=\u00bb2px\u00bb][\/et_pb_contact_field][et_pb_contact_field field_id=\u00bbprivacidad\u00bb field_title=\u00bb \u00bb field_type=\u00bbcheckbox\u00bb checkbox_options=\u00bb%91{%22value%22:%22Acepto la %22,%22checked%22:0,%22dragID%22:-1,%22link_url%22:%22http:\/\/temislaw.ch\/es\/politica-privacidad%22,%22link_text%22:%22Pol\u00edtica de Privacidad%22}%93&#8243; fullwidth_field=\u00bbon\u00bb _builder_version=\u00bb4.16&#8243; global_colors_info=\u00bb{}\u00bb][\/et_pb_contact_field][\/et_pb_contact_form][\/et_pb_column][\/et_pb_row][\/et_pb_section][et_pb_section fb_built=\u00bb1&#8243; _builder_version=\u00bb4.16&#8243; custom_padding=\u00bb0px||0px||true|\u00bb global_colors_info=\u00bb{}\u00bb][et_pb_row use_custom_gutter=\u00bbon\u00bb gutter_width=\u00bb1&#8243; _builder_version=\u00bb4.27.4&#8243; width=\u00bb100%\u00bb max_width=\u00bb2560px\u00bb custom_margin=\u00bb3px|auto||auto||\u00bb custom_padding=\u00bb0px||0px||true|\u00bb global_colors_info=\u00bb{}\u00bb][et_pb_column type=\u00bb4_4&#8243; _builder_version=\u00bb4.17.4&#8243; custom_padding=\u00bb0px||0px||true|false\u00bb border_width_all=\u00bb2px\u00bb border_color_all=\u00bb#D3B375&#8243; global_colors_info=\u00bb{}\u00bb][et_pb_text _builder_version=\u00bb4.27.4&#8243; custom_margin=\u00bb0px||0px||true|false\u00bb custom_padding=\u00bb0px||0px||true|false\u00bb global_colors_info=\u00bb{}\u00bb]<iframe src=\"https:\/\/www.google.com\/maps\/embed?pb=!1m18!1m12!1m3!1d5405.266369392926!2d8.54340229990604!3d47.36055909370777!2m3!1f0!2f0!3f0!3m2!1i1024!2i768!4f13.1!3m3!1m2!1s0x479aa7518183b717%3A0x490f5d5b91fcc8f4!2sBellerivestrasse%202%2C%208008%20Z%C3%BCrich%2C%20Suiza!5e0!3m2!1ses!2ses!4v1738001416851!5m2!1ses!2ses\" width=\"2560\" height=\"500\" style=\"border: 0;\" allowfullscreen=\"\" loading=\"lazy\" referrerpolicy=\"no-referrer-when-downgrade\"><\/iframe>[\/et_pb_text][\/et_pb_column][\/et_pb_row][\/et_pb_section]<\/p>\n","protected":false},"excerpt":{"rendered":"<p>Barcelona, Madrid, Islas Baleares, Z\u00fcrich, Lisboa, Reino UnidoOFICINA EN ZURICHBellerivestrasse 28008 Zurich, Suiza hola@temislaw.ch +41 (0) 43 501 04 95 PR\u00d3XIMAS OFICINASLondres, Madrid, Algarve, AmsterdamLes deseamos igualmente Felices Fiestas y un pr\u00f3spero A\u00f1o Nuevo, lleno de salud, alegr\u00eda y nuevos comienzos. Nuestro despacho permanecer\u00e1 cerrado por vacaciones del 22\/12\/2025 al 06\/01\/2025. Durante este per\u00edodo, no [&hellip;]<\/p>\n","protected":false},"author":1,"featured_media":0,"parent":0,"menu_order":5,"comment_status":"closed","ping_status":"closed","template":"","meta":{"_et_pb_use_builder":"on","_et_pb_old_content":"","_et_gb_content_width":"","footnotes":""},"class_list":["post-114","page","type-page","status-publish","hentry"],"yoast_head":"<!-- This site is optimized with the Yoast SEO plugin v27.3 - https:\/\/yoast.com\/product\/yoast-seo-wordpress\/ -->\n<title>Contacto - Temis Law<\/title>\n<meta name=\"description\" content=\"Llegamos donde otros no pueden: Tenemos oficinas en Z\u00fcrich, Barcelona, Madrid y Islas Baleares. Proximamente abrimeros en Lisboa, Paises Bajos y Reino Unido.\" \/>\n<meta name=\"robots\" content=\"index, follow, max-snippet:-1, max-image-preview:large, max-video-preview:-1\" \/>\n<link rel=\"canonical\" href=\"https:\/\/temislaw.ch\/es\/contacto\/\" \/>\n<meta property=\"og:locale\" content=\"es_ES\" \/>\n<meta property=\"og:type\" content=\"article\" \/>\n<meta property=\"og:title\" content=\"Contacto - Temis Law\" \/>\n<meta property=\"og:description\" content=\"Llegamos donde otros no pueden: Tenemos oficinas en Z\u00fcrich, Barcelona, Madrid y Islas Baleares. Proximamente abrimeros en Lisboa, Paises Bajos y Reino Unido.\" \/>\n<meta property=\"og:url\" content=\"https:\/\/temislaw.ch\/es\/contacto\/\" \/>\n<meta property=\"og:site_name\" content=\"Temis Law\" \/>\n<meta property=\"article:modified_time\" content=\"2026-01-17T11:17:02+00:00\" \/>\n<meta name=\"twitter:card\" content=\"summary_large_image\" \/>\n<meta name=\"twitter:label1\" content=\"Tiempo de lectura\" \/>\n\t<meta name=\"twitter:data1\" content=\"1 minuto\" \/>\n<script type=\"application\/ld+json\" class=\"yoast-schema-graph\">{\"@context\":\"https:\\\/\\\/schema.org\",\"@graph\":[{\"@type\":\"WebPage\",\"@id\":\"https:\\\/\\\/temislaw.ch\\\/es\\\/contacto\\\/\",\"url\":\"https:\\\/\\\/temislaw.ch\\\/es\\\/contacto\\\/\",\"name\":\"Contacto - Temis Law\",\"isPartOf\":{\"@id\":\"https:\\\/\\\/temislaw.ch\\\/es\\\/#website\"},\"datePublished\":\"2020-02-22T16:35:27+00:00\",\"dateModified\":\"2026-01-17T11:17:02+00:00\",\"description\":\"Llegamos donde otros no pueden: Tenemos oficinas en Z\u00fcrich, Barcelona, Madrid y Islas Baleares. Proximamente abrimeros en Lisboa, Paises Bajos y Reino Unido.\",\"breadcrumb\":{\"@id\":\"https:\\\/\\\/temislaw.ch\\\/es\\\/contacto\\\/#breadcrumb\"},\"inLanguage\":\"es\",\"potentialAction\":[{\"@type\":\"ReadAction\",\"target\":[\"https:\\\/\\\/temislaw.ch\\\/es\\\/contacto\\\/\"]}]},{\"@type\":\"BreadcrumbList\",\"@id\":\"https:\\\/\\\/temislaw.ch\\\/es\\\/contacto\\\/#breadcrumb\",\"itemListElement\":[{\"@type\":\"ListItem\",\"position\":1,\"name\":\"Home\",\"item\":\"https:\\\/\\\/temislaw.ch\\\/es\\\/\"},{\"@type\":\"ListItem\",\"position\":2,\"name\":\"Contacto\"}]},{\"@type\":\"WebSite\",\"@id\":\"https:\\\/\\\/temislaw.ch\\\/es\\\/#website\",\"url\":\"https:\\\/\\\/temislaw.ch\\\/es\\\/\",\"name\":\"Temis Law\",\"description\":\"Abogados y asesores fiscales en Z\u00fcrich\",\"publisher\":{\"@id\":\"https:\\\/\\\/temislaw.ch\\\/es\\\/#organization\"},\"potentialAction\":[{\"@type\":\"SearchAction\",\"target\":{\"@type\":\"EntryPoint\",\"urlTemplate\":\"https:\\\/\\\/temislaw.ch\\\/es\\\/?s={search_term_string}\"},\"query-input\":{\"@type\":\"PropertyValueSpecification\",\"valueRequired\":true,\"valueName\":\"search_term_string\"}}],\"inLanguage\":\"es\"},{\"@type\":\"Organization\",\"@id\":\"https:\\\/\\\/temislaw.ch\\\/es\\\/#organization\",\"name\":\"Temis Law\",\"url\":\"https:\\\/\\\/temislaw.ch\\\/es\\\/\",\"logo\":{\"@type\":\"ImageObject\",\"inLanguage\":\"es\",\"@id\":\"https:\\\/\\\/temislaw.ch\\\/es\\\/#\\\/schema\\\/logo\\\/image\\\/\",\"url\":\"http:\\\/\\\/temislaw.ch\\\/wp-content\\\/uploads\\\/TemisLaw_color.png\",\"contentUrl\":\"http:\\\/\\\/temislaw.ch\\\/wp-content\\\/uploads\\\/TemisLaw_color.png\",\"width\":1920,\"height\":450,\"caption\":\"Temis Law\"},\"image\":{\"@id\":\"https:\\\/\\\/temislaw.ch\\\/es\\\/#\\\/schema\\\/logo\\\/image\\\/\"},\"sameAs\":[\"https:\\\/\\\/es.linkedin.com\\\/company\\\/temis-law-international-lawyers\"]}]}<\/script>\n<!-- \/ Yoast SEO plugin. -->","yoast_head_json":{"title":"Contacto - Temis Law","description":"Llegamos donde otros no pueden: Tenemos oficinas en Z\u00fcrich, Barcelona, Madrid y Islas Baleares. Proximamente abrimeros en Lisboa, Paises Bajos y Reino Unido.","robots":{"index":"index","follow":"follow","max-snippet":"max-snippet:-1","max-image-preview":"max-image-preview:large","max-video-preview":"max-video-preview:-1"},"canonical":"https:\/\/temislaw.ch\/es\/contacto\/","og_locale":"es_ES","og_type":"article","og_title":"Contacto - Temis Law","og_description":"Llegamos donde otros no pueden: Tenemos oficinas en Z\u00fcrich, Barcelona, Madrid y Islas Baleares. Proximamente abrimeros en Lisboa, Paises Bajos y Reino Unido.","og_url":"https:\/\/temislaw.ch\/es\/contacto\/","og_site_name":"Temis Law","article_modified_time":"2026-01-17T11:17:02+00:00","twitter_card":"summary_large_image","twitter_misc":{"Tiempo de lectura":"1 minuto"},"schema":{"@context":"https:\/\/schema.org","@graph":[{"@type":"WebPage","@id":"https:\/\/temislaw.ch\/es\/contacto\/","url":"https:\/\/temislaw.ch\/es\/contacto\/","name":"Contacto - Temis Law","isPartOf":{"@id":"https:\/\/temislaw.ch\/es\/#website"},"datePublished":"2020-02-22T16:35:27+00:00","dateModified":"2026-01-17T11:17:02+00:00","description":"Llegamos donde otros no pueden: Tenemos oficinas en Z\u00fcrich, Barcelona, Madrid y Islas Baleares. Proximamente abrimeros en Lisboa, Paises Bajos y Reino Unido.","breadcrumb":{"@id":"https:\/\/temislaw.ch\/es\/contacto\/#breadcrumb"},"inLanguage":"es","potentialAction":[{"@type":"ReadAction","target":["https:\/\/temislaw.ch\/es\/contacto\/"]}]},{"@type":"BreadcrumbList","@id":"https:\/\/temislaw.ch\/es\/contacto\/#breadcrumb","itemListElement":[{"@type":"ListItem","position":1,"name":"Home","item":"https:\/\/temislaw.ch\/es\/"},{"@type":"ListItem","position":2,"name":"Contacto"}]},{"@type":"WebSite","@id":"https:\/\/temislaw.ch\/es\/#website","url":"https:\/\/temislaw.ch\/es\/","name":"Temis Law","description":"Abogados y asesores fiscales en Z\u00fcrich","publisher":{"@id":"https:\/\/temislaw.ch\/es\/#organization"},"potentialAction":[{"@type":"SearchAction","target":{"@type":"EntryPoint","urlTemplate":"https:\/\/temislaw.ch\/es\/?s={search_term_string}"},"query-input":{"@type":"PropertyValueSpecification","valueRequired":true,"valueName":"search_term_string"}}],"inLanguage":"es"},{"@type":"Organization","@id":"https:\/\/temislaw.ch\/es\/#organization","name":"Temis Law","url":"https:\/\/temislaw.ch\/es\/","logo":{"@type":"ImageObject","inLanguage":"es","@id":"https:\/\/temislaw.ch\/es\/#\/schema\/logo\/image\/","url":"http:\/\/temislaw.ch\/wp-content\/uploads\/TemisLaw_color.png","contentUrl":"http:\/\/temislaw.ch\/wp-content\/uploads\/TemisLaw_color.png","width":1920,"height":450,"caption":"Temis Law"},"image":{"@id":"https:\/\/temislaw.ch\/es\/#\/schema\/logo\/image\/"},"sameAs":["https:\/\/es.linkedin.com\/company\/temis-law-international-lawyers"]}]}},"_links":{"self":[{"href":"https:\/\/temislaw.ch\/es\/wp-json\/wp\/v2\/pages\/114","targetHints":{"allow":["GET"]}}],"collection":[{"href":"https:\/\/temislaw.ch\/es\/wp-json\/wp\/v2\/pages"}],"about":[{"href":"https:\/\/temislaw.ch\/es\/wp-json\/wp\/v2\/types\/page"}],"author":[{"embeddable":true,"href":"https:\/\/temislaw.ch\/es\/wp-json\/wp\/v2\/users\/1"}],"replies":[{"embeddable":true,"href":"https:\/\/temislaw.ch\/es\/wp-json\/wp\/v2\/comments?post=114"}],"version-history":[{"count":5,"href":"https:\/\/temislaw.ch\/es\/wp-json\/wp\/v2\/pages\/114\/revisions"}],"predecessor-version":[{"id":1857,"href":"https:\/\/temislaw.ch\/es\/wp-json\/wp\/v2\/pages\/114\/revisions\/1857"}],"wp:attachment":[{"href":"https:\/\/temislaw.ch\/es\/wp-json\/wp\/v2\/media?parent=114"}],"curies":[{"name":"wp","href":"https:\/\/api.w.org\/{rel}","templated":true}]}}